{"id":34662,"date":"2022-07-11T13:21:10","date_gmt":"2022-07-11T10:21:10","guid":{"rendered":"https:\/\/editura-unibuc.ro\/?post_type=product&#038;p=34662"},"modified":"2023-11-27T10:00:39","modified_gmt":"2023-11-27T08:00:39","slug":"bulletin-mathematique-tome-65-113-no-2-2022","status":"publish","type":"product","link":"https:\/\/editura-unibuc.ro\/en\/bulletin-mathematique-tome-65-113-no-2-2022\/","title":{"rendered":"BULLETIN MATH\u00c9MATIQUE, TOME 65 (113) NO. 2, 2022"},"content":{"rendered":"<p>Bulletin math\u00e9matique de la Soci\u00e9t\u00e9 des sciences math\u00e9matiques de Roumanie, nouvelle s\u00e9rie<\/p>\n","protected":false},"excerpt":{"rendered":"<p>Bulletin math\u00e9matique de la Soci\u00e9t\u00e9 des sciences math\u00e9matiques de Roumanie, nouvelle s\u00e9rie<\/p>\n","protected":false},"featured_media":34663,"comment_status":"open","ping_status":"closed","template":"","meta":[],"product_brand":[],"product_cat":[3939,1469,1893,982,986],"product_tag":[897,898,2445],"class_list":{"0":"post-34662","1":"product","2":"type-product","3":"status-publish","4":"has-post-thumbnail","6":"product_cat-bulletin-mathematique","7":"product_cat-periodice","8":"product_cat-reviste-academice","9":"product_cat-stiinte-exacte","10":"product_cat-matematica","11":"product_tag-algebra","12":"product_tag-matematica","13":"product_tag-polynomials","15":"first","16":"outofstock","17":"shipping-taxable","18":"product-type-simple"},"_links":{"self":[{"href":"https:\/\/editura-unibuc.ro\/en\/wp-json\/wp\/v2\/product\/34662","targetHints":{"allow":["GET"]}}],"collection":[{"href":"https:\/\/editura-unibuc.ro\/en\/wp-json\/wp\/v2\/product"}],"about":[{"href":"https:\/\/editura-unibuc.ro\/en\/wp-json\/wp\/v2\/types\/product"}],"replies":[{"embeddable":true,"href":"https:\/\/editura-unibuc.ro\/en\/wp-json\/wp\/v2\/comments?post=34662"}],"wp:featuredmedia":[{"embeddable":true,"href":"https:\/\/editura-unibuc.ro\/en\/wp-json\/wp\/v2\/media\/34663"}],"wp:attachment":[{"href":"https:\/\/editura-unibuc.ro\/en\/wp-json\/wp\/v2\/media?parent=34662"}],"wp:term":[{"taxonomy":"product_brand","embeddable":true,"href":"https:\/\/editura-unibuc.ro\/en\/wp-json\/wp\/v2\/product_brand?post=34662"},{"taxonomy":"product_cat","embeddable":true,"href":"https:\/\/editura-unibuc.ro\/en\/wp-json\/wp\/v2\/product_cat?post=34662"},{"taxonomy":"product_tag","embeddable":true,"href":"https:\/\/editura-unibuc.ro\/en\/wp-json\/wp\/v2\/product_tag?post=34662"}],"curies":[{"name":"wp","href":"https:\/\/api.w.org\/{rel}","templated":true}]}}