{"id":34668,"date":"2022-07-11T13:22:47","date_gmt":"2022-07-11T10:22:47","guid":{"rendered":"https:\/\/editura-unibuc.ro\/?post_type=product&#038;p=34668"},"modified":"2025-05-13T10:22:29","modified_gmt":"2025-05-13T07:22:29","slug":"studii-in-hermeneutica-pre-judicativa-si-meontologie-volumul-6","status":"publish","type":"product","link":"https:\/\/editura-unibuc.ro\/en\/studii-in-hermeneutica-pre-judicativa-si-meontologie-volumul-6\/","title":{"rendered":"STUDII \u00ceN HERMENEUTICA PRE-JUDICATIV\u0102 \u015eI MEONTOLOGIE. VOLUMUL 6"},"content":{"rendered":"<p><\/p>\n<hr \/>\n<p><strong><a href=\"https:\/\/books.google.ro\/books\/about?id=mJmFEAAAQBAJ&#038;redir_esc=y\" target=\"_blank\" rel=\"noopener\"><img decoding=\"async\" src=\"https:\/\/editura-unibuc.ro\/wp-content\/uploads\/2025\/04\/goo.png\" \/>Google Books<\/a><\/strong><br \/>&nbsp;<\/p>\n<hr \/>\n<p>\u00cen studiile acestui volum, ca \u0219i \u00een volumele anterioare, se afl\u0103  puncte de vedere, inten\u021bii \u0219i planuri de lucru, c\u0103utari ale unor r\u0103spunsuri, tehnici de lucru angajate \u00een investigarea unor probleme, contribu\u021bii la diferite proiecte de cercetare apar\u021bin\u00e2nd  unor cercet\u0103tori din mediul academic rom\u00e2nesc \u0219i unor doctoranzi \u00een filosofie ai Universit\u0103\u021bii din Bucure\u0219ti, toate av\u00e2nd o leg\u0103tur\u0103 direct\u0103 cu tematica pre-judicativului.<\/p>","protected":false},"excerpt":{"rendered":"<p>Google Books&nbsp; \u00cen studiile acestui volum, ca \u0219i \u00een volumele anterioare, se afl\u0103 puncte de vedere, inten\u021bii \u0219i planuri de lucru, c\u0103utari ale unor r\u0103spunsuri, tehnici de lucru angajate \u00een investigarea unor probleme, contribu\u021bii la diferite proiecte de cercetare apar\u021bin\u00e2nd unor cercet\u0103tori din mediul academic rom\u00e2nesc \u0219i unor doctoranzi \u00een filosofie ai Universit\u0103\u021bii din Bucure\u0219ti, [&hellip;]<\/p>\n","protected":false},"featured_media":34664,"comment_status":"open","ping_status":"closed","template":"","meta":[],"product_brand":[],"product_cat":[3823,1531,991,994],"product_tag":[3871,3870,3869],"class_list":{"0":"post-34668","1":"product","2":"type-product","3":"status-publish","4":"has-post-thumbnail","6":"product_cat-stiinte-umane","7":"product_cat-colectii","8":"product_cat-stiinte-sociale","9":"product_cat-filosofie","10":"product_tag-consultatie-filosofica","11":"product_tag-pre-judecare","12":"product_tag-sublimul-matematic","14":"first","15":"instock","16":"shipping-taxable","17":"purchasable","18":"product-type-simple"},"_links":{"self":[{"href":"https:\/\/editura-unibuc.ro\/en\/wp-json\/wp\/v2\/product\/34668","targetHints":{"allow":["GET"]}}],"collection":[{"href":"https:\/\/editura-unibuc.ro\/en\/wp-json\/wp\/v2\/product"}],"about":[{"href":"https:\/\/editura-unibuc.ro\/en\/wp-json\/wp\/v2\/types\/product"}],"replies":[{"embeddable":true,"href":"https:\/\/editura-unibuc.ro\/en\/wp-json\/wp\/v2\/comments?post=34668"}],"wp:featuredmedia":[{"embeddable":true,"href":"https:\/\/editura-unibuc.ro\/en\/wp-json\/wp\/v2\/media\/34664"}],"wp:attachment":[{"href":"https:\/\/editura-unibuc.ro\/en\/wp-json\/wp\/v2\/media?parent=34668"}],"wp:term":[{"taxonomy":"product_brand","embeddable":true,"href":"https:\/\/editura-unibuc.ro\/en\/wp-json\/wp\/v2\/product_brand?post=34668"},{"taxonomy":"product_cat","embeddable":true,"href":"https:\/\/editura-unibuc.ro\/en\/wp-json\/wp\/v2\/product_cat?post=34668"},{"taxonomy":"product_tag","embeddable":true,"href":"https:\/\/editura-unibuc.ro\/en\/wp-json\/wp\/v2\/product_tag?post=34668"}],"curies":[{"name":"wp","href":"https:\/\/api.w.org\/{rel}","templated":true}]}}