{"id":34669,"date":"2022-07-11T13:24:15","date_gmt":"2022-07-11T10:24:15","guid":{"rendered":"https:\/\/editura-unibuc.ro\/?post_type=product&#038;p=34669"},"modified":"2025-05-13T09:12:08","modified_gmt":"2025-05-13T06:12:08","slug":"repere-ale-comicului-romanesc-in-revistele-satirico-umoristice-din-perioada-interbelica","status":"publish","type":"product","link":"https:\/\/editura-unibuc.ro\/en\/repere-ale-comicului-romanesc-in-revistele-satirico-umoristice-din-perioada-interbelica\/","title":{"rendered":"REPERE ALE COMICULUI ROM\u00c2NESC \u00ceN REVISTELE SATIRICO-UMORISTICE DIN PERIOADA INTERBELIC\u0102"},"content":{"rendered":"<hr \/>\n<p><strong><a href=\"https:\/\/books.google.ro\/books\/about?id=6piFEAAAQBAJ&#038;redir_esc=y\" target=\"_blank\" rel=\"noopener\"><img decoding=\"async\" src=\"https:\/\/editura-unibuc.ro\/wp-content\/uploads\/2025\/04\/goo.png\" \/>Google Books<\/a><\/strong><br \/>&nbsp;<\/p>\n<hr \/>\n<p>\u201eLucrarea de fa\u021b\u0103 nu este doar o contribu\u021bie veritabil\u0103 la cunoa\u0219terea publica\u021biilor satirico-unoristice din perioada interbelic\u0103, ci \u0219i o \u00eencercare-reu\u0219it\u0103-de aprofundare \u0219i limpezire a tezelor referitoare la conceptele de umor \u0219i comic\u201d. Prof. Univ. Dr. Eugen Negrici<\/p>\n","protected":false},"excerpt":{"rendered":"<p>Google Books&nbsp; \u201eLucrarea de fa\u021b\u0103 nu este doar o contribu\u021bie veritabil\u0103 la cunoa\u0219terea publica\u021biilor satirico-unoristice din perioada interbelic\u0103, ci \u0219i o \u00eencercare-reu\u0219it\u0103-de aprofundare \u0219i limpezire a tezelor referitoare la conceptele de umor \u0219i comic\u201d. Prof. Univ. Dr. Eugen Negrici<\/p>\n","protected":false},"featured_media":34665,"comment_status":"open","ping_status":"closed","template":"","meta":[],"product_brand":[],"product_cat":[3823,1531,1464,979],"product_tag":[3873,3872,2459],"class_list":{"0":"post-34669","1":"product","2":"type-product","3":"status-publish","4":"has-post-thumbnail","6":"product_cat-stiinte-umane","7":"product_cat-colectii","8":"product_cat-filologie","9":"product_cat-limba-romana","10":"product_tag-comicul","11":"product_tag-istoria-presei","12":"product_tag-perioada-interbelica","14":"first","15":"instock","16":"shipping-taxable","17":"purchasable","18":"product-type-simple"},"_links":{"self":[{"href":"https:\/\/editura-unibuc.ro\/en\/wp-json\/wp\/v2\/product\/34669","targetHints":{"allow":["GET"]}}],"collection":[{"href":"https:\/\/editura-unibuc.ro\/en\/wp-json\/wp\/v2\/product"}],"about":[{"href":"https:\/\/editura-unibuc.ro\/en\/wp-json\/wp\/v2\/types\/product"}],"replies":[{"embeddable":true,"href":"https:\/\/editura-unibuc.ro\/en\/wp-json\/wp\/v2\/comments?post=34669"}],"wp:featuredmedia":[{"embeddable":true,"href":"https:\/\/editura-unibuc.ro\/en\/wp-json\/wp\/v2\/media\/34665"}],"wp:attachment":[{"href":"https:\/\/editura-unibuc.ro\/en\/wp-json\/wp\/v2\/media?parent=34669"}],"wp:term":[{"taxonomy":"product_brand","embeddable":true,"href":"https:\/\/editura-unibuc.ro\/en\/wp-json\/wp\/v2\/product_brand?post=34669"},{"taxonomy":"product_cat","embeddable":true,"href":"https:\/\/editura-unibuc.ro\/en\/wp-json\/wp\/v2\/product_cat?post=34669"},{"taxonomy":"product_tag","embeddable":true,"href":"https:\/\/editura-unibuc.ro\/en\/wp-json\/wp\/v2\/product_tag?post=34669"}],"curies":[{"name":"wp","href":"https:\/\/api.w.org\/{rel}","templated":true}]}}