{"id":34670,"date":"2022-07-11T13:25:48","date_gmt":"2022-07-11T10:25:48","guid":{"rendered":"https:\/\/editura-unibuc.ro\/?post_type=product&#038;p=34670"},"modified":"2025-05-13T11:08:34","modified_gmt":"2025-05-13T08:08:34","slug":"turk-halk-edebiyatinin-kasifi-ignac-kunos-hayati-ve-eserleri","status":"publish","type":"product","link":"https:\/\/editura-unibuc.ro\/en\/turk-halk-edebiyatinin-kasifi-ignac-kunos-hayati-ve-eserleri\/","title":{"rendered":"T\u00dcRK HALK EDEBIYATI\u2019NIN K\u00c2\u015eIFI IGN\u00c1C K\u00daNOS (HAYATI VE ESERLERI)"},"content":{"rendered":"<hr \/>\n<p><strong><a href=\"https:\/\/books.google.ro\/books\/about?id=jpyFEAAAQBAJ&#038;redir_esc=y\" target=\"_blank\" rel=\"noopener\"><img decoding=\"async\" src=\"https:\/\/editura-unibuc.ro\/wp-content\/uploads\/2025\/04\/goo.png\" \/>Google Books<\/a><\/strong><br \/>&nbsp;<\/p>\n<hr \/>\n<p>Thanks to Ign\u00e1c K\u00fanos and others, the Turkish folklore became part of the national culture of the modern Turkish society. Besides this, K\u00fanos managed to demonstrate the existence of Turkish folk literature to those European Orientalists who had doubts about this, and made possible the birth of the Ottoman ethnographic studies.<\/p>\n","protected":false},"excerpt":{"rendered":"<p>Google Books&nbsp; Thanks to Ign\u00e1c K\u00fanos and others, the Turkish folklore became part of the national culture of the modern Turkish society. Besides this, K\u00fanos managed to demonstrate the existence of Turkish folk literature to those European Orientalists who had doubts about this, and made possible the birth of the Ottoman ethnographic studies.<\/p>\n","protected":false},"featured_media":34666,"comment_status":"open","ping_status":"closed","template":"","meta":[],"product_brand":[],"product_cat":[3823,1531,1464,980],"product_tag":[],"class_list":{"0":"post-34670","1":"product","2":"type-product","3":"status-publish","4":"has-post-thumbnail","6":"product_cat-stiinte-umane","7":"product_cat-colectii","8":"product_cat-filologie","9":"product_cat-limbi-romanice-clasice-si-orientale","11":"first","12":"instock","13":"shipping-taxable","14":"purchasable","15":"product-type-simple"},"_links":{"self":[{"href":"https:\/\/editura-unibuc.ro\/en\/wp-json\/wp\/v2\/product\/34670","targetHints":{"allow":["GET"]}}],"collection":[{"href":"https:\/\/editura-unibuc.ro\/en\/wp-json\/wp\/v2\/product"}],"about":[{"href":"https:\/\/editura-unibuc.ro\/en\/wp-json\/wp\/v2\/types\/product"}],"replies":[{"embeddable":true,"href":"https:\/\/editura-unibuc.ro\/en\/wp-json\/wp\/v2\/comments?post=34670"}],"wp:featuredmedia":[{"embeddable":true,"href":"https:\/\/editura-unibuc.ro\/en\/wp-json\/wp\/v2\/media\/34666"}],"wp:attachment":[{"href":"https:\/\/editura-unibuc.ro\/en\/wp-json\/wp\/v2\/media?parent=34670"}],"wp:term":[{"taxonomy":"product_brand","embeddable":true,"href":"https:\/\/editura-unibuc.ro\/en\/wp-json\/wp\/v2\/product_brand?post=34670"},{"taxonomy":"product_cat","embeddable":true,"href":"https:\/\/editura-unibuc.ro\/en\/wp-json\/wp\/v2\/product_cat?post=34670"},{"taxonomy":"product_tag","embeddable":true,"href":"https:\/\/editura-unibuc.ro\/en\/wp-json\/wp\/v2\/product_tag?post=34670"}],"curies":[{"name":"wp","href":"https:\/\/api.w.org\/{rel}","templated":true}]}}