{"id":3468,"date":"2012-11-08T13:39:47","date_gmt":"2012-11-08T10:39:47","guid":{"rendered":"https:\/\/editura-unibuc.ro\/?p=3468"},"modified":"2024-04-11T11:04:17","modified_gmt":"2024-04-11T08:04:17","slug":"lipozomii-modele-de-biomembrane","status":"publish","type":"product","link":"https:\/\/editura-unibuc.ro\/en\/lipozomii-modele-de-biomembrane\/","title":{"rendered":"LIPOSOMES. BIOMEMBRANE MODELS"},"content":{"rendered":"<p>Prezentul volum r\u0103spunde necesit\u0103\u021bii de ob\u021binere rapid\u0103 a unei informa\u021bii accesibile, \u00een limba rom\u00e2n\u0103, pentru cei care doresc s\u0103 utilizeze lipozomii \u00een studii cu caracter fundamental \u0219i interdisciplinar sau \u00een vederea unor aplica\u021bii practice. \u00cen partea I a manualului sunt prezentate caracteristioci structurale \u0219i biochimice, propriet\u0103\u021bi fizice clasific\u0103ri generale ale lipozomilor, precum \u0219i metode experimentale utilizate. Partea a doua cuprinde protocoale experimentale, unele prezentate \u00een detaliu, \u0219i mai multe aplica\u021bii.<\/p>\n","protected":false},"excerpt":{"rendered":"<p>Prezentul volum r\u0103spunde necesit\u0103\u021bii de ob\u021binere rapid\u0103 a unei informa\u021bii accesibile, \u00een limba rom\u00e2n\u0103, pentru cei care doresc s\u0103 utilizeze lipozomii \u00een studii cu caracter fundamental \u0219i interdisciplinar sau \u00een vederea unor aplica\u021bii practice. \u00cen partea I a manualului sunt prezentate caracteristioci structurale \u0219i biochimice, propriet\u0103\u021bi fizice clasific\u0103ri generale ale lipozomilor, precum \u0219i metode experimentale [&hellip;]<\/p>\n","protected":false},"featured_media":10158,"comment_status":"open","ping_status":"closed","template":"","meta":[],"product_brand":[],"product_cat":[1466,988],"product_tag":[904],"class_list":{"0":"post-3468","1":"product","2":"type-product","3":"status-publish","4":"has-post-thumbnail","6":"product_cat-stiinte-ale-naturii","7":"product_cat-biologie","8":"product_tag-biologie","10":"first","11":"instock","12":"shipping-taxable","13":"purchasable","14":"product-type-simple"},"_links":{"self":[{"href":"https:\/\/editura-unibuc.ro\/en\/wp-json\/wp\/v2\/product\/3468","targetHints":{"allow":["GET"]}}],"collection":[{"href":"https:\/\/editura-unibuc.ro\/en\/wp-json\/wp\/v2\/product"}],"about":[{"href":"https:\/\/editura-unibuc.ro\/en\/wp-json\/wp\/v2\/types\/product"}],"replies":[{"embeddable":true,"href":"https:\/\/editura-unibuc.ro\/en\/wp-json\/wp\/v2\/comments?post=3468"}],"wp:featuredmedia":[{"embeddable":true,"href":"https:\/\/editura-unibuc.ro\/en\/wp-json\/wp\/v2\/media\/10158"}],"wp:attachment":[{"href":"https:\/\/editura-unibuc.ro\/en\/wp-json\/wp\/v2\/media?parent=3468"}],"wp:term":[{"taxonomy":"product_brand","embeddable":true,"href":"https:\/\/editura-unibuc.ro\/en\/wp-json\/wp\/v2\/product_brand?post=3468"},{"taxonomy":"product_cat","embeddable":true,"href":"https:\/\/editura-unibuc.ro\/en\/wp-json\/wp\/v2\/product_cat?post=3468"},{"taxonomy":"product_tag","embeddable":true,"href":"https:\/\/editura-unibuc.ro\/en\/wp-json\/wp\/v2\/product_tag?post=3468"}],"curies":[{"name":"wp","href":"https:\/\/api.w.org\/{rel}","templated":true}]}}