{"id":3472,"date":"2012-11-08T13:56:12","date_gmt":"2012-11-08T10:56:12","guid":{"rendered":"https:\/\/editura-unibuc.ro\/?p=3472"},"modified":"2025-08-07T13:33:40","modified_gmt":"2025-08-07T10:33:40","slug":"zona-metropolitana-bucuresti-geografia-agriculturii-prin-utilizarea-tehnicilor-gis","status":"publish","type":"product","link":"https:\/\/editura-unibuc.ro\/en\/zona-metropolitana-bucuresti-geografia-agriculturii-prin-utilizarea-tehnicilor-gis\/","title":{"rendered":"BUCHAREST METROPOLITAN AREA. AGRICULTURE GEOGRAPHY BY GIS TECHNOLOGY"},"content":{"rendered":"<p>Lucrarea lui Gabriel Simion, doctor \u00een geografie \u0219i cadru didactic la facultatea de specialitate din cadrul Universit\u0103\u021bii Bucure\u0219ti, se eviden\u021biaz\u0103 ca o analiz\u0103 geografic\u0103, prin utilizarea tehnicilor GIS, asupra agriculturii din Zona Metropolitan\u0103 a municipiului Bucure\u0219ti (ZMB) \u0219i prin care identific\u0103 cauzele fenomenelor din agricultur\u0103 \u0219i procesele economico-sociale care se produc \u00eentr-un spa\u021biu caracterizat de o intens\u0103 dinamic\u0103 urban\u0103, prin procese de suburbanizare \u0219i metropolizare.<\/p>\n","protected":false},"excerpt":{"rendered":"<p>Lucrarea lui Gabriel Simion, doctor \u00een geografie \u0219i cadru didactic la facultatea de specialitate din cadrul Universit\u0103\u021bii Bucure\u0219ti, se eviden\u021biaz\u0103 ca o analiz\u0103 geografic\u0103, prin utilizarea tehnicilor GIS, asupra agriculturii din Zona Metropolitan\u0103 a municipiului Bucure\u0219ti (ZMB) \u0219i prin care identific\u0103 cauzele fenomenelor din agricultur\u0103 \u0219i procesele economico-sociale care se produc \u00eentr-un spa\u021biu caracterizat de [&hellip;]<\/p>\n","protected":false},"featured_media":10156,"comment_status":"open","ping_status":"closed","template":"","meta":[],"product_brand":[],"product_cat":[1466,989],"product_tag":[912,903],"class_list":{"0":"post-3472","1":"product","2":"type-product","3":"status-publish","4":"has-post-thumbnail","6":"product_cat-stiinte-ale-naturii","7":"product_cat-geografie","8":"product_tag-agricultura","9":"product_tag-geografie","11":"first","12":"outofstock","13":"shipping-taxable","14":"product-type-simple"},"_links":{"self":[{"href":"https:\/\/editura-unibuc.ro\/en\/wp-json\/wp\/v2\/product\/3472","targetHints":{"allow":["GET"]}}],"collection":[{"href":"https:\/\/editura-unibuc.ro\/en\/wp-json\/wp\/v2\/product"}],"about":[{"href":"https:\/\/editura-unibuc.ro\/en\/wp-json\/wp\/v2\/types\/product"}],"replies":[{"embeddable":true,"href":"https:\/\/editura-unibuc.ro\/en\/wp-json\/wp\/v2\/comments?post=3472"}],"wp:featuredmedia":[{"embeddable":true,"href":"https:\/\/editura-unibuc.ro\/en\/wp-json\/wp\/v2\/media\/10156"}],"wp:attachment":[{"href":"https:\/\/editura-unibuc.ro\/en\/wp-json\/wp\/v2\/media?parent=3472"}],"wp:term":[{"taxonomy":"product_brand","embeddable":true,"href":"https:\/\/editura-unibuc.ro\/en\/wp-json\/wp\/v2\/product_brand?post=3472"},{"taxonomy":"product_cat","embeddable":true,"href":"https:\/\/editura-unibuc.ro\/en\/wp-json\/wp\/v2\/product_cat?post=3472"},{"taxonomy":"product_tag","embeddable":true,"href":"https:\/\/editura-unibuc.ro\/en\/wp-json\/wp\/v2\/product_tag?post=3472"}],"curies":[{"name":"wp","href":"https:\/\/api.w.org\/{rel}","templated":true}]}}