{"id":3480,"date":"2012-11-08T14:41:58","date_gmt":"2012-11-08T11:41:58","guid":{"rendered":"https:\/\/editura-unibuc.ro\/?p=3480"},"modified":"2023-11-27T13:59:37","modified_gmt":"2023-11-27T11:59:37","slug":"human-geographies-journal-of-studies-and-research-in-human-geography","status":"publish","type":"product","link":"https:\/\/editura-unibuc.ro\/en\/human-geographies-journal-of-studies-and-research-in-human-geography\/","title":{"rendered":"HUMAN GEOGRAPHIES. JOURNAL OF STUDIES AND RESEARCH IN HUMAN GEOGRAPHY"},"content":{"rendered":"<p style=\"text-align: left\">Prezentul num\u0103r din Jurnalul de studii \u0219i cercet\u0103ri \u00een domeniul geografiei umane ofer\u0103 c\u00e2teva incursiuni \u00een peisajul demografic al popula\u021biei rrome din Oltenia, \u00een problematica schimb\u0103rilor climatice \u0219i c\u0103utarea de solu\u021bii tehnologice, istoria unor loca\u021bii \u00een era postsocialist\u0103, precum Circurile Foamei, Centrul Civic \u0219i Mausoleul din Parcul Carol, studii referitoare la dinamica mobilit\u0103\u021bii popula\u021biei moldovene\u0219ti \u0219i dezvolt\u0103rii regionale \u00een Rom\u00e2nia de dup\u0103 1989. Pe l\u00e2ng\u0103 autorii rom\u00e2ni, volumul beneficiaz\u0103 de prezen\u021ba unor oameni de \u0219tiin\u021b\u0103 din Marea Britanie \u0219i Polonia.<\/p>\n","protected":false},"excerpt":{"rendered":"<p>Prezentul num\u0103r din Jurnalul de studii \u0219i cercet\u0103ri \u00een domeniul geografiei umane ofer\u0103 c\u00e2teva incursiuni \u00een peisajul demografic al popula\u021biei rrome din Oltenia, \u00een problematica schimb\u0103rilor climatice \u0219i c\u0103utarea de solu\u021bii tehnologice, istoria unor loca\u021bii \u00een era postsocialist\u0103, precum Circurile Foamei, Centrul Civic \u0219i Mausoleul din Parcul Carol, studii referitoare la dinamica mobilit\u0103\u021bii popula\u021biei moldovene\u0219ti [&hellip;]<\/p>\n","protected":false},"featured_media":10149,"comment_status":"open","ping_status":"closed","template":"","meta":[],"product_brand":[],"product_cat":[3942,1469,1893,1466,989],"product_tag":[903,911],"class_list":{"0":"post-3480","1":"product","2":"type-product","3":"status-publish","4":"has-post-thumbnail","6":"product_cat-human-geographies","7":"product_cat-periodice","8":"product_cat-reviste-academice","9":"product_cat-stiinte-ale-naturii","10":"product_cat-geografie","11":"product_tag-geografie","12":"product_tag-geografie-umana","14":"first","15":"instock","16":"shipping-taxable","17":"purchasable","18":"product-type-simple"},"_links":{"self":[{"href":"https:\/\/editura-unibuc.ro\/en\/wp-json\/wp\/v2\/product\/3480","targetHints":{"allow":["GET"]}}],"collection":[{"href":"https:\/\/editura-unibuc.ro\/en\/wp-json\/wp\/v2\/product"}],"about":[{"href":"https:\/\/editura-unibuc.ro\/en\/wp-json\/wp\/v2\/types\/product"}],"replies":[{"embeddable":true,"href":"https:\/\/editura-unibuc.ro\/en\/wp-json\/wp\/v2\/comments?post=3480"}],"wp:featuredmedia":[{"embeddable":true,"href":"https:\/\/editura-unibuc.ro\/en\/wp-json\/wp\/v2\/media\/10149"}],"wp:attachment":[{"href":"https:\/\/editura-unibuc.ro\/en\/wp-json\/wp\/v2\/media?parent=3480"}],"wp:term":[{"taxonomy":"product_brand","embeddable":true,"href":"https:\/\/editura-unibuc.ro\/en\/wp-json\/wp\/v2\/product_brand?post=3480"},{"taxonomy":"product_cat","embeddable":true,"href":"https:\/\/editura-unibuc.ro\/en\/wp-json\/wp\/v2\/product_cat?post=3480"},{"taxonomy":"product_tag","embeddable":true,"href":"https:\/\/editura-unibuc.ro\/en\/wp-json\/wp\/v2\/product_tag?post=3480"}],"curies":[{"name":"wp","href":"https:\/\/api.w.org\/{rel}","templated":true}]}}