{"id":3484,"date":"2012-11-08T14:54:03","date_gmt":"2012-11-08T11:54:03","guid":{"rendered":"https:\/\/editura-unibuc.ro\/?p=3484"},"modified":"2016-02-18T15:15:48","modified_gmt":"2016-02-18T13:15:48","slug":"teoria-retelelor-neuronale-artificiale-vol-1","status":"publish","type":"product","link":"https:\/\/editura-unibuc.ro\/en\/teoria-retelelor-neuronale-artificiale-vol-1\/","title":{"rendered":"NEURONAL ARTIFICIAL NETWORKS THEORY. VOL.1"},"content":{"rendered":"<p>Re\u021belele neuronale artificiale ae folosesc pentru modelarea unor func\u021bii ale creierului: recunoa\u0219terea unor forme, tipare, planificarea unor ac\u021biuni pentru robo\u021bi, \u00eenv\u0103\u021barea de informa\u021bii noi, utilizarea feed-back-ului, pentru a \u00eembun\u0103t\u0103\u021bi performan\u021bele.<br \/>\nMajoritatea simul\u0103rilor realizate prin re\u021bele neuronale sunt relativ limitate \u0219i nu ating enorma complexitate structural\u0103 \u0219i func\u021bional\u0103 a unui creier viu. Totu\u0219i, pentru modelarea unor sarcini executate \u00een mod curent de om, re\u021belele neuronale sunt mai performante dec\u00e2t programele de calculator care utilizeaz\u0103 logica \u0219i matematica standard.<br \/>\nE important de subliniat c\u0103 re\u021belele neuronale sunt artificiale. Ele modeleaz\u0103 realitatea \u0219i prin astfel de aproxim\u0103ri ale realit\u0103\u021bii biologice fac posibil\u0103 o \u00een\u021belegere mai bun\u0103 a modului \u00een care se realizeaz\u0103 procesarea informa\u021biilor \u00een creierul uman \u0219i animal.<br \/>\nRaportat la literatura de specialitate, autorii au folosit termenii cel mai des utiliza\u021bi \u0219i cei mai potrivi\u021bi pentru no\u021biunea respectiv\u0103, fiind totodat\u0103 asigurat un grad mai mare de accesibilitate (se folosesc elemente de matematic\u0103 elementar\u0103 \u00eensu\u0219ite de persoanele cu cel pu\u021bin o educa\u021bie liceal\u0103). De asemenea, cartea cuprinde conceptele \u0219i metodele fundamentale ale domeniului, fapt reflectat \u00een ordinea capitolelor, ce urm\u0103re\u0219te \u00een mare m\u0103sur\u0103 istoria domeniului re\u021belelor neuronale.<br \/>\nPrimul volum se refer\u0103 la re\u021belele neuronale care se instruiesc prin metode de supervizare, iar cel de al doilea are \u00een vedere re\u021belele neuronale instruite f\u0103r\u0103 supervizare \u0219i aplica\u021bii.<\/p>\n","protected":false},"excerpt":{"rendered":"<p>Re\u021belele neuronale artificiale ae folosesc pentru modelarea unor func\u021bii ale creierului: recunoa\u0219terea unor forme, tipare, planificarea unor ac\u021biuni pentru robo\u021bi, \u00eenv\u0103\u021barea de informa\u021bii noi, utilizarea feed-back-ului, pentru a \u00eembun\u0103t\u0103\u021bi performan\u021bele. Majoritatea simul\u0103rilor realizate prin re\u021bele neuronale sunt relativ limitate \u0219i nu ating enorma complexitate structural\u0103 \u0219i func\u021bional\u0103 a unui creier viu. Totu\u0219i, pentru modelarea unor [&hellip;]<\/p>\n","protected":false},"featured_media":10146,"comment_status":"open","ping_status":"closed","template":"","meta":[],"product_brand":[],"product_cat":[1466,988],"product_tag":[904],"class_list":{"0":"post-3484","1":"product","2":"type-product","3":"status-publish","4":"has-post-thumbnail","6":"product_cat-stiinte-ale-naturii","7":"product_cat-biologie","8":"product_tag-biologie","10":"first","11":"instock","12":"shipping-taxable","13":"purchasable","14":"product-type-simple"},"_links":{"self":[{"href":"https:\/\/editura-unibuc.ro\/en\/wp-json\/wp\/v2\/product\/3484","targetHints":{"allow":["GET"]}}],"collection":[{"href":"https:\/\/editura-unibuc.ro\/en\/wp-json\/wp\/v2\/product"}],"about":[{"href":"https:\/\/editura-unibuc.ro\/en\/wp-json\/wp\/v2\/types\/product"}],"replies":[{"embeddable":true,"href":"https:\/\/editura-unibuc.ro\/en\/wp-json\/wp\/v2\/comments?post=3484"}],"wp:featuredmedia":[{"embeddable":true,"href":"https:\/\/editura-unibuc.ro\/en\/wp-json\/wp\/v2\/media\/10146"}],"wp:attachment":[{"href":"https:\/\/editura-unibuc.ro\/en\/wp-json\/wp\/v2\/media?parent=3484"}],"wp:term":[{"taxonomy":"product_brand","embeddable":true,"href":"https:\/\/editura-unibuc.ro\/en\/wp-json\/wp\/v2\/product_brand?post=3484"},{"taxonomy":"product_cat","embeddable":true,"href":"https:\/\/editura-unibuc.ro\/en\/wp-json\/wp\/v2\/product_cat?post=3484"},{"taxonomy":"product_tag","embeddable":true,"href":"https:\/\/editura-unibuc.ro\/en\/wp-json\/wp\/v2\/product_tag?post=3484"}],"curies":[{"name":"wp","href":"https:\/\/api.w.org\/{rel}","templated":true}]}}