{"id":34853,"date":"2022-08-02T14:54:50","date_gmt":"2022-08-02T11:54:50","guid":{"rendered":"https:\/\/editura-unibuc.ro\/?post_type=product&#038;p=34853"},"modified":"2025-02-20T13:53:35","modified_gmt":"2025-02-20T11:53:35","slug":"geopatterns-volume-6-2021","status":"publish","type":"product","link":"https:\/\/editura-unibuc.ro\/en\/geopatterns-volume-6-2021\/","title":{"rendered":"GEOPATTERNS, Volume 6, 2021"},"content":{"rendered":"<p>Revist\u0103 editat\u0103 de Universitatea din Bucure\u015fti, Center for Risk Studies, Spatial Modelling, Terrestrial and Coastal System Dynamics<\/p>\n","protected":false},"excerpt":{"rendered":"<p>Revist\u0103 editat\u0103 de Universitatea din Bucure\u015fti, Center for Risk Studies, Spatial Modelling, Terrestrial and Coastal System Dynamics<\/p>\n","protected":false},"featured_media":34856,"comment_status":"open","ping_status":"closed","template":"","meta":[],"product_brand":[],"product_cat":[1891,1469,1893,1466],"product_tag":[],"class_list":{"0":"post-34853","1":"product","2":"type-product","3":"status-publish","4":"has-post-thumbnail","6":"product_cat-download","7":"product_cat-periodice","8":"product_cat-reviste-academice","9":"product_cat-stiinte-ale-naturii","11":"first","12":"instock","13":"downloadable","14":"virtual","15":"product-type-simple"},"_links":{"self":[{"href":"https:\/\/editura-unibuc.ro\/en\/wp-json\/wp\/v2\/product\/34853","targetHints":{"allow":["GET"]}}],"collection":[{"href":"https:\/\/editura-unibuc.ro\/en\/wp-json\/wp\/v2\/product"}],"about":[{"href":"https:\/\/editura-unibuc.ro\/en\/wp-json\/wp\/v2\/types\/product"}],"replies":[{"embeddable":true,"href":"https:\/\/editura-unibuc.ro\/en\/wp-json\/wp\/v2\/comments?post=34853"}],"wp:featuredmedia":[{"embeddable":true,"href":"https:\/\/editura-unibuc.ro\/en\/wp-json\/wp\/v2\/media\/34856"}],"wp:attachment":[{"href":"https:\/\/editura-unibuc.ro\/en\/wp-json\/wp\/v2\/media?parent=34853"}],"wp:term":[{"taxonomy":"product_brand","embeddable":true,"href":"https:\/\/editura-unibuc.ro\/en\/wp-json\/wp\/v2\/product_brand?post=34853"},{"taxonomy":"product_cat","embeddable":true,"href":"https:\/\/editura-unibuc.ro\/en\/wp-json\/wp\/v2\/product_cat?post=34853"},{"taxonomy":"product_tag","embeddable":true,"href":"https:\/\/editura-unibuc.ro\/en\/wp-json\/wp\/v2\/product_tag?post=34853"}],"curies":[{"name":"wp","href":"https:\/\/api.w.org\/{rel}","templated":true}]}}