{"id":34857,"date":"2022-08-02T14:59:07","date_gmt":"2022-08-02T11:59:07","guid":{"rendered":"https:\/\/editura-unibuc.ro\/?post_type=product&#038;p=34857"},"modified":"2022-08-02T15:04:31","modified_gmt":"2022-08-02T12:04:31","slug":"lucrari-si-rapoarte-de-cercetare-vol-v","status":"publish","type":"product","link":"https:\/\/editura-unibuc.ro\/en\/lucrari-si-rapoarte-de-cercetare-vol-v\/","title":{"rendered":"LUCR\u0102RI \u015eI RAPOARTE DE CERCETARE, VOL. V"},"content":{"rendered":"<p>Revist\u0103 editat\u0103 de Universitatea din Bucure\u015fti, Facultatea de Geografie, Centrul de cercetare degradarea terenurilor \u0219i dinamic\u0103 geomorfologic\u0103<\/p>\n<p>Cuprinde lucr\u0103rile workshop-ului <em>Riscuri naturale \u0219i antropice\/Natural and Anthropic Risks<\/em>, Or\u015fova, 8-10 noiembrie 2019<\/p>\n","protected":false},"excerpt":{"rendered":"<p>Revist\u0103 editat\u0103 de Universitatea din Bucure\u015fti, Facultatea de Geografie, Centrul de cercetare degradarea terenurilor \u0219i dinamic\u0103 geomorfologic\u0103 Cuprinde lucr\u0103rile workshop-ului Riscuri naturale \u0219i antropice\/Natural and Anthropic Risks, Or\u015fova, 8-10 noiembrie 2019<\/p>\n","protected":false},"featured_media":34858,"comment_status":"open","ping_status":"closed","template":"","meta":[],"product_brand":[],"product_cat":[1891,1469,1893,1466],"product_tag":[],"class_list":{"0":"post-34857","1":"product","2":"type-product","3":"status-publish","4":"has-post-thumbnail","6":"product_cat-download","7":"product_cat-periodice","8":"product_cat-reviste-academice","9":"product_cat-stiinte-ale-naturii","11":"first","12":"instock","13":"downloadable","14":"virtual","15":"product-type-simple"},"_links":{"self":[{"href":"https:\/\/editura-unibuc.ro\/en\/wp-json\/wp\/v2\/product\/34857","targetHints":{"allow":["GET"]}}],"collection":[{"href":"https:\/\/editura-unibuc.ro\/en\/wp-json\/wp\/v2\/product"}],"about":[{"href":"https:\/\/editura-unibuc.ro\/en\/wp-json\/wp\/v2\/types\/product"}],"replies":[{"embeddable":true,"href":"https:\/\/editura-unibuc.ro\/en\/wp-json\/wp\/v2\/comments?post=34857"}],"wp:featuredmedia":[{"embeddable":true,"href":"https:\/\/editura-unibuc.ro\/en\/wp-json\/wp\/v2\/media\/34858"}],"wp:attachment":[{"href":"https:\/\/editura-unibuc.ro\/en\/wp-json\/wp\/v2\/media?parent=34857"}],"wp:term":[{"taxonomy":"product_brand","embeddable":true,"href":"https:\/\/editura-unibuc.ro\/en\/wp-json\/wp\/v2\/product_brand?post=34857"},{"taxonomy":"product_cat","embeddable":true,"href":"https:\/\/editura-unibuc.ro\/en\/wp-json\/wp\/v2\/product_cat?post=34857"},{"taxonomy":"product_tag","embeddable":true,"href":"https:\/\/editura-unibuc.ro\/en\/wp-json\/wp\/v2\/product_tag?post=34857"}],"curies":[{"name":"wp","href":"https:\/\/api.w.org\/{rel}","templated":true}]}}