{"id":3494,"date":"2012-11-08T15:19:27","date_gmt":"2012-11-08T12:19:27","guid":{"rendered":"https:\/\/editura-unibuc.ro\/?p=3494"},"modified":"2016-12-13T09:43:41","modified_gmt":"2016-12-13T07:43:41","slug":"imunobiologie","status":"publish","type":"product","link":"https:\/\/editura-unibuc.ro\/en\/imunobiologie\/","title":{"rendered":"IMMUNOBIOLOGY"},"content":{"rendered":"<p>Lucrarea Imunobiologie abordeaz\u0103 \u00eentregul spectru al preocup\u0103rilor \u0219tiin\u021bifice ale domeniului: studiul declan\u0219atorilor func\u021biei imunitare (antigene) \u0219i al principalilor efectori ai r\u0103spunsului imun (anticorpi), organizarea sistemului imunitar, dinamica r\u0103spunsului imun, precum \u0219i un capitol semnificativ de Imunologie clinic\u0103.<\/p>","protected":false},"excerpt":{"rendered":"<p>Lucrarea Imunobiologie abordeaz\u0103 \u00eentregul spectru al preocup\u0103rilor \u0219tiin\u021bifice ale domeniului: studiul declan\u0219atorilor func\u021biei imunitare (antigene) \u0219i al principalilor efectori ai r\u0103spunsului imun (anticorpi), organizarea sistemului imunitar, dinamica r\u0103spunsului imun, precum \u0219i un capitol semnificativ de Imunologie clinic\u0103.<\/p>\n","protected":false},"featured_media":10140,"comment_status":"open","ping_status":"closed","template":"","meta":[],"product_brand":[],"product_cat":[1466,988],"product_tag":[904],"class_list":{"0":"post-3494","1":"product","2":"type-product","3":"status-publish","4":"has-post-thumbnail","6":"product_cat-stiinte-ale-naturii","7":"product_cat-biologie","8":"product_tag-biologie","10":"first","11":"outofstock","12":"shipping-taxable","13":"purchasable","14":"product-type-simple"},"_links":{"self":[{"href":"https:\/\/editura-unibuc.ro\/en\/wp-json\/wp\/v2\/product\/3494","targetHints":{"allow":["GET"]}}],"collection":[{"href":"https:\/\/editura-unibuc.ro\/en\/wp-json\/wp\/v2\/product"}],"about":[{"href":"https:\/\/editura-unibuc.ro\/en\/wp-json\/wp\/v2\/types\/product"}],"replies":[{"embeddable":true,"href":"https:\/\/editura-unibuc.ro\/en\/wp-json\/wp\/v2\/comments?post=3494"}],"wp:featuredmedia":[{"embeddable":true,"href":"https:\/\/editura-unibuc.ro\/en\/wp-json\/wp\/v2\/media\/10140"}],"wp:attachment":[{"href":"https:\/\/editura-unibuc.ro\/en\/wp-json\/wp\/v2\/media?parent=3494"}],"wp:term":[{"taxonomy":"product_brand","embeddable":true,"href":"https:\/\/editura-unibuc.ro\/en\/wp-json\/wp\/v2\/product_brand?post=3494"},{"taxonomy":"product_cat","embeddable":true,"href":"https:\/\/editura-unibuc.ro\/en\/wp-json\/wp\/v2\/product_cat?post=3494"},{"taxonomy":"product_tag","embeddable":true,"href":"https:\/\/editura-unibuc.ro\/en\/wp-json\/wp\/v2\/product_tag?post=3494"}],"curies":[{"name":"wp","href":"https:\/\/api.w.org\/{rel}","templated":true}]}}