{"id":3499,"date":"2012-11-08T15:38:22","date_gmt":"2012-11-08T12:38:22","guid":{"rendered":"https:\/\/editura-unibuc.ro\/?p=3499"},"modified":"2016-02-18T15:15:47","modified_gmt":"2016-02-18T13:15:47","slug":"fungi-cu-importanta-in-agricultura-medicina-si-patrimoniu","status":"publish","type":"product","link":"https:\/\/editura-unibuc.ro\/en\/fungi-cu-importanta-in-agricultura-medicina-si-patrimoniu\/","title":{"rendered":"FUNGAE IN AGRICULTURE, MEDICINE AND PATRIMONY"},"content":{"rendered":"<p>\u201cCartea celor doi autori reprezint\u0103 rodul colabor\u0103rii interuniversitare \u00eentre titularii cursurilor de Micologie de la Universit\u0103\u021bile din Bucure\u0219ti \u0219i Ia\u0219i, constituind volumul I al unui preconizat tratat de Micologie. Ambii autori au publicat numeroase lucr\u0103ri de specialitate, separat sau \u00een colaborare, care premerg sau chiar faciliteaz\u0103 \u00een\u021belegerea sintezelor cuprinse \u00eentr-un tratat de amploare \u00een domeniul micologiei: lucr\u0103ri precum Concepte actuale \u00een taxonomia ciupercilor, Ghid de recunoa\u0219tere a ciupercilor comestibile \u0219i toxice, Mycobiota \u2013 sisteme de clasificare, precum \u0219i lucr\u0103ri de mai mic\u0103 amploare, dar de strict\u0103 specialitate, care \u00eei ajut\u0103 pe beneficiarii acestui tratat \u0219i pe to\u021bi cei care \u00eel citesc s\u0103 \u00een\u021beleag\u0103 mai bine importan\u021ba domeniului \u0219i rolul ciupercilor \u00een Biosfer\u0103 \u0219i mai ales \u00een via\u021ba societ\u0103\u021bii umane de pe Terra\u201d. (Profesor dr. Ioan Cristurean, Facultatea de Biologie, Universitatea din Bucure\u0219ti).<\/p>\n","protected":false},"excerpt":{"rendered":"<p>\u201cCartea celor doi autori reprezint\u0103 rodul colabor\u0103rii interuniversitare \u00eentre titularii cursurilor de Micologie de la Universit\u0103\u021bile din Bucure\u0219ti \u0219i Ia\u0219i, constituind volumul I al unui preconizat tratat de Micologie. Ambii autori au publicat numeroase lucr\u0103ri de specialitate, separat sau \u00een colaborare, care premerg sau chiar faciliteaz\u0103 \u00een\u021belegerea sintezelor cuprinse \u00eentr-un tratat de amploare \u00een domeniul [&hellip;]<\/p>\n","protected":false},"featured_media":10137,"comment_status":"open","ping_status":"closed","template":"","meta":[],"product_brand":[],"product_cat":[1466,988],"product_tag":[904],"class_list":{"0":"post-3499","1":"product","2":"type-product","3":"status-publish","4":"has-post-thumbnail","6":"product_cat-stiinte-ale-naturii","7":"product_cat-biologie","8":"product_tag-biologie","10":"first","11":"outofstock","12":"shipping-taxable","13":"product-type-simple"},"_links":{"self":[{"href":"https:\/\/editura-unibuc.ro\/en\/wp-json\/wp\/v2\/product\/3499","targetHints":{"allow":["GET"]}}],"collection":[{"href":"https:\/\/editura-unibuc.ro\/en\/wp-json\/wp\/v2\/product"}],"about":[{"href":"https:\/\/editura-unibuc.ro\/en\/wp-json\/wp\/v2\/types\/product"}],"replies":[{"embeddable":true,"href":"https:\/\/editura-unibuc.ro\/en\/wp-json\/wp\/v2\/comments?post=3499"}],"wp:featuredmedia":[{"embeddable":true,"href":"https:\/\/editura-unibuc.ro\/en\/wp-json\/wp\/v2\/media\/10137"}],"wp:attachment":[{"href":"https:\/\/editura-unibuc.ro\/en\/wp-json\/wp\/v2\/media?parent=3499"}],"wp:term":[{"taxonomy":"product_brand","embeddable":true,"href":"https:\/\/editura-unibuc.ro\/en\/wp-json\/wp\/v2\/product_brand?post=3499"},{"taxonomy":"product_cat","embeddable":true,"href":"https:\/\/editura-unibuc.ro\/en\/wp-json\/wp\/v2\/product_cat?post=3499"},{"taxonomy":"product_tag","embeddable":true,"href":"https:\/\/editura-unibuc.ro\/en\/wp-json\/wp\/v2\/product_tag?post=3499"}],"curies":[{"name":"wp","href":"https:\/\/api.w.org\/{rel}","templated":true}]}}