{"id":3503,"date":"2012-11-08T15:49:56","date_gmt":"2012-11-08T12:49:56","guid":{"rendered":"https:\/\/editura-unibuc.ro\/?p=3503"},"modified":"2025-08-07T12:31:14","modified_gmt":"2025-08-07T09:31:14","slug":"teledetectie-vol-ii-notiuni-si-principii-fundamentale","status":"publish","type":"product","link":"https:\/\/editura-unibuc.ro\/en\/teledetectie-vol-ii-notiuni-si-principii-fundamentale\/","title":{"rendered":"REMOTE SENSING. VOL.2. FUNDAMENTAL NOTIONS AND PRINCIPLES"},"content":{"rendered":"<p>Bogdan Andrei Mihai s-a n\u0103scut \u00een 1971, la Ploie\u0219ti, jud. Prahova. \u00cen anul 1989 a absolvit cursurile Liceului Teoretic \u201cI.L. Caragiale\u201d din ora\u0219ul natal, fiind admis \u00een acela\u0219i an la Facultatea de Geografie, Universitatea din Bucure\u0219ti. Este licen\u021biat, din 1995, \u00een geografie, cu specializarea geomorfologie-pedologie \u0219i magister, din anul 1996, \u00een specializarea \u201cGestiunea durabil\u0103 a peisajelor geografice prin organizare \u0219i amenajare regional\u0103\u201d. Din 1995 a parcurs toate treptele gradelor universitare, ocup\u00e2nd, din anul 2006, pozi\u021bia de conferen\u021biar la Facultatea de Geografie a Universit\u0103\u021bii din Bucure\u0219ti, Catedra de Geomorfologie-Pedologie.<br \/>\nEste doctor \u00een geografie din anul 2003, \u00een specializarea geomorfologie, cu teza de doctorat intitulat\u0103 Mun\u021bii din bazinul Timi\u0219ului (Carpa\u021bii Curburii). Studiu geomorfologic cu privire special\u0103 asupra morfodinamicii actuale \u0219i amenaj\u0103rii spa\u021biului montan (coordonator \u0219tiin\u021bific prof. dr. M. Ielenicz), apreciat\u0103 cu titlul \u201eMagna cum Laude\u201d.<br \/>\nAutor \u0219i coautor a cinci c\u0103r\u021bi de specialitate \u0219i a peste 50 de articole, publicate \u00een reviste cu referen\u021bi din \u021bar\u0103 \u0219i str\u0103in\u0103tate (SUA, Fran\u021ba, Polonia, Japonia, Elve\u021bia, Germania etc.), precum \u0219i \u00een volumele unor conferin\u021be interna\u021bionale (Fran\u021ba, Austria), desf\u0103\u0219oar\u0103 activitate didactic\u0103 \u0219i de cercetare. Din anul 2004 a coordonat trei granturi de cercetare, dintre care unul \u00een parteneriat \u00een cadrul programului Cercetare de Excelen\u021b\u0103. Din anul 2003 pred\u0103 cursuri de teledetec\u021bie \u0219i aerofotointerpretare geografic\u0103, reorganiz\u00e2nd pe baze cu totul noi, computerizate, laboratorul de specialitate al facult\u0103\u021bii de geografie. A beneficiat de burse de studii \u0219i cercetare \u00een Fran\u021ba, Suedia, Ungaria \u0219i Marea Britanie, precum \u0219i de stagii de documentare \u00een Austria, Polonia, Elve\u021bia, Olanda, Italia, Slovenia etc. Este profesor invitat, conferen\u021biar, \u00een cadrul programelor Erasmus-Socrates, la universit\u0103\u021bile din Olomouc (Republica Ceh\u0103), Cracovia (Polonia) \u0219i Klagenfurt (Austria), conferen\u021biar (2004) \u0219i expert evaluator la Universitatea din Lausanne (Elve\u021bia), Facultatea de Geo\u0219tiin\u021be \u0219i Mediu (2007). \u00cen 2004 a condus delega\u021bia Rom\u00e2niei la Olimpiada Interna\u021bional\u0103 de Geografie de la Gdynia, Polonia, unde s-au ob\u021binut trei medalii, dintre care dou\u0103 de aur. A primit premiul pentru publica\u021bie \u00een jurnal ISI, \u00een cadrul competi\u021biei PN II Idei \u0219i este citat \u00een articole din baze de date interna\u021bionale. A fost recompensat cu premiul \u0219i diploma de merit a Ministerului Educa\u021biei \u0219i Cercet\u0103rii. Dup\u0103 anul 2006 este referent la revistele interna\u021bionale Remote Sensing of Environment, International Journal of Remote Sensing \u0219i Central European Journal of Geosciences.<\/p>","protected":false},"excerpt":{"rendered":"<p>Bogdan Andrei Mihai s-a n\u0103scut \u00een 1971, la Ploie\u0219ti, jud. Prahova. \u00cen anul 1989 a absolvit cursurile Liceului Teoretic \u201cI.L. Caragiale\u201d din ora\u0219ul natal, fiind admis \u00een acela\u0219i an la Facultatea de Geografie, Universitatea din Bucure\u0219ti. Este licen\u021biat, din 1995, \u00een geografie, cu specializarea geomorfologie-pedologie \u0219i magister, din anul 1996, \u00een specializarea \u201cGestiunea durabil\u0103 a [&hellip;]<\/p>\n","protected":false},"featured_media":10134,"comment_status":"open","ping_status":"closed","template":"","meta":[],"product_brand":[],"product_cat":[1466,989],"product_tag":[903],"class_list":{"0":"post-3503","1":"product","2":"type-product","3":"status-publish","4":"has-post-thumbnail","6":"product_cat-stiinte-ale-naturii","7":"product_cat-geografie","8":"product_tag-geografie","10":"first","11":"outofstock","12":"shipping-taxable","13":"product-type-simple"},"_links":{"self":[{"href":"https:\/\/editura-unibuc.ro\/en\/wp-json\/wp\/v2\/product\/3503","targetHints":{"allow":["GET"]}}],"collection":[{"href":"https:\/\/editura-unibuc.ro\/en\/wp-json\/wp\/v2\/product"}],"about":[{"href":"https:\/\/editura-unibuc.ro\/en\/wp-json\/wp\/v2\/types\/product"}],"replies":[{"embeddable":true,"href":"https:\/\/editura-unibuc.ro\/en\/wp-json\/wp\/v2\/comments?post=3503"}],"wp:featuredmedia":[{"embeddable":true,"href":"https:\/\/editura-unibuc.ro\/en\/wp-json\/wp\/v2\/media\/10134"}],"wp:attachment":[{"href":"https:\/\/editura-unibuc.ro\/en\/wp-json\/wp\/v2\/media?parent=3503"}],"wp:term":[{"taxonomy":"product_brand","embeddable":true,"href":"https:\/\/editura-unibuc.ro\/en\/wp-json\/wp\/v2\/product_brand?post=3503"},{"taxonomy":"product_cat","embeddable":true,"href":"https:\/\/editura-unibuc.ro\/en\/wp-json\/wp\/v2\/product_cat?post=3503"},{"taxonomy":"product_tag","embeddable":true,"href":"https:\/\/editura-unibuc.ro\/en\/wp-json\/wp\/v2\/product_tag?post=3503"}],"curies":[{"name":"wp","href":"https:\/\/api.w.org\/{rel}","templated":true}]}}