{"id":35061,"date":"2022-08-29T17:37:17","date_gmt":"2022-08-29T14:37:17","guid":{"rendered":"https:\/\/editura-unibuc.ro\/?post_type=product&#038;p=35061"},"modified":"2025-05-12T14:21:26","modified_gmt":"2025-05-12T11:21:26","slug":"recherches-sur-linfinitif-et-la-proposition-infinitive-en-grec-homerique-vol-i","status":"publish","type":"product","link":"https:\/\/editura-unibuc.ro\/en\/recherches-sur-linfinitif-et-la-proposition-infinitive-en-grec-homerique-vol-i\/","title":{"rendered":"RECHERCHES SUR L\u2019INFINITIF ET LA PROPOSITION INFINITIVE EN GREC HOM\u00c9RIQUE, VOL I"},"content":{"rendered":"<hr \/>\n<p><strong><a href=\"https:\/\/books.google.ro\/books\/about?id=6pOGEAAAQBAJ&#038;redir_esc=y\" target=\"_blank\" rel=\"noopener\"><img decoding=\"async\" src=\"https:\/\/editura-unibuc.ro\/wp-content\/uploads\/2025\/04\/goo.png\" \/>Google Books<\/a><\/strong><br \/>&nbsp;<\/p>\n<hr \/>\n<p>Cette \u00e9tude repr\u00e9sente principalement notre th\u00e8se de doctorat soutenue en f\u00e9vrier 2015. En vue de sa publication, nous avons surtout essay\u00e9 de mettre \u00e0 jour la bibliographie, sans modifier de mani\u00e8re significative le fil conducteur de notre analyse. De m\u00eame, nous avons ajout\u00e9 aux annexes un nouveau chapitre sur l\u2019emploi adnominal de l\u2019infinitif chez Hom\u00e8re, car le but de notre recherche, atteint seulement en partie dans cet ouvrage, vise l\u2019examen d\u00e9taill\u00e9 de toutes les manifestations syntaxiques de l\u2019infinitif hom\u00e9rique, l\u2019investigation de ses diverses connexions dans le cadre de la phrase, l\u2019identification et la description des plus anciens usages de l\u2019infinitif grec, afin que l\u2019on puisse discerner son m\u00e9canisme morphosyntaxique si particulier tout au long de l\u2019histoire de la langue grecque, et notamment le parcours cyclique qui a conduit de son statut de nom verbal en indo-europ\u00e9en \u00e0 sa transformation en substantif neutre proprement dit en grec moderne.<\/p>\n","protected":false},"excerpt":{"rendered":"<p>Google Books&nbsp; Cette \u00e9tude repr\u00e9sente principalement notre th\u00e8se de doctorat soutenue en f\u00e9vrier 2015. En vue de sa publication, nous avons surtout essay\u00e9 de mettre \u00e0 jour la bibliographie, sans modifier de mani\u00e8re significative le fil conducteur de notre analyse. De m\u00eame, nous avons ajout\u00e9 aux annexes un nouveau chapitre sur l\u2019emploi adnominal de l\u2019infinitif [&hellip;]<\/p>\n","protected":false},"featured_media":35062,"comment_status":"open","ping_status":"closed","template":"","meta":[],"product_brand":[],"product_cat":[3748,1531,1464,977],"product_tag":[933,901,1431],"class_list":{"0":"post-35061","1":"product","2":"type-product","3":"status-publish","4":"has-post-thumbnail","6":"product_cat-filologie-colectii","7":"product_cat-colectii","8":"product_cat-filologie","9":"product_cat-limba-franceza","10":"product_tag-gramatica","11":"product_tag-greaca","12":"product_tag-sintaxa","14":"first","15":"instock","16":"shipping-taxable","17":"purchasable","18":"product-type-simple"},"_links":{"self":[{"href":"https:\/\/editura-unibuc.ro\/en\/wp-json\/wp\/v2\/product\/35061","targetHints":{"allow":["GET"]}}],"collection":[{"href":"https:\/\/editura-unibuc.ro\/en\/wp-json\/wp\/v2\/product"}],"about":[{"href":"https:\/\/editura-unibuc.ro\/en\/wp-json\/wp\/v2\/types\/product"}],"replies":[{"embeddable":true,"href":"https:\/\/editura-unibuc.ro\/en\/wp-json\/wp\/v2\/comments?post=35061"}],"wp:featuredmedia":[{"embeddable":true,"href":"https:\/\/editura-unibuc.ro\/en\/wp-json\/wp\/v2\/media\/35062"}],"wp:attachment":[{"href":"https:\/\/editura-unibuc.ro\/en\/wp-json\/wp\/v2\/media?parent=35061"}],"wp:term":[{"taxonomy":"product_brand","embeddable":true,"href":"https:\/\/editura-unibuc.ro\/en\/wp-json\/wp\/v2\/product_brand?post=35061"},{"taxonomy":"product_cat","embeddable":true,"href":"https:\/\/editura-unibuc.ro\/en\/wp-json\/wp\/v2\/product_cat?post=35061"},{"taxonomy":"product_tag","embeddable":true,"href":"https:\/\/editura-unibuc.ro\/en\/wp-json\/wp\/v2\/product_tag?post=35061"}],"curies":[{"name":"wp","href":"https:\/\/api.w.org\/{rel}","templated":true}]}}