{"id":35211,"date":"2022-09-12T15:11:07","date_gmt":"2022-09-12T12:11:07","guid":{"rendered":"https:\/\/editura-unibuc.ro\/?post_type=product&#038;p=35211"},"modified":"2025-05-06T12:28:27","modified_gmt":"2025-05-06T09:28:27","slug":"critil-si-andronius-romanica-34","status":"publish","type":"product","link":"https:\/\/editura-unibuc.ro\/en\/critil-si-andronius-romanica-34\/","title":{"rendered":"CRITIL \u0218I ANDRONIUS. ROMANICA 34"},"content":{"rendered":"<hr \/>\n<p><strong><a href=\"https:\/\/books.google.ro\/books\/about?id=5JOGEAAAQBAJ&#038;redir_esc=y\" target=\"_blank\" rel=\"noopener\"><img decoding=\"async\" src=\"https:\/\/editura-unibuc.ro\/wp-content\/uploads\/2025\/04\/goo.png\" \/>Google Books<\/a><\/strong><br \/>&nbsp;<\/p>\n<hr \/>\n<p>\u201e<em>Critil \u0219i Andronius<\/em> este un text publicat la Ia\u0219i \u00een 1794, f\u0103r\u0103 s\u0103 fie men\u021bionat numele autorului sau\/ \u0219i al traduc\u0103torului, \u0219i apar\u021bine unei epoci \u00een care activitatea tipografic\u0103 dep\u0103\u0219ise limitele sferei de influen\u021b\u0103 ecleziastic\u0103, prin orientarea acesteia \u0219i c\u0103tre alte domenii ale vie\u021bii sociale, dintre cele mai variate literatura, morala, filosofia, \u0219tiin\u021bele.\u201d<\/p>\n","protected":false},"excerpt":{"rendered":"<p>Google Books&nbsp; \u201eCritil \u0219i Andronius este un text publicat la Ia\u0219i \u00een 1794, f\u0103r\u0103 s\u0103 fie men\u021bionat numele autorului sau\/ \u0219i al traduc\u0103torului, \u0219i apar\u021bine unei epoci \u00een care activitatea tipografic\u0103 dep\u0103\u0219ise limitele sferei de influen\u021b\u0103 ecleziastic\u0103, prin orientarea acesteia \u0219i c\u0103tre alte domenii ale vie\u021bii sociale, dintre cele mai variate literatura, morala, filosofia, \u0219tiin\u021bele.\u201d<\/p>\n","protected":false},"featured_media":35215,"comment_status":"open","ping_status":"closed","template":"","meta":[],"product_brand":[],"product_cat":[1531,858,1464,980],"product_tag":[],"class_list":{"0":"post-35211","1":"product","2":"type-product","3":"status-publish","4":"has-post-thumbnail","6":"product_cat-colectii","7":"product_cat-colectia-romanica","8":"product_cat-filologie","9":"product_cat-limbi-romanice-clasice-si-orientale","11":"first","12":"instock","13":"shipping-taxable","14":"purchasable","15":"product-type-simple"},"_links":{"self":[{"href":"https:\/\/editura-unibuc.ro\/en\/wp-json\/wp\/v2\/product\/35211","targetHints":{"allow":["GET"]}}],"collection":[{"href":"https:\/\/editura-unibuc.ro\/en\/wp-json\/wp\/v2\/product"}],"about":[{"href":"https:\/\/editura-unibuc.ro\/en\/wp-json\/wp\/v2\/types\/product"}],"replies":[{"embeddable":true,"href":"https:\/\/editura-unibuc.ro\/en\/wp-json\/wp\/v2\/comments?post=35211"}],"wp:featuredmedia":[{"embeddable":true,"href":"https:\/\/editura-unibuc.ro\/en\/wp-json\/wp\/v2\/media\/35215"}],"wp:attachment":[{"href":"https:\/\/editura-unibuc.ro\/en\/wp-json\/wp\/v2\/media?parent=35211"}],"wp:term":[{"taxonomy":"product_brand","embeddable":true,"href":"https:\/\/editura-unibuc.ro\/en\/wp-json\/wp\/v2\/product_brand?post=35211"},{"taxonomy":"product_cat","embeddable":true,"href":"https:\/\/editura-unibuc.ro\/en\/wp-json\/wp\/v2\/product_cat?post=35211"},{"taxonomy":"product_tag","embeddable":true,"href":"https:\/\/editura-unibuc.ro\/en\/wp-json\/wp\/v2\/product_tag?post=35211"}],"curies":[{"name":"wp","href":"https:\/\/api.w.org\/{rel}","templated":true}]}}