{"id":35220,"date":"2022-09-12T15:15:26","date_gmt":"2022-09-12T12:15:26","guid":{"rendered":"https:\/\/editura-unibuc.ro\/?post_type=product&#038;p=35220"},"modified":"2024-10-16T09:56:31","modified_gmt":"2024-10-16T06:56:31","slug":"cusaturi-romanesti","status":"publish","type":"product","link":"https:\/\/editura-unibuc.ro\/en\/cusaturi-romanesti\/","title":{"rendered":"CUS\u0102TURI ROM\u00c2NE\u0218TI"},"content":{"rendered":"<p>\u201eLucrarea de fa\u021b\u0103 reproduce albumul original, \u00eendrept\u00e2nd gre\u0219elile tipografice ale textului, cu p\u0103strarea particularit\u0103\u021bilor stilistice \u0219i ortografice ale epocii.\u201d Ioan Cr\u0103ciun<\/p>\n","protected":false},"excerpt":{"rendered":"<p>\u201eLucrarea de fa\u021b\u0103 reproduce albumul original, \u00eendrept\u00e2nd gre\u0219elile tipografice ale textului, cu p\u0103strarea particularit\u0103\u021bilor stilistice \u0219i ortografice ale epocii.\u201d Ioan Cr\u0103ciun<\/p>\n","protected":false},"featured_media":35212,"comment_status":"open","ping_status":"closed","template":"","meta":[],"product_brand":[],"product_cat":[3877,1531],"product_tag":[],"class_list":{"0":"post-35220","1":"product","2":"type-product","3":"status-publish","4":"has-post-thumbnail","6":"product_cat-ars-docendi","7":"product_cat-colectii","9":"first","10":"outofstock","11":"shipping-taxable","12":"purchasable","13":"product-type-simple"},"_links":{"self":[{"href":"https:\/\/editura-unibuc.ro\/en\/wp-json\/wp\/v2\/product\/35220","targetHints":{"allow":["GET"]}}],"collection":[{"href":"https:\/\/editura-unibuc.ro\/en\/wp-json\/wp\/v2\/product"}],"about":[{"href":"https:\/\/editura-unibuc.ro\/en\/wp-json\/wp\/v2\/types\/product"}],"replies":[{"embeddable":true,"href":"https:\/\/editura-unibuc.ro\/en\/wp-json\/wp\/v2\/comments?post=35220"}],"wp:featuredmedia":[{"embeddable":true,"href":"https:\/\/editura-unibuc.ro\/en\/wp-json\/wp\/v2\/media\/35212"}],"wp:attachment":[{"href":"https:\/\/editura-unibuc.ro\/en\/wp-json\/wp\/v2\/media?parent=35220"}],"wp:term":[{"taxonomy":"product_brand","embeddable":true,"href":"https:\/\/editura-unibuc.ro\/en\/wp-json\/wp\/v2\/product_brand?post=35220"},{"taxonomy":"product_cat","embeddable":true,"href":"https:\/\/editura-unibuc.ro\/en\/wp-json\/wp\/v2\/product_cat?post=35220"},{"taxonomy":"product_tag","embeddable":true,"href":"https:\/\/editura-unibuc.ro\/en\/wp-json\/wp\/v2\/product_tag?post=35220"}],"curies":[{"name":"wp","href":"https:\/\/api.w.org\/{rel}","templated":true}]}}