{"id":35221,"date":"2022-09-12T15:17:02","date_gmt":"2022-09-12T12:17:02","guid":{"rendered":"https:\/\/editura-unibuc.ro\/?post_type=product&#038;p=35221"},"modified":"2025-05-08T10:45:05","modified_gmt":"2025-05-08T07:45:05","slug":"dinamica-vocabularului-limbii-romane-mic-dictionar-de-cuvinte-recent-atestate","status":"publish","type":"product","link":"https:\/\/editura-unibuc.ro\/en\/dinamica-vocabularului-limbii-romane-mic-dictionar-de-cuvinte-recent-atestate\/","title":{"rendered":"DINAMICA VOCABULARULUI LIMBII ROM\u00c2NE. MIC DIC\u021aIONAR DE CUVINTE RECENT ATESTATE"},"content":{"rendered":"<hr \/>\n<p><strong><a href=\"https:\/\/books.google.ro\/books\/about?id=unGVEAAAQBAJ&#038;redir_esc=y\" target=\"_blank\" rel=\"noopener\"><img decoding=\"async\" src=\"https:\/\/editura-unibuc.ro\/wp-content\/uploads\/2025\/04\/goo.png\" \/>Google Books<\/a><\/strong><br \/>&nbsp;<\/p>\n<hr \/>\n<p>Lucrarea de fa\u021b\u0103 con\u021bine 1800 de cuvinte \u00eenregistrate recent \u00een diverse registre \u0219i medii, necuprinse \u00een alte dic\u021bionare consultate, inclusiv \u00een cele dou\u0103 lucr\u0103ri pe care le-am publicat recent: <em>Inventar de cuvinte \u0219i sensuri noi atestate \u00een mediul online<\/em>(Bucure\u0219ti, Editura Academiei Rom\u00e2ne, 2020), \u0219i <em>Sufixele \u00een limba rom\u00e2n\u0103 actual\u0103. Forma\u021bii recente<\/em> (Editura Universit\u0103\u021bii din Bucure\u0219ti, 2021).<\/p>\n","protected":false},"excerpt":{"rendered":"<p>Google Books&nbsp; Lucrarea de fa\u021b\u0103 con\u021bine 1800 de cuvinte \u00eenregistrate recent \u00een diverse registre \u0219i medii, necuprinse \u00een alte dic\u021bionare consultate, inclusiv \u00een cele dou\u0103 lucr\u0103ri pe care le-am publicat recent: Inventar de cuvinte \u0219i sensuri noi atestate \u00een mediul online(Bucure\u0219ti, Editura Academiei Rom\u00e2ne, 2020), \u0219i Sufixele \u00een limba rom\u00e2n\u0103 actual\u0103. Forma\u021bii recente (Editura Universit\u0103\u021bii [&hellip;]<\/p>\n","protected":false},"featured_media":35213,"comment_status":"open","ping_status":"closed","template":"","meta":[],"product_brand":[],"product_cat":[1531,2756,1464,979],"product_tag":[],"class_list":{"0":"post-35221","1":"product","2":"type-product","3":"status-publish","4":"has-post-thumbnail","6":"product_cat-colectii","7":"product_cat-lingvistica-lingua","8":"product_cat-filologie","9":"product_cat-limba-romana","11":"first","12":"instock","13":"shipping-taxable","14":"purchasable","15":"product-type-simple"},"_links":{"self":[{"href":"https:\/\/editura-unibuc.ro\/en\/wp-json\/wp\/v2\/product\/35221","targetHints":{"allow":["GET"]}}],"collection":[{"href":"https:\/\/editura-unibuc.ro\/en\/wp-json\/wp\/v2\/product"}],"about":[{"href":"https:\/\/editura-unibuc.ro\/en\/wp-json\/wp\/v2\/types\/product"}],"replies":[{"embeddable":true,"href":"https:\/\/editura-unibuc.ro\/en\/wp-json\/wp\/v2\/comments?post=35221"}],"wp:featuredmedia":[{"embeddable":true,"href":"https:\/\/editura-unibuc.ro\/en\/wp-json\/wp\/v2\/media\/35213"}],"wp:attachment":[{"href":"https:\/\/editura-unibuc.ro\/en\/wp-json\/wp\/v2\/media?parent=35221"}],"wp:term":[{"taxonomy":"product_brand","embeddable":true,"href":"https:\/\/editura-unibuc.ro\/en\/wp-json\/wp\/v2\/product_brand?post=35221"},{"taxonomy":"product_cat","embeddable":true,"href":"https:\/\/editura-unibuc.ro\/en\/wp-json\/wp\/v2\/product_cat?post=35221"},{"taxonomy":"product_tag","embeddable":true,"href":"https:\/\/editura-unibuc.ro\/en\/wp-json\/wp\/v2\/product_tag?post=35221"}],"curies":[{"name":"wp","href":"https:\/\/api.w.org\/{rel}","templated":true}]}}