{"id":35223,"date":"2022-09-12T15:20:01","date_gmt":"2022-09-12T12:20:01","guid":{"rendered":"https:\/\/editura-unibuc.ro\/?post_type=product&#038;p=35223"},"modified":"2025-05-13T10:56:51","modified_gmt":"2025-05-13T07:56:51","slug":"topica-subiectului-in-limba-romana-veche","status":"publish","type":"product","link":"https:\/\/editura-unibuc.ro\/en\/topica-subiectului-in-limba-romana-veche\/","title":{"rendered":"TOPICA SUBIECTULUI \u00ceN LIMBA ROM\u00c2N\u0102 VECHE"},"content":{"rendered":"<hr \/>\n<p><strong><a href=\"https:\/\/books.google.ro\/books\/about?id=_puFEAAAQBAJ&#038;redir_esc=y\" target=\"_blank\" rel=\"noopener\"><img decoding=\"async\" src=\"https:\/\/editura-unibuc.ro\/wp-content\/uploads\/2025\/04\/goo.png\" \/>Google Books<\/a><\/strong><br \/>&nbsp;<\/p>\n<hr \/>\n<p>\u201eLucrarea de fa\u021b\u0103 are ca obiect de studiu pozi\u021bia subiectului \u00een structura sintactic\u0103 din limba rom\u00e2n\u0103 veche, cu inten\u021bia clar\u0103 de a ar\u0103ta, prin studii cantitative, care este tipul de topic\u0103 reprezentativ pentru textele din perioada 1532-1780.\u201d<\/p>\n","protected":false},"excerpt":{"rendered":"<p>Google Books&nbsp; \u201eLucrarea de fa\u021b\u0103 are ca obiect de studiu pozi\u021bia subiectului \u00een structura sintactic\u0103 din limba rom\u00e2n\u0103 veche, cu inten\u021bia clar\u0103 de a ar\u0103ta, prin studii cantitative, care este tipul de topic\u0103 reprezentativ pentru textele din perioada 1532-1780.\u201d<\/p>\n","protected":false},"featured_media":35214,"comment_status":"open","ping_status":"closed","template":"","meta":[],"product_brand":[],"product_cat":[1531,2756,1464,979],"product_tag":[],"class_list":{"0":"post-35223","1":"product","2":"type-product","3":"status-publish","4":"has-post-thumbnail","6":"product_cat-colectii","7":"product_cat-lingvistica-lingua","8":"product_cat-filologie","9":"product_cat-limba-romana","11":"first","12":"instock","13":"shipping-taxable","14":"purchasable","15":"product-type-simple"},"_links":{"self":[{"href":"https:\/\/editura-unibuc.ro\/en\/wp-json\/wp\/v2\/product\/35223","targetHints":{"allow":["GET"]}}],"collection":[{"href":"https:\/\/editura-unibuc.ro\/en\/wp-json\/wp\/v2\/product"}],"about":[{"href":"https:\/\/editura-unibuc.ro\/en\/wp-json\/wp\/v2\/types\/product"}],"replies":[{"embeddable":true,"href":"https:\/\/editura-unibuc.ro\/en\/wp-json\/wp\/v2\/comments?post=35223"}],"wp:featuredmedia":[{"embeddable":true,"href":"https:\/\/editura-unibuc.ro\/en\/wp-json\/wp\/v2\/media\/35214"}],"wp:attachment":[{"href":"https:\/\/editura-unibuc.ro\/en\/wp-json\/wp\/v2\/media?parent=35223"}],"wp:term":[{"taxonomy":"product_brand","embeddable":true,"href":"https:\/\/editura-unibuc.ro\/en\/wp-json\/wp\/v2\/product_brand?post=35223"},{"taxonomy":"product_cat","embeddable":true,"href":"https:\/\/editura-unibuc.ro\/en\/wp-json\/wp\/v2\/product_cat?post=35223"},{"taxonomy":"product_tag","embeddable":true,"href":"https:\/\/editura-unibuc.ro\/en\/wp-json\/wp\/v2\/product_tag?post=35223"}],"curies":[{"name":"wp","href":"https:\/\/api.w.org\/{rel}","templated":true}]}}