{"id":3525,"date":"2012-11-09T10:21:37","date_gmt":"2012-11-09T07:21:37","guid":{"rendered":"https:\/\/editura-unibuc.ro\/?p=3525"},"modified":"2019-09-10T14:16:11","modified_gmt":"2019-09-10T11:16:11","slug":"perceptia-riscurilor-naturale-cutremure-inundatii-alunecari","status":"publish","type":"product","link":"https:\/\/editura-unibuc.ro\/en\/perceptia-riscurilor-naturale-cutremure-inundatii-alunecari\/","title":{"rendered":"BIOHAZARD PERCEPTION: EARTHQUAKES, FLOODS, LANDSLIDES"},"content":{"rendered":"<p>Percep\u021bia riscurilor naturale reprezint\u0103 \u00een cazul comunit\u0103\u021bilor expuse \u0219i vulnerabile o verig\u0103 esen\u021bial\u0103 \u00een analiza rela\u021biei de coping om-mediu \u0219i un parametru important \u00een cuantificarea vulnerabilit\u0103\u021bii complexe, variabil\u0103 predictiv\u0103 central\u0103 \u00een ecua\u021bia riscului.<br \/>\nLucrarea are ca obiectiv, pe baza dezvolt\u0103rii unor metodologii eficiente de evaluare, identificarea unor patternuri de rela\u021bionare a diferitelor comunit\u0103\u021bi umane cu situa\u021bii de risc natural, \u00een func\u021bie de caracteristicile de mediu, de indicatorii de vulnerabilitate psiho-social\u0103 \u0219i economic\u0103, cu rezultate aplicabile \u00een managementul dezastrelor.<br \/>\nModelul clasic dispozi\u021bional a constituit un punct de reper \u00een proiectarea anchetelor psiho-sociale, fiind de expectat ca identificarea \u0219i cuantificarea adecvat\u0103 a unor tr\u0103s\u0103turi (factori), precum anxietatea, vulnerabilitatea la stres, locusul de control (intern\/extern), intoleran\u021ba la incertitudine, s\u0103 func\u021bioneze predictiv \u00een raport cu variabilele comportamentale (dependente) agregate, cum ar fi copingul adaptativ versus dezadaptativ.<br \/>\n\u00cen func\u021bie de constela\u021bia riscurilor specifice teritoriului Rom\u00e2niei \u0219i a vulnerabilit\u0103\u021bilor rezultate din particularit\u0103\u021bile locuirii urbane sau rurale a spa\u021biului, cercetarea s-a axat pe problematica rela\u021bion\u0103rii cu riscul seismic, cu riscul inunda\u021biilor \u0219i al alunec\u0103rilor de teren \u00een areale caracteristice: Municipiul Bucure\u0219ti, Delta Dun\u0103rii \u0219i sectorul subcarpatic al bazinului r\u00e2ului Prahova.<\/p>","protected":false},"excerpt":{"rendered":"<p>Percep\u021bia riscurilor naturale reprezint\u0103 \u00een cazul comunit\u0103\u021bilor expuse \u0219i vulnerabile o verig\u0103 esen\u021bial\u0103 \u00een analiza rela\u021biei de coping om-mediu \u0219i un parametru important \u00een cuantificarea vulnerabilit\u0103\u021bii complexe, variabil\u0103 predictiv\u0103 central\u0103 \u00een ecua\u021bia riscului. Lucrarea are ca obiectiv, pe baza dezvolt\u0103rii unor metodologii eficiente de evaluare, identificarea unor patternuri de rela\u021bionare a diferitelor comunit\u0103\u021bi umane cu [&hellip;]<\/p>\n","protected":false},"featured_media":10122,"comment_status":"open","ping_status":"closed","template":"","meta":[],"product_brand":[],"product_cat":[1466,989],"product_tag":[903],"class_list":{"0":"post-3525","1":"product","2":"type-product","3":"status-publish","4":"has-post-thumbnail","6":"product_cat-stiinte-ale-naturii","7":"product_cat-geografie","8":"product_tag-geografie","10":"first","11":"outofstock","12":"shipping-taxable","13":"purchasable","14":"product-type-simple"},"_links":{"self":[{"href":"https:\/\/editura-unibuc.ro\/en\/wp-json\/wp\/v2\/product\/3525","targetHints":{"allow":["GET"]}}],"collection":[{"href":"https:\/\/editura-unibuc.ro\/en\/wp-json\/wp\/v2\/product"}],"about":[{"href":"https:\/\/editura-unibuc.ro\/en\/wp-json\/wp\/v2\/types\/product"}],"replies":[{"embeddable":true,"href":"https:\/\/editura-unibuc.ro\/en\/wp-json\/wp\/v2\/comments?post=3525"}],"wp:featuredmedia":[{"embeddable":true,"href":"https:\/\/editura-unibuc.ro\/en\/wp-json\/wp\/v2\/media\/10122"}],"wp:attachment":[{"href":"https:\/\/editura-unibuc.ro\/en\/wp-json\/wp\/v2\/media?parent=3525"}],"wp:term":[{"taxonomy":"product_brand","embeddable":true,"href":"https:\/\/editura-unibuc.ro\/en\/wp-json\/wp\/v2\/product_brand?post=3525"},{"taxonomy":"product_cat","embeddable":true,"href":"https:\/\/editura-unibuc.ro\/en\/wp-json\/wp\/v2\/product_cat?post=3525"},{"taxonomy":"product_tag","embeddable":true,"href":"https:\/\/editura-unibuc.ro\/en\/wp-json\/wp\/v2\/product_tag?post=3525"}],"curies":[{"name":"wp","href":"https:\/\/api.w.org\/{rel}","templated":true}]}}