{"id":35379,"date":"2022-09-23T11:15:25","date_gmt":"2022-09-23T08:15:25","guid":{"rendered":"https:\/\/editura-unibuc.ro\/?post_type=product&#038;p=35379"},"modified":"2025-05-08T10:54:05","modified_gmt":"2025-05-08T07:54:05","slug":"dreptate-fapt-social-si-virtute-crestina","status":"publish","type":"product","link":"https:\/\/editura-unibuc.ro\/en\/dreptate-fapt-social-si-virtute-crestina\/","title":{"rendered":"DREPTATEA, FAPT SOCIAL \u0218I VIRTUTE CRE\u0218TIN\u0102"},"content":{"rendered":"<hr \/>\n<p><strong><a href=\"https:\/\/books.google.ro\/books\/about?id=kHGVEAAAQBAJ&#038;redir_esc=y\" target=\"_blank\" rel=\"noopener\"><img decoding=\"async\" src=\"https:\/\/editura-unibuc.ro\/wp-content\/uploads\/2025\/04\/goo.png\" \/>Google Books<\/a><\/strong><br \/>&nbsp;<\/p>\n<hr \/>\n<p>\u201e\u00cen viziunea cre\u0219tin\u0103, dreptatea este unul dintre atributele lui Dumnezeu, Care se manifest\u0103 \u00een afara Sa cre\u00e2nd lumea \u0219i purt\u00e2ndu-i de grij\u0103, totdeauna prin raport\u0103ri drepte fa\u021b\u0103 de ea, adic\u0103 prin lucr\u0103rile Sale corespunz\u0103toare fiin\u021bei Acestuia. Aceste lucr\u0103ri nu au avut \u0219i nu au drept obiectiv s\u0103 ni-L descopere pe Dumnezeu ca fiind DREPT, reper absolut al drept\u0103\u021bii omene\u0219ti. Obiectivul tuturor lucr\u0103rilor drepte ale lui Dumnezeu \u00een istorie a fost ca omul s\u0103 devin\u0103 drept, adic\u0103 s\u0103 tr\u0103iasc\u0103 onest \u0219i s\u0103 acorde fiec\u0103ruia ceea ce i se cuvine, dar, \u00een<br \/>\nacela\u0219i timp, s\u0103 se ,,\u00eendrepteze\u201d el \u00eensu\u0219i. (&#8230;)<br \/>\n\u00centre faptul concret al drept\u0103\u021bii sociale \u0219i starea de dreptate a persoanei angajate s\u0103 \u00eemplineasc\u0103 fapte drepte din punct de vedere social exist\u0103 nu numai o rela\u021bie str\u00e2ns\u0103, ci \u0219i\/sau mai ales una cauzal\u0103: este exclus ca o persoan\u0103, indiferent\u0103 fa\u021b\u0103 de calitatea sa moral\u0103 determinat\u0103 de virtutea drept\u0103\u021bii, s\u0103 poat\u0103 \u00eenf\u0103ptui fapte sociale realmente bune, adic\u0103 s\u0103 fie bune sub toate aspectele care presupun instituirea drept\u0103\u021bii sociale valabil\u0103<br \/>\npentru to\u021bi cet\u0103\u021benii \u0219i cu o perspectiv\u0103 de durat\u0103 pentru to\u021bi.\u201d (Pr. Prof. Dr. Vasile R\u0103duc\u0103)<\/p>\n","protected":false},"excerpt":{"rendered":"<p>Google Books&nbsp; \u201e\u00cen viziunea cre\u0219tin\u0103, dreptatea este unul dintre atributele lui Dumnezeu, Care se manifest\u0103 \u00een afara Sa cre\u00e2nd lumea \u0219i purt\u00e2ndu-i de grij\u0103, totdeauna prin raport\u0103ri drepte fa\u021b\u0103 de ea, adic\u0103 prin lucr\u0103rile Sale corespunz\u0103toare fiin\u021bei Acestuia. Aceste lucr\u0103ri nu au avut \u0219i nu au drept obiectiv s\u0103 ni-L descopere pe Dumnezeu ca fiind [&hellip;]<\/p>\n","protected":false},"featured_media":35380,"comment_status":"open","ping_status":"closed","template":"","meta":[],"product_brand":[],"product_cat":[1531,2597,991,999],"product_tag":[],"class_list":{"0":"post-35379","1":"product","2":"type-product","3":"status-publish","4":"has-post-thumbnail","6":"product_cat-colectii","7":"product_cat-studia-theologica","8":"product_cat-stiinte-sociale","9":"product_cat-teologie","11":"first","12":"instock","13":"shipping-taxable","14":"purchasable","15":"product-type-simple"},"_links":{"self":[{"href":"https:\/\/editura-unibuc.ro\/en\/wp-json\/wp\/v2\/product\/35379","targetHints":{"allow":["GET"]}}],"collection":[{"href":"https:\/\/editura-unibuc.ro\/en\/wp-json\/wp\/v2\/product"}],"about":[{"href":"https:\/\/editura-unibuc.ro\/en\/wp-json\/wp\/v2\/types\/product"}],"replies":[{"embeddable":true,"href":"https:\/\/editura-unibuc.ro\/en\/wp-json\/wp\/v2\/comments?post=35379"}],"wp:featuredmedia":[{"embeddable":true,"href":"https:\/\/editura-unibuc.ro\/en\/wp-json\/wp\/v2\/media\/35380"}],"wp:attachment":[{"href":"https:\/\/editura-unibuc.ro\/en\/wp-json\/wp\/v2\/media?parent=35379"}],"wp:term":[{"taxonomy":"product_brand","embeddable":true,"href":"https:\/\/editura-unibuc.ro\/en\/wp-json\/wp\/v2\/product_brand?post=35379"},{"taxonomy":"product_cat","embeddable":true,"href":"https:\/\/editura-unibuc.ro\/en\/wp-json\/wp\/v2\/product_cat?post=35379"},{"taxonomy":"product_tag","embeddable":true,"href":"https:\/\/editura-unibuc.ro\/en\/wp-json\/wp\/v2\/product_tag?post=35379"}],"curies":[{"name":"wp","href":"https:\/\/api.w.org\/{rel}","templated":true}]}}