{"id":3589,"date":"2012-11-09T11:47:00","date_gmt":"2012-11-09T08:47:00","guid":{"rendered":"https:\/\/editura-unibuc.ro\/?p=3589"},"modified":"2017-07-04T11:58:58","modified_gmt":"2017-07-04T08:58:58","slug":"condimente-pro-si-anticancerigene","status":"publish","type":"product","link":"https:\/\/editura-unibuc.ro\/en\/condimente-pro-si-anticancerigene\/","title":{"rendered":"PRO AND ANTICANCER SPICES"},"content":{"rendered":"<p>\u00cen general, condimentele \u0219i uleiurile esen\u021biale din plantele aromatice sunt bogate \u00een fitochimicale benefice s\u0103n\u0103t\u0103\u021bii, fiind astfel posibile surse de compu\u0219i chimiopreventivi \u0219i terapeutici \u00een multe afec\u021biuni.<br \/>\n\u00cen ultimii ani s-a acordat un interes deosebit identific\u0103rii de noi agen\u021bi chimioprotectori \u00een cancer. Exist\u0103 ast\u0103zi cel pu\u021bin 120 substan\u021be chimice ob\u021binute din plante, considerate importante medicamente, folosite \u00een mod curent, unele av\u00e2nd efecte anticancerigene.<br \/>\nCondimentele naturale au, printre altele, propriet\u0103\u021bi antioxidante \u0219i antimutagene, cu capacitatea de a inhiba carcinogeneza indus\u0103 chimic.<br \/>\nParadoxal \u00eens\u0103, unele condimente au at\u00e2t efecte procarcinogene, c\u00e2t \u0219i anticancerigene, evident, \u00een func\u021bie de forma \u00een care sunt preparate (infuzie, decoct, macerat, uleiuri, tinctur\u0103, inhala\u021bie, compres\u0103 etc.), doza, timpul \u0219i modul de administrare.<br \/>\nCompu\u0219ii activi extra\u0219i prin diverse procedee sunt ob\u021binu\u021bi din frunzele, rizomii, mugurii, florile, fructele sau semin\u021bele plantelor medicinale \u0219i aromatice.<\/p>\n","protected":false},"excerpt":{"rendered":"<p>\u00cen general, condimentele \u0219i uleiurile esen\u021biale din plantele aromatice sunt bogate \u00een fitochimicale benefice s\u0103n\u0103t\u0103\u021bii, fiind astfel posibile surse de compu\u0219i chimiopreventivi \u0219i terapeutici \u00een multe afec\u021biuni. \u00cen ultimii ani s-a acordat un interes deosebit identific\u0103rii de noi agen\u021bi chimioprotectori \u00een cancer. Exist\u0103 ast\u0103zi cel pu\u021bin 120 substan\u021be chimice ob\u021binute din plante, considerate importante medicamente, [&hellip;]<\/p>\n","protected":false},"featured_media":10116,"comment_status":"open","ping_status":"closed","template":"","meta":[],"product_brand":[],"product_cat":[1466,988],"product_tag":[904,906],"class_list":{"0":"post-3589","1":"product","2":"type-product","3":"status-publish","4":"has-post-thumbnail","6":"product_cat-stiinte-ale-naturii","7":"product_cat-biologie","8":"product_tag-biologie","9":"product_tag-medicina","11":"first","12":"outofstock","13":"shipping-taxable","14":"purchasable","15":"product-type-simple"},"_links":{"self":[{"href":"https:\/\/editura-unibuc.ro\/en\/wp-json\/wp\/v2\/product\/3589","targetHints":{"allow":["GET"]}}],"collection":[{"href":"https:\/\/editura-unibuc.ro\/en\/wp-json\/wp\/v2\/product"}],"about":[{"href":"https:\/\/editura-unibuc.ro\/en\/wp-json\/wp\/v2\/types\/product"}],"replies":[{"embeddable":true,"href":"https:\/\/editura-unibuc.ro\/en\/wp-json\/wp\/v2\/comments?post=3589"}],"wp:featuredmedia":[{"embeddable":true,"href":"https:\/\/editura-unibuc.ro\/en\/wp-json\/wp\/v2\/media\/10116"}],"wp:attachment":[{"href":"https:\/\/editura-unibuc.ro\/en\/wp-json\/wp\/v2\/media?parent=3589"}],"wp:term":[{"taxonomy":"product_brand","embeddable":true,"href":"https:\/\/editura-unibuc.ro\/en\/wp-json\/wp\/v2\/product_brand?post=3589"},{"taxonomy":"product_cat","embeddable":true,"href":"https:\/\/editura-unibuc.ro\/en\/wp-json\/wp\/v2\/product_cat?post=3589"},{"taxonomy":"product_tag","embeddable":true,"href":"https:\/\/editura-unibuc.ro\/en\/wp-json\/wp\/v2\/product_tag?post=3589"}],"curies":[{"name":"wp","href":"https:\/\/api.w.org\/{rel}","templated":true}]}}