{"id":3607,"date":"2012-11-09T12:24:57","date_gmt":"2012-11-09T09:24:57","guid":{"rendered":"https:\/\/editura-unibuc.ro\/?p=3607"},"modified":"2018-08-30T12:10:38","modified_gmt":"2018-08-30T09:10:38","slug":"economia-si-managementul-afacerilor-mici-si-mijlocii","status":"publish","type":"product","link":"https:\/\/editura-unibuc.ro\/en\/economia-si-managementul-afacerilor-mici-si-mijlocii\/","title":{"rendered":"SMALL AND MEDIUM ENTERPRISE MANAGEMENT"},"content":{"rendered":"<p>\u201eCartea oferit\u0103 cititorilor ast\u0103zi are marea calitate de a \u00eembina o informa\u021bie \u0219tiin\u021bific\u0103 valoroas\u0103 , adesea provenit\u0103 din cercet\u0103ri de dat\u0103 extrem de recent\u0103 , cu o structur\u0103 ordonat\u0103, inteligibil\u0103, specific\u0103 manualelor pentru studen\u021bi. Elementele de natur\u0103 conceptual\u0103, specifice unor capitole ca 1, 4, 7 etc., se \u00eembin\u0103 cu elementele de ordin practic care se reg\u0103sesc cu prisosin\u021b\u0103 \u00een capitole ca 2, 5, 9 etc. sau cu elemente care \u021bin de observarea unor fenomene a\u0219a cum au fost, pe care le reg\u0103sim \u00een capitole ca de exemplu 3, sau 11. La finalul fiec\u0103rui capitol exist\u0103 elemente de ghidare a studen\u021bilor, prin intermediul unor sec\u021biuni rezumative, sau a unor sec\u021biuni dedicate problemelor de discutat. Din punct de vedere didactic, aceast\u0103 structur\u0103 organizeaz\u0103 informa\u021bia \u0219i permite cititorului odat\u0103 \u00een plus s\u0103 extrag\u0103 esen\u021ba din mesajul comunicat de autori. Bibliografia recomandat\u0103 la sf\u00e2r\u0219itul fiec\u0103rui capitol ajut\u0103, de asemenea, la o direc\u021bionare a lecturii c\u0103tre elementele concrete, ceea ce reprezint\u0103 un mare avantaj \u00eentr-un timp \u00een care volumul uria\u0219 de informa\u021bie care ne pune sub presiune \u00een fiecare zi poate crea cititorului confuzie \u0219i frustrare.\u201d (Prof.univ.dr.Elena Druic\u0103)<\/p>","protected":false},"excerpt":{"rendered":"<p>\u201eCartea oferit\u0103 cititorilor ast\u0103zi are marea calitate de a \u00eembina o informa\u021bie \u0219tiin\u021bific\u0103 valoroas\u0103 , adesea provenit\u0103 din cercet\u0103ri de dat\u0103 extrem de recent\u0103 , cu o structur\u0103 ordonat\u0103, inteligibil\u0103, specific\u0103 manualelor pentru studen\u021bi. Elementele de natur\u0103 conceptual\u0103, specifice unor capitole ca 1, 4, 7 etc., se \u00eembin\u0103 cu elementele de ordin practic care se [&hellip;]<\/p>\n","protected":false},"featured_media":10109,"comment_status":"open","ping_status":"closed","template":"","meta":[],"product_brand":[],"product_cat":[991,992],"product_tag":[1066,1319],"class_list":{"0":"post-3607","1":"product","2":"type-product","3":"status-publish","4":"has-post-thumbnail","6":"product_cat-stiinte-sociale","7":"product_cat-administratie-si-afaceri","8":"product_tag-economie","9":"product_tag-management","11":"first","12":"outofstock","13":"shipping-taxable","14":"purchasable","15":"product-type-simple"},"_links":{"self":[{"href":"https:\/\/editura-unibuc.ro\/en\/wp-json\/wp\/v2\/product\/3607","targetHints":{"allow":["GET"]}}],"collection":[{"href":"https:\/\/editura-unibuc.ro\/en\/wp-json\/wp\/v2\/product"}],"about":[{"href":"https:\/\/editura-unibuc.ro\/en\/wp-json\/wp\/v2\/types\/product"}],"replies":[{"embeddable":true,"href":"https:\/\/editura-unibuc.ro\/en\/wp-json\/wp\/v2\/comments?post=3607"}],"wp:featuredmedia":[{"embeddable":true,"href":"https:\/\/editura-unibuc.ro\/en\/wp-json\/wp\/v2\/media\/10109"}],"wp:attachment":[{"href":"https:\/\/editura-unibuc.ro\/en\/wp-json\/wp\/v2\/media?parent=3607"}],"wp:term":[{"taxonomy":"product_brand","embeddable":true,"href":"https:\/\/editura-unibuc.ro\/en\/wp-json\/wp\/v2\/product_brand?post=3607"},{"taxonomy":"product_cat","embeddable":true,"href":"https:\/\/editura-unibuc.ro\/en\/wp-json\/wp\/v2\/product_cat?post=3607"},{"taxonomy":"product_tag","embeddable":true,"href":"https:\/\/editura-unibuc.ro\/en\/wp-json\/wp\/v2\/product_tag?post=3607"}],"curies":[{"name":"wp","href":"https:\/\/api.w.org\/{rel}","templated":true}]}}