{"id":3611,"date":"2012-11-09T12:31:08","date_gmt":"2012-11-09T09:31:08","guid":{"rendered":"https:\/\/editura-unibuc.ro\/?p=3611"},"modified":"2015-03-13T17:39:35","modified_gmt":"2015-03-13T15:39:35","slug":"cultura-profesionala-a-jurnalistilor","status":"publish","type":"product","link":"https:\/\/editura-unibuc.ro\/en\/cultura-profesionala-a-jurnalistilor\/","title":{"rendered":"JOURNALISTS&#8217; PROFESSIONAL CULTURE"},"content":{"rendered":"<p>\u201eAceast\u0103 carte reprezint\u0103 o introducere \u00een cultura profesional\u0103 a jurnali\u0219tilor. Ea \u00eencearc\u0103 s\u0103 r\u0103spund\u0103 la mai multe \u00eentreb\u0103ri: Ce este jurnalismul, meserie sau profesie? Cum se formeaz\u0103 cultura profesional\u0103 a jurnali\u0219tilor? Ce reprezint\u0103 valorile \u0219i rolurile profesionale ale jurnali\u0219tilor? Care sunt elementele definitorii ale culturilor profesionale ale jurnali\u0219tilor din Rom\u00e2nia \u0219i Republica Moldova? Pentru explicarea acestor dileme am pornit de la stabilirea unui cadrun teoretic, analiz\u00e2nd c\u00e2teva dintre principalele concepte, care sunt reprezentative pentru cultura profesional\u0103 a jurnali\u0219tilor: profesie, profesionalism, valori, roluri \u0219i repezent\u0103ri profesionale. Profesia a fost definit\u0103 \u00een termeni de pozi\u021bie privilegiat\u0103, pe care o de\u021bine un grup de persoane, care presupune \u00eencredere \u0219i responsabilitate public\u0103 \u0219i necesit\u0103 forme de preg\u0103tire\/educa\u021bie extinse \u0219i costisitoare, iar profesionalismul a fost caracterizat \u00een raport cu atributele, standardele indispensabile oric\u0103rei activit\u0103\u021bi profesionale, precum studii specializate, autoreglementare \u0219i cod etic. \u201c (Natalia Vasilendiuc)<\/p>","protected":false},"excerpt":{"rendered":"<p>\u201eAceast\u0103 carte reprezint\u0103 o introducere \u00een cultura profesional\u0103 a jurnali\u0219tilor. Ea \u00eencearc\u0103 s\u0103 r\u0103spund\u0103 la mai multe \u00eentreb\u0103ri: Ce este jurnalismul, meserie sau profesie? Cum se formeaz\u0103 cultura profesional\u0103 a jurnali\u0219tilor? Ce reprezint\u0103 valorile \u0219i rolurile profesionale ale jurnali\u0219tilor? Care sunt elementele definitorii ale culturilor profesionale ale jurnali\u0219tilor din Rom\u00e2nia \u0219i Republica Moldova? Pentru explicarea [&hellip;]<\/p>\n","protected":false},"featured_media":10106,"comment_status":"open","ping_status":"closed","template":"","meta":[],"product_brand":[],"product_cat":[991,996],"product_tag":[1100],"class_list":{"0":"post-3611","1":"product","2":"type-product","3":"status-publish","4":"has-post-thumbnail","6":"product_cat-stiinte-sociale","7":"product_cat-jurnalism-si-stiintele-comunicarii","8":"product_tag-jurnalism","10":"first","11":"instock","12":"shipping-taxable","13":"purchasable","14":"product-type-simple"},"_links":{"self":[{"href":"https:\/\/editura-unibuc.ro\/en\/wp-json\/wp\/v2\/product\/3611","targetHints":{"allow":["GET"]}}],"collection":[{"href":"https:\/\/editura-unibuc.ro\/en\/wp-json\/wp\/v2\/product"}],"about":[{"href":"https:\/\/editura-unibuc.ro\/en\/wp-json\/wp\/v2\/types\/product"}],"replies":[{"embeddable":true,"href":"https:\/\/editura-unibuc.ro\/en\/wp-json\/wp\/v2\/comments?post=3611"}],"wp:featuredmedia":[{"embeddable":true,"href":"https:\/\/editura-unibuc.ro\/en\/wp-json\/wp\/v2\/media\/10106"}],"wp:attachment":[{"href":"https:\/\/editura-unibuc.ro\/en\/wp-json\/wp\/v2\/media?parent=3611"}],"wp:term":[{"taxonomy":"product_brand","embeddable":true,"href":"https:\/\/editura-unibuc.ro\/en\/wp-json\/wp\/v2\/product_brand?post=3611"},{"taxonomy":"product_cat","embeddable":true,"href":"https:\/\/editura-unibuc.ro\/en\/wp-json\/wp\/v2\/product_cat?post=3611"},{"taxonomy":"product_tag","embeddable":true,"href":"https:\/\/editura-unibuc.ro\/en\/wp-json\/wp\/v2\/product_tag?post=3611"}],"curies":[{"name":"wp","href":"https:\/\/api.w.org\/{rel}","templated":true}]}}