{"id":36135,"date":"2022-11-19T13:00:30","date_gmt":"2022-11-19T11:00:30","guid":{"rendered":"https:\/\/editura-unibuc.ro\/?post_type=product&#038;p=36135"},"modified":"2025-04-28T13:45:34","modified_gmt":"2025-04-28T10:45:34","slug":"aspecte-biofizice-la-nivelul-sistemului-muscular","status":"publish","type":"product","link":"https:\/\/editura-unibuc.ro\/en\/aspecte-biofizice-la-nivelul-sistemului-muscular\/","title":{"rendered":"ASPECTE BIOFIZICE LA NIVELUL SISTEMULUI MUSCULAR"},"content":{"rendered":"<hr \/>\n<p><strong><a href=\"https:\/\/books.google.ro\/books\/about?id=BjigEAAAQBAJ&#038;redir_esc=y\" target=\"_blank\" rel=\"noopener\"><img decoding=\"async\" src=\"https:\/\/editura-unibuc.ro\/wp-content\/uploads\/2025\/04\/goo.png\" \/>Google Books<\/a><\/strong><br \/>&nbsp;<\/p>\n<hr \/>\n<p>\u00cen acest tratat nu se urmeaz\u0103 calea tradi\u021bional\u0103 cronologic\u0103 a prezent\u0103rii \u0219i analizei realiz\u0103rilor bionice, ci ordonarea dup\u0103 un alt criteriu c\u0103l\u0103uzitor: ierarhia nivelurilor de organizare a materiei vii, \u00eencep\u00e2nd cu cel mai profund, molecular \u0219i \u00eencheind cu cel mai complex, popula\u021bional, trec\u00e2nd succesiv prin cele subcelulare, celulare tisulare \u0219i organismice.<\/p>\n","protected":false},"excerpt":{"rendered":"<p>Google Books&nbsp; \u00cen acest tratat nu se urmeaz\u0103 calea tradi\u021bional\u0103 cronologic\u0103 a prezent\u0103rii \u0219i analizei realiz\u0103rilor bionice, ci ordonarea dup\u0103 un alt criteriu c\u0103l\u0103uzitor: ierarhia nivelurilor de organizare a materiei vii, \u00eencep\u00e2nd cu cel mai profund, molecular \u0219i \u00eencheind cu cel mai complex, popula\u021bional, trec\u00e2nd succesiv prin cele subcelulare, celulare tisulare \u0219i organismice.<\/p>\n","protected":false},"featured_media":36129,"comment_status":"open","ping_status":"closed","template":"","meta":[],"product_brand":[],"product_cat":[1531,2839,982,984],"product_tag":[3879,3878],"class_list":{"0":"post-36135","1":"product","2":"type-product","3":"status-publish","4":"has-post-thumbnail","6":"product_cat-colectii","7":"product_cat-fizicaphysics","8":"product_cat-stiinte-exacte","9":"product_cat-fizica","10":"product_tag-contractie-musculara","11":"product_tag-functiile-muschilor","13":"first","14":"instock","15":"shipping-taxable","16":"purchasable","17":"product-type-simple"},"_links":{"self":[{"href":"https:\/\/editura-unibuc.ro\/en\/wp-json\/wp\/v2\/product\/36135","targetHints":{"allow":["GET"]}}],"collection":[{"href":"https:\/\/editura-unibuc.ro\/en\/wp-json\/wp\/v2\/product"}],"about":[{"href":"https:\/\/editura-unibuc.ro\/en\/wp-json\/wp\/v2\/types\/product"}],"replies":[{"embeddable":true,"href":"https:\/\/editura-unibuc.ro\/en\/wp-json\/wp\/v2\/comments?post=36135"}],"wp:featuredmedia":[{"embeddable":true,"href":"https:\/\/editura-unibuc.ro\/en\/wp-json\/wp\/v2\/media\/36129"}],"wp:attachment":[{"href":"https:\/\/editura-unibuc.ro\/en\/wp-json\/wp\/v2\/media?parent=36135"}],"wp:term":[{"taxonomy":"product_brand","embeddable":true,"href":"https:\/\/editura-unibuc.ro\/en\/wp-json\/wp\/v2\/product_brand?post=36135"},{"taxonomy":"product_cat","embeddable":true,"href":"https:\/\/editura-unibuc.ro\/en\/wp-json\/wp\/v2\/product_cat?post=36135"},{"taxonomy":"product_tag","embeddable":true,"href":"https:\/\/editura-unibuc.ro\/en\/wp-json\/wp\/v2\/product_tag?post=36135"}],"curies":[{"name":"wp","href":"https:\/\/api.w.org\/{rel}","templated":true}]}}