{"id":36137,"date":"2022-11-19T13:05:12","date_gmt":"2022-11-19T11:05:12","guid":{"rendered":"https:\/\/editura-unibuc.ro\/?post_type=product&#038;p=36137"},"modified":"2025-05-13T11:26:21","modified_gmt":"2025-05-13T08:26:21","slug":"vocatia-pedagogica-a-laicilor-in-biserica","status":"publish","type":"product","link":"https:\/\/editura-unibuc.ro\/en\/vocatia-pedagogica-a-laicilor-in-biserica\/","title":{"rendered":"VOCA\u021aIA PEDAGOGIC\u0102 A LAICILOR \u00ceN BISERIC\u0102"},"content":{"rendered":"<hr \/>\n<p><strong><a href=\"https:\/\/books.google.ro\/books\/about?id=PG-vEAAAQBAJ&#038;redir_esc=y\" target=\"_blank\" rel=\"noopener\"><img decoding=\"async\" src=\"https:\/\/editura-unibuc.ro\/wp-content\/uploads\/2025\/04\/goo.png\" \/>Google Books<\/a><\/strong><br \/>&nbsp;<\/p>\n<hr \/>\n<p>\u201ePrin aceast\u0103 carte ne-am propus s\u0103 prezent\u0103m, selectiv \u0219i analitic, diferite moduri de a vorbi despre credin\u021b\u0103, via\u021b\u0103 religioas\u0103 \u0219i Dumnezeu, unele inedite sau prea pu\u021bin \u0219tiute, care s-au bucurat de un impact semnificativ \u00een peisajul religios autohton din ultima sut\u0103 de ani, eviden\u021biind tr\u0103s\u0103turile distincte ale unor personalit\u0103\u021bi care \u0219i-au pus amprenta luminoas\u0103 asupra apostolatului mirenilor \u00een Biserica Ortodox\u0103 Rom\u00e2n\u0103.<br \/>\nF\u0103r\u0103 preten\u021bia de a fi epuizat toat\u0103 complexitatea voca\u021biei lor speciale de pedagogi c\u0103tre Hristos, acest demers este un act de gratitudine \u0219i de respect fa\u021b\u0103 de \u00eenainta\u0219ii (Natalia-Manoilescu-Dinu, Olga Greceanu, Simion Mehedin\u021bi-Soveja, Teodor M. Popescu) \u0219i contemporanii (Dorel Zaica, Sorin Dumitrescu, Costion Nicolescu) no\u0219tri care, \u00een vremuri de cenzur\u0103 a libert\u0103\u021bilor religioase elementare sau de vitalitate religios\u0103, \u00een vremuri de precaritate economic\u0103 sau de prosperitate financiar\u0103, \u00een vremuri de prigoan\u0103 a Bisericii sau de efervescen\u021b\u0103 misionar\u0103, \u00een vremuri de penurie informa\u021bional\u0103 sau de abunden\u021b\u0103 a mijloacelor moderne de comunicare digital\u0103, au expus \u00eenv\u0103\u021b\u0103tura de credin\u021b\u0103 pe \u00een\u021belesul oamenilor obi\u0219nui\u021bi, \u00eentr-o manier\u0103 clar\u0103 \u0219i seduc\u0103toare, ajut\u00e2ndu-i pe ace\u0219tia s\u0103-\u0219i \u00een\u0163eleag\u0103 propria identitate religioas\u0103 \u0219i, nu \u00een ultimul r\u00e2nd, s\u0103-\u015fi cunoasc\u0103 sensul propriei vie\u021bi. C\u0103ci religia poate fi, \u00eentr-adev\u0103r, cel mai plictisitor sau cel mai minunat lucru de pe lume. Depinde cine \u0219i cum o transmite \u0219i o tr\u0103ie\u0219te.<br \/>\n\u00cen contextul foarte dinamic al ultimilor ani, \u00een care Biserica a fost atras\u0103 \u00een numeroase polemici publice legate de provoc\u0103ri etice, medicale, politice \u0219i educa\u021bionale prin care trece societatea rom\u00e2neasc\u0103, numero\u0219i laici competen\u021bi \u0219i credincio\u0219i au formulat r\u0103spunsuri argumentate \u0219i pertinente, care au fost, uneori, mult mai bine receptate \u00een mass-media dec\u00e2t opiniile unor clerici sau ierarhi. Iat\u0103 cum apologetica mirenilor este, \u00een multe situa\u021bii, mai accesibil\u0103, mai credibil\u0103 \u0219i mai conving\u0103toare pentru lumea de ast\u0103zi dec\u00e2t retorica bisericeasc\u0103 clasic\u0103, tributar\u0103 unui limbaj \u0219i unor cli\u0219ee specifice mentalit\u0103\u021bii de cetate asediat\u0103.\u201d<\/p>\n<p style=\"text-align: right\">Autorul<\/p>\n","protected":false},"excerpt":{"rendered":"<p>Google Books&nbsp; \u201ePrin aceast\u0103 carte ne-am propus s\u0103 prezent\u0103m, selectiv \u0219i analitic, diferite moduri de a vorbi despre credin\u021b\u0103, via\u021b\u0103 religioas\u0103 \u0219i Dumnezeu, unele inedite sau prea pu\u021bin \u0219tiute, care s-au bucurat de un impact semnificativ \u00een peisajul religios autohton din ultima sut\u0103 de ani, eviden\u021biind tr\u0103s\u0103turile distincte ale unor personalit\u0103\u021bi care \u0219i-au pus amprenta [&hellip;]<\/p>\n","protected":false},"featured_media":36127,"comment_status":"open","ping_status":"closed","template":"","meta":[],"product_brand":[],"product_cat":[1531,2597,991,999],"product_tag":[2273,3884,3882,3883,1316],"class_list":{"0":"post-36137","1":"product","2":"type-product","3":"status-publish","4":"has-post-thumbnail","6":"product_cat-colectii","7":"product_cat-studia-theologica","8":"product_cat-stiinte-sociale","9":"product_cat-teologie","10":"product_tag-biserica-ortodoxa-romana","11":"product_tag-educatie-religioasa","12":"product_tag-laici","13":"product_tag-misiune","14":"product_tag-pedagogie","16":"first","17":"instock","18":"shipping-taxable","19":"purchasable","20":"product-type-simple"},"_links":{"self":[{"href":"https:\/\/editura-unibuc.ro\/en\/wp-json\/wp\/v2\/product\/36137","targetHints":{"allow":["GET"]}}],"collection":[{"href":"https:\/\/editura-unibuc.ro\/en\/wp-json\/wp\/v2\/product"}],"about":[{"href":"https:\/\/editura-unibuc.ro\/en\/wp-json\/wp\/v2\/types\/product"}],"replies":[{"embeddable":true,"href":"https:\/\/editura-unibuc.ro\/en\/wp-json\/wp\/v2\/comments?post=36137"}],"wp:featuredmedia":[{"embeddable":true,"href":"https:\/\/editura-unibuc.ro\/en\/wp-json\/wp\/v2\/media\/36127"}],"wp:attachment":[{"href":"https:\/\/editura-unibuc.ro\/en\/wp-json\/wp\/v2\/media?parent=36137"}],"wp:term":[{"taxonomy":"product_brand","embeddable":true,"href":"https:\/\/editura-unibuc.ro\/en\/wp-json\/wp\/v2\/product_brand?post=36137"},{"taxonomy":"product_cat","embeddable":true,"href":"https:\/\/editura-unibuc.ro\/en\/wp-json\/wp\/v2\/product_cat?post=36137"},{"taxonomy":"product_tag","embeddable":true,"href":"https:\/\/editura-unibuc.ro\/en\/wp-json\/wp\/v2\/product_tag?post=36137"}],"curies":[{"name":"wp","href":"https:\/\/api.w.org\/{rel}","templated":true}]}}