{"id":36139,"date":"2022-11-19T13:08:19","date_gmt":"2022-11-19T11:08:19","guid":{"rendered":"https:\/\/editura-unibuc.ro\/?post_type=product&#038;p=36139"},"modified":"2025-05-08T10:24:58","modified_gmt":"2025-05-08T07:24:58","slug":"decoratiile-romaniei-legi-degrete-hotarari-si-alte-acte-normative-vol-ii-1930-1947","status":"publish","type":"product","link":"https:\/\/editura-unibuc.ro\/en\/decoratiile-romaniei-legi-degrete-hotarari-si-alte-acte-normative-vol-ii-1930-1947\/","title":{"rendered":"DECORA\u021aIILE ROM\u00c2NIEI. LEGI, DECRETE, HOT\u0102R\u00c2RI \u0218I ALTE ACTE NORMATIVE. VOL. II, 1930-1947"},"content":{"rendered":"<hr \/>\n<p><strong><a href=\"https:\/\/books.google.ro\/books\/about?id=vz2XEAAAQBAJ&#038;redir_esc=y\" target=\"_blank\" rel=\"noopener\"><img decoding=\"async\" src=\"https:\/\/editura-unibuc.ro\/wp-content\/uploads\/2025\/04\/goo.png\" \/>Google Books<\/a><\/strong><br \/>&nbsp;<\/p>\n<hr \/>\n<p>Lucrarea de fa\u021b\u0103 (\u00eemp\u0103r\u021bit\u0103 \u00een trei volume) reune\u0219te legisla\u021bia privitoare la decora\u021biile rom\u00e2ne\u0219ti de la \u00eenfiin\u021barea primei medalii \u00een 1860 p\u00e2n\u0103 la sf\u00e2r\u0219itul anului 2020. Scopul nostru a fost s\u0103 punem la dispozi\u021bia cercet\u0103torului interesat de faleristic\u0103, dar \u0219i de istoria politic\u0103, administrativ\u0103, social\u0103 sau cultural\u0103 un instrument de lucru care s\u0103 \u00eei ofere un acces rapid la legisla\u021bia privitoare la acest subiect.<\/p>\n","protected":false},"excerpt":{"rendered":"<p>Google Books&nbsp; Lucrarea de fa\u021b\u0103 (\u00eemp\u0103r\u021bit\u0103 \u00een trei volume) reune\u0219te legisla\u021bia privitoare la decora\u021biile rom\u00e2ne\u0219ti de la \u00eenfiin\u021barea primei medalii \u00een 1860 p\u00e2n\u0103 la sf\u00e2r\u0219itul anului 2020. Scopul nostru a fost s\u0103 punem la dispozi\u021bia cercet\u0103torului interesat de faleristic\u0103, dar \u0219i de istoria politic\u0103, administrativ\u0103, social\u0103 sau cultural\u0103 un instrument de lucru care s\u0103 \u00eei [&hellip;]<\/p>\n","protected":false},"featured_media":36133,"comment_status":"open","ping_status":"closed","template":"","meta":[],"product_brand":[],"product_cat":[3823,1531,991,995],"product_tag":[3885,1331],"class_list":{"0":"post-36139","1":"product","2":"type-product","3":"status-publish","4":"has-post-thumbnail","6":"product_cat-stiinte-umane","7":"product_cat-colectii","8":"product_cat-stiinte-sociale","9":"product_cat-istorie-stiinte-politice","10":"product_tag-faleristica","11":"product_tag-istorie-contemporana","13":"first","14":"instock","15":"shipping-taxable","16":"purchasable","17":"product-type-simple"},"_links":{"self":[{"href":"https:\/\/editura-unibuc.ro\/en\/wp-json\/wp\/v2\/product\/36139","targetHints":{"allow":["GET"]}}],"collection":[{"href":"https:\/\/editura-unibuc.ro\/en\/wp-json\/wp\/v2\/product"}],"about":[{"href":"https:\/\/editura-unibuc.ro\/en\/wp-json\/wp\/v2\/types\/product"}],"replies":[{"embeddable":true,"href":"https:\/\/editura-unibuc.ro\/en\/wp-json\/wp\/v2\/comments?post=36139"}],"wp:featuredmedia":[{"embeddable":true,"href":"https:\/\/editura-unibuc.ro\/en\/wp-json\/wp\/v2\/media\/36133"}],"wp:attachment":[{"href":"https:\/\/editura-unibuc.ro\/en\/wp-json\/wp\/v2\/media?parent=36139"}],"wp:term":[{"taxonomy":"product_brand","embeddable":true,"href":"https:\/\/editura-unibuc.ro\/en\/wp-json\/wp\/v2\/product_brand?post=36139"},{"taxonomy":"product_cat","embeddable":true,"href":"https:\/\/editura-unibuc.ro\/en\/wp-json\/wp\/v2\/product_cat?post=36139"},{"taxonomy":"product_tag","embeddable":true,"href":"https:\/\/editura-unibuc.ro\/en\/wp-json\/wp\/v2\/product_tag?post=36139"}],"curies":[{"name":"wp","href":"https:\/\/api.w.org\/{rel}","templated":true}]}}