{"id":36142,"date":"2022-11-19T13:14:03","date_gmt":"2022-11-19T11:14:03","guid":{"rendered":"https:\/\/editura-unibuc.ro\/?post_type=product&#038;p=36142"},"modified":"2025-05-12T09:26:18","modified_gmt":"2025-05-12T06:26:18","slug":"mircea-eliade-intre-traditionalism-si-modernism-posteritatea-critica-in-italia","status":"publish","type":"product","link":"https:\/\/editura-unibuc.ro\/en\/mircea-eliade-intre-traditionalism-si-modernism-posteritatea-critica-in-italia\/","title":{"rendered":"MIRCEA ELIADE, \u00ceNTRE TRADI\u021aIONALISM \u0218I MODERNISM. POSTERITATEA CRITIC\u0102 \u00ceN ITALIA"},"content":{"rendered":"<hr \/>\n<p><strong><a href=\"https:\/\/books.google.ro\/books\/about?id=1t6fEAAAQBAJ&#038;redir_esc=y\" target=\"_blank\" rel=\"noopener\"><img decoding=\"async\" src=\"https:\/\/editura-unibuc.ro\/wp-content\/uploads\/2025\/04\/goo.png\" \/>Google Books<\/a><\/strong><br \/>&nbsp;<\/p>\n<hr \/>\n<p>\u201eLucrarea de fa\u021b\u0103 ofer\u0103 mult mai mult dec\u00e2t promite titlul. Ne apare ca un caleidoscop prin care se reflect\u0103 toate implica\u021biile operei \u0219i vie\u021bii lui Mircea Eliade, cu completitudinea \u0219i rigoarea unei enciclopedii \u0219i str\u0103lucirea unui eseu.\u201d<\/p>\n<p style=\"text-align: right\">Prof. Giovanni Casadio, Universit\u00e0 degli Studi di Salerno<\/p>\n","protected":false},"excerpt":{"rendered":"<p>Google Books&nbsp; \u201eLucrarea de fa\u021b\u0103 ofer\u0103 mult mai mult dec\u00e2t promite titlul. Ne apare ca un caleidoscop prin care se reflect\u0103 toate implica\u021biile operei \u0219i vie\u021bii lui Mircea Eliade, cu completitudinea \u0219i rigoarea unei enciclopedii \u0219i str\u0103lucirea unui eseu.\u201d Prof. Giovanni Casadio, Universit\u00e0 degli Studi di Salerno<\/p>\n","protected":false},"featured_media":36130,"comment_status":"open","ping_status":"closed","template":"","meta":[],"product_brand":[],"product_cat":[1531,851,1464,979],"product_tag":[3288,874],"class_list":{"0":"post-36142","1":"product","2":"type-product","3":"status-publish","4":"has-post-thumbnail","6":"product_cat-colectii","7":"product_cat-cesi-text-imagine","8":"product_cat-filologie","9":"product_cat-limba-romana","10":"product_tag-literatura-secolului-xx","11":"product_tag-mircea-eliade","13":"first","14":"instock","15":"shipping-taxable","16":"purchasable","17":"product-type-simple"},"_links":{"self":[{"href":"https:\/\/editura-unibuc.ro\/en\/wp-json\/wp\/v2\/product\/36142","targetHints":{"allow":["GET"]}}],"collection":[{"href":"https:\/\/editura-unibuc.ro\/en\/wp-json\/wp\/v2\/product"}],"about":[{"href":"https:\/\/editura-unibuc.ro\/en\/wp-json\/wp\/v2\/types\/product"}],"replies":[{"embeddable":true,"href":"https:\/\/editura-unibuc.ro\/en\/wp-json\/wp\/v2\/comments?post=36142"}],"wp:featuredmedia":[{"embeddable":true,"href":"https:\/\/editura-unibuc.ro\/en\/wp-json\/wp\/v2\/media\/36130"}],"wp:attachment":[{"href":"https:\/\/editura-unibuc.ro\/en\/wp-json\/wp\/v2\/media?parent=36142"}],"wp:term":[{"taxonomy":"product_brand","embeddable":true,"href":"https:\/\/editura-unibuc.ro\/en\/wp-json\/wp\/v2\/product_brand?post=36142"},{"taxonomy":"product_cat","embeddable":true,"href":"https:\/\/editura-unibuc.ro\/en\/wp-json\/wp\/v2\/product_cat?post=36142"},{"taxonomy":"product_tag","embeddable":true,"href":"https:\/\/editura-unibuc.ro\/en\/wp-json\/wp\/v2\/product_tag?post=36142"}],"curies":[{"name":"wp","href":"https:\/\/api.w.org\/{rel}","templated":true}]}}