{"id":36144,"date":"2022-11-19T13:17:27","date_gmt":"2022-11-19T11:17:27","guid":{"rendered":"https:\/\/editura-unibuc.ro\/?post_type=product&#038;p=36144"},"modified":"2025-05-08T11:25:27","modified_gmt":"2025-05-08T08:25:27","slug":"experienta-si-educatie","status":"publish","type":"product","link":"https:\/\/editura-unibuc.ro\/en\/experienta-si-educatie\/","title":{"rendered":"EXPERIEN\u021a\u0102 \u0218I EDUCA\u021aIE"},"content":{"rendered":"<hr \/>\n<p><strong><a href=\"https:\/\/books.google.ro\/books\/about?id=_nKVEAAAQBAJ&#038;redir_esc=y\" target=\"_blank\" rel=\"noopener\"><img decoding=\"async\" src=\"https:\/\/editura-unibuc.ro\/wp-content\/uploads\/2025\/04\/goo.png\" \/>Google Books<\/a><\/strong><br \/>&nbsp;<\/p>\n<hr \/>\n<p><em>Experience and Education<\/em>, lucrare ap\u0103rut\u0103 \u00een 1938, este un exemplu de problematizare aplicat\u0103 privind scopurile educa\u0163iei \u015fi organizarea \u015fcolilor, \u00een cadrul unei filosofii a experien\u0163ei. Textul a fost tradus pentru prima dat\u0103 \u00een limba rom\u00e2n\u0103 \u00een 1977. Scopul acestei noi versiuni \u015fi al studiului care o \u00eenso\u0163e\u015fte a fost acela de a prezenta unele idei ale lui Dewey \u00een principal din perspectiva filosofiei educa\u0163iei \u015fi, de asemenea, de a g\u0103si unele variante mai moderne \u015fi, uneori, construc\u0163ii mai simple \u00een limba rom\u00e2n\u0103, \u00eenlocuind totodat\u0103 sau nuan\u0163\u00e2nd formul\u0103ri specifice domeniului pedagogiei.<\/p>\n","protected":false},"excerpt":{"rendered":"<p>Google Books&nbsp; Experience and Education, lucrare ap\u0103rut\u0103 \u00een 1938, este un exemplu de problematizare aplicat\u0103 privind scopurile educa\u0163iei \u015fi organizarea \u015fcolilor, \u00een cadrul unei filosofii a experien\u0163ei. Textul a fost tradus pentru prima dat\u0103 \u00een limba rom\u00e2n\u0103 \u00een 1977. Scopul acestei noi versiuni \u015fi al studiului care o \u00eenso\u0163e\u015fte a fost acela de a prezenta [&hellip;]<\/p>\n","protected":false},"featured_media":36128,"comment_status":"open","ping_status":"closed","template":"","meta":[],"product_brand":[],"product_cat":[3823,1531,991,994],"product_tag":[3888,896],"class_list":{"0":"post-36144","1":"product","2":"type-product","3":"status-publish","4":"has-post-thumbnail","6":"product_cat-stiinte-umane","7":"product_cat-colectii","8":"product_cat-stiinte-sociale","9":"product_cat-filosofie","10":"product_tag-filosofia-educatiei","11":"product_tag-traducere","13":"first","14":"instock","15":"shipping-taxable","16":"purchasable","17":"product-type-simple"},"_links":{"self":[{"href":"https:\/\/editura-unibuc.ro\/en\/wp-json\/wp\/v2\/product\/36144","targetHints":{"allow":["GET"]}}],"collection":[{"href":"https:\/\/editura-unibuc.ro\/en\/wp-json\/wp\/v2\/product"}],"about":[{"href":"https:\/\/editura-unibuc.ro\/en\/wp-json\/wp\/v2\/types\/product"}],"replies":[{"embeddable":true,"href":"https:\/\/editura-unibuc.ro\/en\/wp-json\/wp\/v2\/comments?post=36144"}],"wp:featuredmedia":[{"embeddable":true,"href":"https:\/\/editura-unibuc.ro\/en\/wp-json\/wp\/v2\/media\/36128"}],"wp:attachment":[{"href":"https:\/\/editura-unibuc.ro\/en\/wp-json\/wp\/v2\/media?parent=36144"}],"wp:term":[{"taxonomy":"product_brand","embeddable":true,"href":"https:\/\/editura-unibuc.ro\/en\/wp-json\/wp\/v2\/product_brand?post=36144"},{"taxonomy":"product_cat","embeddable":true,"href":"https:\/\/editura-unibuc.ro\/en\/wp-json\/wp\/v2\/product_cat?post=36144"},{"taxonomy":"product_tag","embeddable":true,"href":"https:\/\/editura-unibuc.ro\/en\/wp-json\/wp\/v2\/product_tag?post=36144"}],"curies":[{"name":"wp","href":"https:\/\/api.w.org\/{rel}","templated":true}]}}