{"id":36147,"date":"2022-11-19T13:23:12","date_gmt":"2022-11-19T11:23:12","guid":{"rendered":"https:\/\/editura-unibuc.ro\/?post_type=product&#038;p=36147"},"modified":"2023-03-17T11:33:52","modified_gmt":"2023-03-17T09:33:52","slug":"orientari-actuale-in-lingvistica-teoretica-si-aplicata-actele-celui-de-al-xxi-lea-colocviu-international-al-departamentului-de-lingvistica-bucuresti-19%e2%80%9220-noiembrie-2021","status":"publish","type":"product","link":"https:\/\/editura-unibuc.ro\/en\/orientari-actuale-in-lingvistica-teoretica-si-aplicata-actele-celui-de-al-xxi-lea-colocviu-international-al-departamentului-de-lingvistica-bucuresti-19%e2%80%9220-noiembrie-2021\/","title":{"rendered":"ORIENT\u0102RI ACTUALE \u00ceN LINGVISTICA TEORETIC\u0102 \u0218I APLICAT\u0102. ACTELE CELUI DE-AL XXI-LEA COLOCVIU INTERNA\u021aIONAL AL DEPARTAMENTULUI DE LINGVISTIC\u0102 (Bucure\u0219ti, 19\u201220 noiembrie 2021)"},"content":{"rendered":"<p>Volumul cuprinde Actele colocviului interna\u021bional organizat de Departamentul de lingvistic\u0103 al Facult\u0103\u021bii de Litere, Universitatea din Bucure\u0219ti, care a avut loc online \u00een zilele de 19-20 noiembrie 2021. Articolele, care au la baz\u0103 comunic\u0103rile prezentate \u00een cadrul colocviului de cadre didactice, cercet\u0103tori, doctoranzi \u0219i masteranzi \u00een domeniul lingvisticii, sunt grupate, ca \u0219i \u00een volumele anterioare, \u00een urm\u0103toarele sec\u021biuni: <em>Gramatic\u0103 \u0219i fonetic\u0103; Pragmatic\u0103 \u0219i stilistic\u0103; Lexic, semantic\u0103, terminologii; Istoria limbii rom\u00e2ne, filologie, dialectologie, etimologie<\/em>.<br \/>\nPrin varietatea temelor tratate \u0219i a perspectivelor adoptate, volumul va fi, ca de fiecare dat\u0103, o referin\u021b\u0103 bibliografic\u0103 important\u0103 pentru cercet\u0103rile lingvistice viitoare.<\/p>","protected":false},"excerpt":{"rendered":"<p>Volumul cuprinde Actele colocviului interna\u021bional organizat de Departamentul de lingvistic\u0103 al Facult\u0103\u021bii de Litere, Universitatea din Bucure\u0219ti, care a avut loc online \u00een zilele de 19-20 noiembrie 2021. Articolele, care au la baz\u0103 comunic\u0103rile prezentate \u00een cadrul colocviului de cadre didactice, cercet\u0103tori, doctoranzi \u0219i masteranzi \u00een domeniul lingvisticii, sunt grupate, ca \u0219i \u00een volumele anterioare, [&hellip;]<\/p>\n","protected":false},"featured_media":36121,"comment_status":"open","ping_status":"closed","template":"","meta":[],"product_brand":[],"product_cat":[3906,3823,1531,1464,979,1469],"product_tag":[1711,1638,895,3897,3064],"class_list":{"0":"post-36147","1":"product","2":"type-product","3":"status-publish","4":"has-post-thumbnail","6":"product_cat-lucrari-congrese","7":"product_cat-stiinte-umane","8":"product_cat-colectii","9":"product_cat-filologie","10":"product_cat-limba-romana","11":"product_cat-periodice","12":"product_tag-dialectologie","13":"product_tag-etimologie","14":"product_tag-lingvistica","15":"product_tag-lingvistica-aplicata","16":"product_tag-lingvistica-teoretica","18":"first","19":"instock","20":"shipping-taxable","21":"purchasable","22":"product-type-simple"},"_links":{"self":[{"href":"https:\/\/editura-unibuc.ro\/en\/wp-json\/wp\/v2\/product\/36147","targetHints":{"allow":["GET"]}}],"collection":[{"href":"https:\/\/editura-unibuc.ro\/en\/wp-json\/wp\/v2\/product"}],"about":[{"href":"https:\/\/editura-unibuc.ro\/en\/wp-json\/wp\/v2\/types\/product"}],"replies":[{"embeddable":true,"href":"https:\/\/editura-unibuc.ro\/en\/wp-json\/wp\/v2\/comments?post=36147"}],"wp:featuredmedia":[{"embeddable":true,"href":"https:\/\/editura-unibuc.ro\/en\/wp-json\/wp\/v2\/media\/36121"}],"wp:attachment":[{"href":"https:\/\/editura-unibuc.ro\/en\/wp-json\/wp\/v2\/media?parent=36147"}],"wp:term":[{"taxonomy":"product_brand","embeddable":true,"href":"https:\/\/editura-unibuc.ro\/en\/wp-json\/wp\/v2\/product_brand?post=36147"},{"taxonomy":"product_cat","embeddable":true,"href":"https:\/\/editura-unibuc.ro\/en\/wp-json\/wp\/v2\/product_cat?post=36147"},{"taxonomy":"product_tag","embeddable":true,"href":"https:\/\/editura-unibuc.ro\/en\/wp-json\/wp\/v2\/product_tag?post=36147"}],"curies":[{"name":"wp","href":"https:\/\/api.w.org\/{rel}","templated":true}]}}