{"id":3615,"date":"2012-11-09T12:38:59","date_gmt":"2012-11-09T10:38:59","guid":{"rendered":"https:\/\/editura-unibuc.ro\/?p=3615"},"modified":"2023-09-25T12:02:42","modified_gmt":"2023-09-25T09:02:42","slug":"probleme-de-teoria-grupurilor-vol-ii","status":"publish","type":"product","link":"https:\/\/editura-unibuc.ro\/en\/probleme-de-teoria-grupurilor-vol-ii\/","title":{"rendered":"GROUP THEORY PROBLEMS VOL.II"},"content":{"rendered":"<p>\u201eTeoria grupurilor, p\u00e2n\u0103 la nivelul primilor ani ai unei facult\u0103\u021bi de matematic\u0103, se poate adapta astfel \u00eenc\u00e2t s\u0103 poat\u0103 fi parcurs\u0103 interactiv, sub form\u0103 de probleme complet rezolvate. Aceast\u0103 lucrare r\u0103spunde perfect acestui deziderat, fiind \u00een primul r\u00e2nd un manual complet, care prezint\u0103 at\u00e2t teoria c\u00e2t \u0219i exemplele aferente sau exerci\u021biile de rutin\u0103 \u00eentr-un mod unitar. Primul volum a prezentat teoria grupurilor la nivelul clasei terminale de liceu \u0219i al anului I al Facult\u0103\u021bii de Matematic\u0103-Informatic\u0103 iar acest volum doi continu\u0103 aceast\u0103 prezentare la nivelul cursurilor op\u021bionale ale acestei facult\u0103\u021bi.\u201d (Autorul)<\/p>\n","protected":false},"excerpt":{"rendered":"<p>\u201eTeoria grupurilor, p\u00e2n\u0103 la nivelul primilor ani ai unei facult\u0103\u021bi de matematic\u0103, se poate adapta astfel \u00eenc\u00e2t s\u0103 poat\u0103 fi parcurs\u0103 interactiv, sub form\u0103 de probleme complet rezolvate. Aceast\u0103 lucrare r\u0103spunde perfect acestui deziderat, fiind \u00een primul r\u00e2nd un manual complet, care prezint\u0103 at\u00e2t teoria c\u00e2t \u0219i exemplele aferente sau exerci\u021biile de rutin\u0103 \u00eentr-un mod [&hellip;]<\/p>\n","protected":false},"featured_media":10104,"comment_status":"open","ping_status":"closed","template":"","meta":[],"product_brand":[],"product_cat":[982,986],"product_tag":[898],"class_list":{"0":"post-3615","1":"product","2":"type-product","3":"status-publish","4":"has-post-thumbnail","6":"product_cat-stiinte-exacte","7":"product_cat-matematica","8":"product_tag-matematica","10":"first","11":"outofstock","12":"shipping-taxable","13":"purchasable","14":"product-type-simple"},"_links":{"self":[{"href":"https:\/\/editura-unibuc.ro\/en\/wp-json\/wp\/v2\/product\/3615","targetHints":{"allow":["GET"]}}],"collection":[{"href":"https:\/\/editura-unibuc.ro\/en\/wp-json\/wp\/v2\/product"}],"about":[{"href":"https:\/\/editura-unibuc.ro\/en\/wp-json\/wp\/v2\/types\/product"}],"replies":[{"embeddable":true,"href":"https:\/\/editura-unibuc.ro\/en\/wp-json\/wp\/v2\/comments?post=3615"}],"wp:featuredmedia":[{"embeddable":true,"href":"https:\/\/editura-unibuc.ro\/en\/wp-json\/wp\/v2\/media\/10104"}],"wp:attachment":[{"href":"https:\/\/editura-unibuc.ro\/en\/wp-json\/wp\/v2\/media?parent=3615"}],"wp:term":[{"taxonomy":"product_brand","embeddable":true,"href":"https:\/\/editura-unibuc.ro\/en\/wp-json\/wp\/v2\/product_brand?post=3615"},{"taxonomy":"product_cat","embeddable":true,"href":"https:\/\/editura-unibuc.ro\/en\/wp-json\/wp\/v2\/product_cat?post=3615"},{"taxonomy":"product_tag","embeddable":true,"href":"https:\/\/editura-unibuc.ro\/en\/wp-json\/wp\/v2\/product_tag?post=3615"}],"curies":[{"name":"wp","href":"https:\/\/api.w.org\/{rel}","templated":true}]}}