{"id":3619,"date":"2012-11-09T12:52:41","date_gmt":"2012-11-09T09:52:41","guid":{"rendered":"https:\/\/editura-unibuc.ro\/?p=3619"},"modified":"2015-03-13T17:38:42","modified_gmt":"2015-03-13T15:38:42","slug":"comunicari-de-geografie-vol-xiv","status":"publish","type":"product","link":"https:\/\/editura-unibuc.ro\/en\/comunicari-de-geografie-vol-xiv\/","title":{"rendered":"GEOGRAPHY PROCEEDINGS VOL.XIV"},"content":{"rendered":"<p>Sesiunea anual\u0103 de comunic\u0103ri a Facult\u0103\u021bii de Geografie din cadrul Universit\u0103\u021bii din Bucure\u0219ti, desf\u0103\u0219urat\u0103 \u00een noiembrie 2009, adun\u0103 \u00eentre paginile aceluia\u0219i volum contribu\u021bii ale unor autori consacra\u021bi \u0219i cercet\u0103tori \u00een domeniu care trateaz\u0103 subiecte diverse cuprinse \u00een teme largi precum: geomorfologie-pedologie, meteorologie \u0219i hidrologie, geografie uman\u0103 \u0219i geografie economic\u0103, precum \u0219i o sec\u021biune de geografie regional\u0103, mediu \u0219i didactic\u0103 geografic\u0103.<\/p>","protected":false},"excerpt":{"rendered":"<p>Sesiunea anual\u0103 de comunic\u0103ri a Facult\u0103\u021bii de Geografie din cadrul Universit\u0103\u021bii din Bucure\u0219ti, desf\u0103\u0219urat\u0103 \u00een noiembrie 2009, adun\u0103 \u00eentre paginile aceluia\u0219i volum contribu\u021bii ale unor autori consacra\u021bi \u0219i cercet\u0103tori \u00een domeniu care trateaz\u0103 subiecte diverse cuprinse \u00een teme largi precum: geomorfologie-pedologie, meteorologie \u0219i hidrologie, geografie uman\u0103 \u0219i geografie economic\u0103, precum \u0219i o sec\u021biune de geografie [&hellip;]<\/p>\n","protected":false},"featured_media":10101,"comment_status":"open","ping_status":"closed","template":"","meta":[],"product_brand":[],"product_cat":[1466,989],"product_tag":[903],"class_list":{"0":"post-3619","1":"product","2":"type-product","3":"status-publish","4":"has-post-thumbnail","6":"product_cat-stiinte-ale-naturii","7":"product_cat-geografie","8":"product_tag-geografie","10":"first","11":"instock","12":"shipping-taxable","13":"purchasable","14":"product-type-simple"},"_links":{"self":[{"href":"https:\/\/editura-unibuc.ro\/en\/wp-json\/wp\/v2\/product\/3619","targetHints":{"allow":["GET"]}}],"collection":[{"href":"https:\/\/editura-unibuc.ro\/en\/wp-json\/wp\/v2\/product"}],"about":[{"href":"https:\/\/editura-unibuc.ro\/en\/wp-json\/wp\/v2\/types\/product"}],"replies":[{"embeddable":true,"href":"https:\/\/editura-unibuc.ro\/en\/wp-json\/wp\/v2\/comments?post=3619"}],"wp:featuredmedia":[{"embeddable":true,"href":"https:\/\/editura-unibuc.ro\/en\/wp-json\/wp\/v2\/media\/10101"}],"wp:attachment":[{"href":"https:\/\/editura-unibuc.ro\/en\/wp-json\/wp\/v2\/media?parent=3619"}],"wp:term":[{"taxonomy":"product_brand","embeddable":true,"href":"https:\/\/editura-unibuc.ro\/en\/wp-json\/wp\/v2\/product_brand?post=3619"},{"taxonomy":"product_cat","embeddable":true,"href":"https:\/\/editura-unibuc.ro\/en\/wp-json\/wp\/v2\/product_cat?post=3619"},{"taxonomy":"product_tag","embeddable":true,"href":"https:\/\/editura-unibuc.ro\/en\/wp-json\/wp\/v2\/product_tag?post=3619"}],"curies":[{"name":"wp","href":"https:\/\/api.w.org\/{rel}","templated":true}]}}