{"id":3633,"date":"2012-11-09T13:28:33","date_gmt":"2012-11-09T10:28:33","guid":{"rendered":"https:\/\/editura-unibuc.ro\/?p=3633"},"modified":"2015-03-13T17:37:25","modified_gmt":"2015-03-13T15:37:25","slug":"indrumar-metodic-de-culturism-si-fitness-pentru-trenul-superior","status":"publish","type":"product","link":"https:\/\/editura-unibuc.ro\/en\/indrumar-metodic-de-culturism-si-fitness-pentru-trenul-superior\/","title":{"rendered":"METHODICAL GUIDE OF BODYBUILDING AND FITNESS FOR THE UPPER TRAIN (vol.I)"},"content":{"rendered":"<p>Umerii, pectoralii, spatele \u0219i bra\u021bele sunt zonele analizate \u00een volumul destinat exerci\u021biilor \u0219i tehnicilor de culturism \u0219i fitness pentru trenul superior. Dup\u0103 o mic\u0103 sec\u021biune de anatomie a zonelor descrise sunt explicate \u0219i ilustrate grafic, o gam\u0103 larg\u0103 de flot\u0103ri, extensii, ridic\u0103ri, trac\u021biuni \u0219i alte exerci\u021bii specifice zonelor amintite.<\/p>\n","protected":false},"excerpt":{"rendered":"<p>Umerii, pectoralii, spatele \u0219i bra\u021bele sunt zonele analizate \u00een volumul destinat exerci\u021biilor \u0219i tehnicilor de culturism \u0219i fitness pentru trenul superior. Dup\u0103 o mic\u0103 sec\u021biune de anatomie a zonelor descrise sunt explicate \u0219i ilustrate grafic, o gam\u0103 larg\u0103 de flot\u0103ri, extensii, ridic\u0103ri, trac\u021biuni \u0219i alte exerci\u021bii specifice zonelor amintite.<\/p>\n","protected":false},"featured_media":10093,"comment_status":"open","ping_status":"closed","template":"","meta":[],"product_brand":[],"product_cat":[993,991],"product_tag":[1166,1306,1269],"class_list":{"0":"post-3633","1":"product","2":"type-product","3":"status-publish","4":"has-post-thumbnail","6":"product_cat-educatie-fizica-si-sport","7":"product_cat-stiinte-sociale","8":"product_tag-educatie-fizica","9":"product_tag-fitness","10":"product_tag-sport","12":"first","13":"instock","14":"shipping-taxable","15":"purchasable","16":"product-type-simple"},"_links":{"self":[{"href":"https:\/\/editura-unibuc.ro\/en\/wp-json\/wp\/v2\/product\/3633","targetHints":{"allow":["GET"]}}],"collection":[{"href":"https:\/\/editura-unibuc.ro\/en\/wp-json\/wp\/v2\/product"}],"about":[{"href":"https:\/\/editura-unibuc.ro\/en\/wp-json\/wp\/v2\/types\/product"}],"replies":[{"embeddable":true,"href":"https:\/\/editura-unibuc.ro\/en\/wp-json\/wp\/v2\/comments?post=3633"}],"wp:featuredmedia":[{"embeddable":true,"href":"https:\/\/editura-unibuc.ro\/en\/wp-json\/wp\/v2\/media\/10093"}],"wp:attachment":[{"href":"https:\/\/editura-unibuc.ro\/en\/wp-json\/wp\/v2\/media?parent=3633"}],"wp:term":[{"taxonomy":"product_brand","embeddable":true,"href":"https:\/\/editura-unibuc.ro\/en\/wp-json\/wp\/v2\/product_brand?post=3633"},{"taxonomy":"product_cat","embeddable":true,"href":"https:\/\/editura-unibuc.ro\/en\/wp-json\/wp\/v2\/product_cat?post=3633"},{"taxonomy":"product_tag","embeddable":true,"href":"https:\/\/editura-unibuc.ro\/en\/wp-json\/wp\/v2\/product_tag?post=3633"}],"curies":[{"name":"wp","href":"https:\/\/api.w.org\/{rel}","templated":true}]}}