{"id":3641,"date":"2012-11-12T09:24:48","date_gmt":"2012-11-12T06:24:48","guid":{"rendered":"https:\/\/editura-unibuc.ro\/?p=3641"},"modified":"2015-03-13T17:36:39","modified_gmt":"2015-03-13T15:36:39","slug":"de-la-saracie-la-bunastare-si-inapoi-reforma-statului-bunastarii-in-anii-90","status":"publish","type":"product","link":"https:\/\/editura-unibuc.ro\/en\/de-la-saracie-la-bunastare-si-inapoi-reforma-statului-bunastarii-in-anii-90\/","title":{"rendered":"FROM POVERTY TO WELFARE AND BACK? WELFARE STATE REFORM IN THE 90&#8217;s"},"content":{"rendered":"<p>Procesul de reform\u0103 a statului bun\u0103st\u0103rii a \u00eencercat s\u0103 r\u0103spund\u0103 crizei statului bun\u0103st\u0103rii, un punct de interes fiind analiza realit\u0103\u021bii, a cauzelor \u0219i a formelor de manifestare ale acestei crize. Ipoteza noastr\u0103 este aceea c\u0103 criza statului bun\u0103st\u0103rii nu este nici exclusiv nici predominant determinata de lipsa resurselor \u0219i de cheltuielile sociale prea mari ci de faptul c\u0103 statul bun\u0103st\u0103rii nu mai este capabil s\u0103 r\u0103spund\u0103 noilor nevoi sociale, noilor aspira\u021bii, noilor riscuri ap\u0103rute \u00een societatea contemporan\u0103. Lucrarea \u00ee\u0219i propune, de asemenea, s\u0103 analizeze \u0219i s\u0103 evalueze schimb\u0103rile efectuate pentru a ie\u0219i din criz\u0103 \u0219i pentru a construi un nou model de politic\u0103 social\u0103 \u0219i s\u0103 identifice noile domenii \u0219i teme de interes pentru politica social\u0103 contemporan\u0103. (Georgeta Ghebrea)<\/p>\n<p>&nbsp;<\/p>","protected":false},"excerpt":{"rendered":"<p>Procesul de reform\u0103 a statului bun\u0103st\u0103rii a \u00eencercat s\u0103 r\u0103spund\u0103 crizei statului bun\u0103st\u0103rii, un punct de interes fiind analiza realit\u0103\u021bii, a cauzelor \u0219i a formelor de manifestare ale acestei crize. Ipoteza noastr\u0103 este aceea c\u0103 criza statului bun\u0103st\u0103rii nu este nici exclusiv nici predominant determinata de lipsa resurselor \u0219i de cheltuielile sociale prea mari ci [&hellip;]<\/p>\n","protected":false},"featured_media":10084,"comment_status":"open","ping_status":"closed","template":"","meta":[],"product_brand":[],"product_cat":[991,998],"product_tag":[1066,1039],"class_list":{"0":"post-3641","1":"product","2":"type-product","3":"status-publish","4":"has-post-thumbnail","6":"product_cat-stiinte-sociale","7":"product_cat-sociologie-si-asistenta-sociala","8":"product_tag-economie","9":"product_tag-sociologie","11":"first","12":"instock","13":"shipping-taxable","14":"purchasable","15":"product-type-simple"},"_links":{"self":[{"href":"https:\/\/editura-unibuc.ro\/en\/wp-json\/wp\/v2\/product\/3641","targetHints":{"allow":["GET"]}}],"collection":[{"href":"https:\/\/editura-unibuc.ro\/en\/wp-json\/wp\/v2\/product"}],"about":[{"href":"https:\/\/editura-unibuc.ro\/en\/wp-json\/wp\/v2\/types\/product"}],"replies":[{"embeddable":true,"href":"https:\/\/editura-unibuc.ro\/en\/wp-json\/wp\/v2\/comments?post=3641"}],"wp:featuredmedia":[{"embeddable":true,"href":"https:\/\/editura-unibuc.ro\/en\/wp-json\/wp\/v2\/media\/10084"}],"wp:attachment":[{"href":"https:\/\/editura-unibuc.ro\/en\/wp-json\/wp\/v2\/media?parent=3641"}],"wp:term":[{"taxonomy":"product_brand","embeddable":true,"href":"https:\/\/editura-unibuc.ro\/en\/wp-json\/wp\/v2\/product_brand?post=3641"},{"taxonomy":"product_cat","embeddable":true,"href":"https:\/\/editura-unibuc.ro\/en\/wp-json\/wp\/v2\/product_cat?post=3641"},{"taxonomy":"product_tag","embeddable":true,"href":"https:\/\/editura-unibuc.ro\/en\/wp-json\/wp\/v2\/product_tag?post=3641"}],"curies":[{"name":"wp","href":"https:\/\/api.w.org\/{rel}","templated":true}]}}