{"id":3646,"date":"2012-11-12T09:58:32","date_gmt":"2012-11-12T06:58:32","guid":{"rendered":"https:\/\/editura-unibuc.ro\/?p=3646"},"modified":"2016-02-18T15:15:46","modified_gmt":"2016-02-18T13:15:46","slug":"lumea-cunoscuta-si-mai-putin-cunoscuta-a-plantelor-familia-fabaceae-leguminoase","status":"publish","type":"product","link":"https:\/\/editura-unibuc.ro\/en\/lumea-cunoscuta-si-mai-putin-cunoscuta-a-plantelor-familia-fabaceae-leguminoase\/","title":{"rendered":"PLANTS&#8217; KNOWN AND LESS KNOWN UNIVERSE. FABACEAE FAMILY (LEGUMINOSAE)"},"content":{"rendered":"<p>\u201cDiversitatea lumii \u00een care tr\u0103im este at\u00e2t de mare \u00eenc\u00e2t nici unui om nu \u00eei este dat\u0103 cunoa\u0219terea total\u0103. Preocup\u0103rile noastre multiple care devin obi\u0219nuin\u021ba vie\u021bii zilnice, de cele mai multe ori, \u0219i \u00een mod paradoxal, ne \u00eendeparteaz\u0103 de minunile care ne \u00eenconjoar\u0103. Nu ne r\u0103m\u00e2ne timp s\u0103 privim culorile din multitudinea de forme, nu ne bucur\u0103m de lumina care ne inunda, de parfumurile anotimpurilor \u0219i de toate celelalte. Lucrarea de fa\u021b\u0103 este o \u00eencercare de a ne reaminti de unele dintre aceste daruri \u2013 plantele \u2013 care, ca \u0219i noi, sunt fiin\u021be ce \u00eempodobesc p\u0103m\u00e2ntul spre folosul nostru \u0219i al at\u00e2tor fiin\u021be \u0219i nefiin\u021be, \u0219tiute \u0219i ne\u0219tiute.\u201d (Autoarele)<\/p>\n","protected":false},"excerpt":{"rendered":"<p>\u201cDiversitatea lumii \u00een care tr\u0103im este at\u00e2t de mare \u00eenc\u00e2t nici unui om nu \u00eei este dat\u0103 cunoa\u0219terea total\u0103. Preocup\u0103rile noastre multiple care devin obi\u0219nuin\u021ba vie\u021bii zilnice, de cele mai multe ori, \u0219i \u00een mod paradoxal, ne \u00eendeparteaz\u0103 de minunile care ne \u00eenconjoar\u0103. Nu ne r\u0103m\u00e2ne timp s\u0103 privim culorile din multitudinea de forme, nu [&hellip;]<\/p>\n","protected":false},"featured_media":10080,"comment_status":"open","ping_status":"closed","template":"","meta":[],"product_brand":[],"product_cat":[1466,988],"product_tag":[904,905],"class_list":{"0":"post-3646","1":"product","2":"type-product","3":"status-publish","4":"has-post-thumbnail","6":"product_cat-stiinte-ale-naturii","7":"product_cat-biologie","8":"product_tag-biologie","9":"product_tag-plante","11":"first","12":"instock","13":"shipping-taxable","14":"purchasable","15":"product-type-simple"},"_links":{"self":[{"href":"https:\/\/editura-unibuc.ro\/en\/wp-json\/wp\/v2\/product\/3646","targetHints":{"allow":["GET"]}}],"collection":[{"href":"https:\/\/editura-unibuc.ro\/en\/wp-json\/wp\/v2\/product"}],"about":[{"href":"https:\/\/editura-unibuc.ro\/en\/wp-json\/wp\/v2\/types\/product"}],"replies":[{"embeddable":true,"href":"https:\/\/editura-unibuc.ro\/en\/wp-json\/wp\/v2\/comments?post=3646"}],"wp:featuredmedia":[{"embeddable":true,"href":"https:\/\/editura-unibuc.ro\/en\/wp-json\/wp\/v2\/media\/10080"}],"wp:attachment":[{"href":"https:\/\/editura-unibuc.ro\/en\/wp-json\/wp\/v2\/media?parent=3646"}],"wp:term":[{"taxonomy":"product_brand","embeddable":true,"href":"https:\/\/editura-unibuc.ro\/en\/wp-json\/wp\/v2\/product_brand?post=3646"},{"taxonomy":"product_cat","embeddable":true,"href":"https:\/\/editura-unibuc.ro\/en\/wp-json\/wp\/v2\/product_cat?post=3646"},{"taxonomy":"product_tag","embeddable":true,"href":"https:\/\/editura-unibuc.ro\/en\/wp-json\/wp\/v2\/product_tag?post=3646"}],"curies":[{"name":"wp","href":"https:\/\/api.w.org\/{rel}","templated":true}]}}