{"id":3650,"date":"2012-11-12T10:09:27","date_gmt":"2012-11-12T08:09:27","guid":{"rendered":"https:\/\/editura-unibuc.ro\/?p=3650"},"modified":"2024-01-30T12:52:41","modified_gmt":"2024-01-30T10:52:41","slug":"prelucrarea-rezultatelor-analitice-note-de-curs-si-aplicatii","status":"publish","type":"product","link":"https:\/\/editura-unibuc.ro\/en\/prelucrarea-rezultatelor-analitice-note-de-curs-si-aplicatii\/","title":{"rendered":"ANALYTICAL RESULTS PROCESSING &#8211; COURSE NOTES AND APPLICATIONS"},"content":{"rendered":"<p>Scopul lucr\u0103rii \u201cPrelucrarea rezultatelor analitice \u2013 note de curs \u0219i aplica\u021bii\u201d este acela de a pune la dispozi\u021bia studen\u021bilor chimi\u0219ti, dar \u0219i speciali\u0219tilor \u00een domeniul chimiei analitice, bagajul de cuno\u0219tin\u021be necesare prelucr\u0103rii statistice a rezultatelor analitice. \u00cen lucrare sunt descrise pe larg \u00een capitolul I m\u0103rimile statistice ce pot fi asociate m\u0103sur\u0103torilor analitice cu formulele de calcul corespunz\u0103toare \u0219i cu exemple de utilizare a acestora. Pentru a demonstra caracteristicile de performan\u021b\u0103 ale acestei metode de analiz\u0103, se impune validarea acesteia. De aceea, capitolul II descrie parametrii necesari valid\u0103rii \u0219i modul de calcul al acestora pe baza rezultatelor experimentelor efectuate. Tot ca etape \u00een controlul calit\u0103\u021bii sunt descrise, \u00een capitolul III, metodele statistice de monitorizare a activit\u0103\u021bii. Lucrarea ofer\u0103 un instrument de lucru util \u00een controlul calit\u0103\u021bii produselor industriale.<\/p>\n","protected":false},"excerpt":{"rendered":"<p>Scopul lucr\u0103rii \u201cPrelucrarea rezultatelor analitice \u2013 note de curs \u0219i aplica\u021bii\u201d este acela de a pune la dispozi\u021bia studen\u021bilor chimi\u0219ti, dar \u0219i speciali\u0219tilor \u00een domeniul chimiei analitice, bagajul de cuno\u0219tin\u021be necesare prelucr\u0103rii statistice a rezultatelor analitice. \u00cen lucrare sunt descrise pe larg \u00een capitolul I m\u0103rimile statistice ce pot fi asociate m\u0103sur\u0103torilor analitice cu formulele [&hellip;]<\/p>\n","protected":false},"featured_media":10077,"comment_status":"open","ping_status":"closed","template":"","meta":[],"product_brand":[],"product_cat":[982,983],"product_tag":[907],"class_list":{"0":"post-3650","1":"product","2":"type-product","3":"status-publish","4":"has-post-thumbnail","6":"product_cat-stiinte-exacte","7":"product_cat-chimie","8":"product_tag-chimie","10":"first","11":"outofstock","12":"shipping-taxable","13":"purchasable","14":"product-type-simple"},"_links":{"self":[{"href":"https:\/\/editura-unibuc.ro\/en\/wp-json\/wp\/v2\/product\/3650","targetHints":{"allow":["GET"]}}],"collection":[{"href":"https:\/\/editura-unibuc.ro\/en\/wp-json\/wp\/v2\/product"}],"about":[{"href":"https:\/\/editura-unibuc.ro\/en\/wp-json\/wp\/v2\/types\/product"}],"replies":[{"embeddable":true,"href":"https:\/\/editura-unibuc.ro\/en\/wp-json\/wp\/v2\/comments?post=3650"}],"wp:featuredmedia":[{"embeddable":true,"href":"https:\/\/editura-unibuc.ro\/en\/wp-json\/wp\/v2\/media\/10077"}],"wp:attachment":[{"href":"https:\/\/editura-unibuc.ro\/en\/wp-json\/wp\/v2\/media?parent=3650"}],"wp:term":[{"taxonomy":"product_brand","embeddable":true,"href":"https:\/\/editura-unibuc.ro\/en\/wp-json\/wp\/v2\/product_brand?post=3650"},{"taxonomy":"product_cat","embeddable":true,"href":"https:\/\/editura-unibuc.ro\/en\/wp-json\/wp\/v2\/product_cat?post=3650"},{"taxonomy":"product_tag","embeddable":true,"href":"https:\/\/editura-unibuc.ro\/en\/wp-json\/wp\/v2\/product_tag?post=3650"}],"curies":[{"name":"wp","href":"https:\/\/api.w.org\/{rel}","templated":true}]}}