{"id":3655,"date":"2012-11-12T10:27:31","date_gmt":"2012-11-12T07:27:31","guid":{"rendered":"https:\/\/editura-unibuc.ro\/?p=3655"},"modified":"2025-08-07T12:29:54","modified_gmt":"2025-08-07T09:29:54","slug":"tehnici-instrumentale-avansate","status":"publish","type":"product","link":"https:\/\/editura-unibuc.ro\/en\/tehnici-instrumentale-avansate\/","title":{"rendered":"ADVANCED INSTRUMENTAL TECHNIQUES"},"content":{"rendered":"<p>Cuprins : I. Voltametria ; II. Spectroelectrochimia ; III. Spectrometria derivat\u0103 \u00een UV-VIZ; IV. Tehnici speciale de atomizare \u00een spectrometria de absorb\u021bie atomic\u0103 \u00een UV-VIZ ; V. Tehnici spectrometrice cu plasm\u0103 ; VI. Chemiluminiscen\u021ba ; VII. Dicroismul circular; VIII. Spectrometria de raze X ; IX. Analiza suprafe\u021belor cu fascicule de electroni. Spectrometria de electroni ; X. Metode radiochimice \u0219i radiometrice de analiz\u0103.<\/p>","protected":false},"excerpt":{"rendered":"<p>Cuprins : I. Voltametria ; II. Spectroelectrochimia ; III. Spectrometria derivat\u0103 \u00een UV-VIZ; IV. Tehnici speciale de atomizare \u00een spectrometria de absorb\u021bie atomic\u0103 \u00een UV-VIZ ; V. Tehnici spectrometrice cu plasm\u0103 ; VI. Chemiluminiscen\u021ba ; VII. Dicroismul circular; VIII. Spectrometria de raze X ; IX. Analiza suprafe\u021belor cu fascicule de electroni. Spectrometria de electroni ; [&hellip;]<\/p>\n","protected":false},"featured_media":10074,"comment_status":"open","ping_status":"closed","template":"","meta":[],"product_brand":[],"product_cat":[982,983],"product_tag":[907],"class_list":{"0":"post-3655","1":"product","2":"type-product","3":"status-publish","4":"has-post-thumbnail","6":"product_cat-stiinte-exacte","7":"product_cat-chimie","8":"product_tag-chimie","10":"first","11":"instock","12":"shipping-taxable","13":"purchasable","14":"product-type-simple"},"_links":{"self":[{"href":"https:\/\/editura-unibuc.ro\/en\/wp-json\/wp\/v2\/product\/3655","targetHints":{"allow":["GET"]}}],"collection":[{"href":"https:\/\/editura-unibuc.ro\/en\/wp-json\/wp\/v2\/product"}],"about":[{"href":"https:\/\/editura-unibuc.ro\/en\/wp-json\/wp\/v2\/types\/product"}],"replies":[{"embeddable":true,"href":"https:\/\/editura-unibuc.ro\/en\/wp-json\/wp\/v2\/comments?post=3655"}],"wp:featuredmedia":[{"embeddable":true,"href":"https:\/\/editura-unibuc.ro\/en\/wp-json\/wp\/v2\/media\/10074"}],"wp:attachment":[{"href":"https:\/\/editura-unibuc.ro\/en\/wp-json\/wp\/v2\/media?parent=3655"}],"wp:term":[{"taxonomy":"product_brand","embeddable":true,"href":"https:\/\/editura-unibuc.ro\/en\/wp-json\/wp\/v2\/product_brand?post=3655"},{"taxonomy":"product_cat","embeddable":true,"href":"https:\/\/editura-unibuc.ro\/en\/wp-json\/wp\/v2\/product_cat?post=3655"},{"taxonomy":"product_tag","embeddable":true,"href":"https:\/\/editura-unibuc.ro\/en\/wp-json\/wp\/v2\/product_tag?post=3655"}],"curies":[{"name":"wp","href":"https:\/\/api.w.org\/{rel}","templated":true}]}}