{"id":3662,"date":"2012-11-12T11:25:39","date_gmt":"2012-11-12T08:25:39","guid":{"rendered":"https:\/\/editura-unibuc.ro\/?p=3662"},"modified":"2015-03-13T17:34:56","modified_gmt":"2015-03-13T15:34:56","slug":"investigatii-geotehnice-in-situ","status":"publish","type":"product","link":"https:\/\/editura-unibuc.ro\/en\/investigatii-geotehnice-in-situ\/","title":{"rendered":"IN SITU GEOTECHNICAL INVESTIGATIONS"},"content":{"rendered":"<p>Investiga\u021biile geotehnice in situ prezentate \u00een aceast\u0103 lucrare pot fi grupate \u00een dou\u0103 mari clase: &#8211; investiga\u021bii in situ ce presupun execu\u021bia unui foraj \u00eenaintea sau pe parcursul execu\u021biei, clasa \u00een care sunt incluse penetrarea dinamic\u0103 standard (SPT). Principalul avantaj al acestor metode este c\u0103 pot fi utilizate \u0219i \u00een roci slab cimentate sau \u00een roca de baz\u0103, iar principalul dezavantaj consta \u00een nivelul mare al deforma\u021biilor ce le genereaz\u0103; &#8211; investiga\u021bii \u201cautopenetrante\u201d const\u00e2nd \u00een penetrarea static\u0103 pe con (CPT, CPTu), dilatometrul plat sau Marchetti (DMT), precum \u0219i forfec\u0103ri cu palete (VST), investiga\u021bii ce nu pot str\u0103bate geostructuri cu densitate crescut\u0103 sau cimentate.<\/p>","protected":false},"excerpt":{"rendered":"<p>Investiga\u021biile geotehnice in situ prezentate \u00een aceast\u0103 lucrare pot fi grupate \u00een dou\u0103 mari clase: &#8211; investiga\u021bii in situ ce presupun execu\u021bia unui foraj \u00eenaintea sau pe parcursul execu\u021biei, clasa \u00een care sunt incluse penetrarea dinamic\u0103 standard (SPT). Principalul avantaj al acestor metode este c\u0103 pot fi utilizate \u0219i \u00een roci slab cimentate sau \u00een [&hellip;]<\/p>\n","protected":false},"featured_media":10071,"comment_status":"open","ping_status":"closed","template":"","meta":[],"product_brand":[],"product_cat":[1466,990],"product_tag":[909],"class_list":{"0":"post-3662","1":"product","2":"type-product","3":"status-publish","4":"has-post-thumbnail","6":"product_cat-stiinte-ale-naturii","7":"product_cat-geologie","8":"product_tag-geologie","10":"first","11":"instock","12":"shipping-taxable","13":"purchasable","14":"product-type-simple"},"_links":{"self":[{"href":"https:\/\/editura-unibuc.ro\/en\/wp-json\/wp\/v2\/product\/3662","targetHints":{"allow":["GET"]}}],"collection":[{"href":"https:\/\/editura-unibuc.ro\/en\/wp-json\/wp\/v2\/product"}],"about":[{"href":"https:\/\/editura-unibuc.ro\/en\/wp-json\/wp\/v2\/types\/product"}],"replies":[{"embeddable":true,"href":"https:\/\/editura-unibuc.ro\/en\/wp-json\/wp\/v2\/comments?post=3662"}],"wp:featuredmedia":[{"embeddable":true,"href":"https:\/\/editura-unibuc.ro\/en\/wp-json\/wp\/v2\/media\/10071"}],"wp:attachment":[{"href":"https:\/\/editura-unibuc.ro\/en\/wp-json\/wp\/v2\/media?parent=3662"}],"wp:term":[{"taxonomy":"product_brand","embeddable":true,"href":"https:\/\/editura-unibuc.ro\/en\/wp-json\/wp\/v2\/product_brand?post=3662"},{"taxonomy":"product_cat","embeddable":true,"href":"https:\/\/editura-unibuc.ro\/en\/wp-json\/wp\/v2\/product_cat?post=3662"},{"taxonomy":"product_tag","embeddable":true,"href":"https:\/\/editura-unibuc.ro\/en\/wp-json\/wp\/v2\/product_tag?post=3662"}],"curies":[{"name":"wp","href":"https:\/\/api.w.org\/{rel}","templated":true}]}}