{"id":3671,"date":"2012-11-12T11:50:42","date_gmt":"2012-11-12T08:50:42","guid":{"rendered":"https:\/\/editura-unibuc.ro\/?p=3671"},"modified":"2016-07-05T12:59:23","modified_gmt":"2016-07-05T09:59:23","slug":"tratat-de-psihopedagogie-speciala","status":"publish","type":"product","link":"https:\/\/editura-unibuc.ro\/en\/tratat-de-psihopedagogie-speciala\/","title":{"rendered":"SPECIAL PSYCHOPEDAGOGY TREATISE"},"content":{"rendered":"<p>,,Tratatul de psihopedagogie special\u0103 este o premier\u0103 \u00een peisajul \u0219tiin\u021bific din Rom\u00e2nia \u0219i reprezint\u0103 o \u00eencununare a eforturilor \u0219colii de psihopedagogie special\u0103 de la Bucure\u0219ti, la care \u0219i-au adus contribu\u021bia cadrele didactice universitare ce \u00ee\u0219i desf\u0103\u0219oar\u0103 activitatea la sec\u021bia de profil a Facult\u0103\u021bii de Psihologie \u0219i \u0218tiin\u021bele Educa\u021biei din Universitatea din Bucure\u0219ti. Av\u00e2nd \u00een vedere inten\u021bia coordonatorilor Tratatului \u0219i aria preocup\u0103rilor autorilor, se cuvine s\u0103 subliniem c\u0103 sunt cuprinse toate domeniile psihopedagogiei speciale cu o abordare sintetic\u0103 \u0219i unitar\u0103, cu rigoare \u0219tiin\u021bific\u0103 \u0219i cu eviden\u021bierea progreselor actuale din \u0219tiin\u021b\u0103, at\u00e2t autohtone, c\u00e2t \u0219i interna\u021bionale. [\u2026]<br \/>\nIdeea unui Tratat de psihopedagogie special\u0103 s-a n\u0103scut la ini\u021biativa coordonatorilor, fiind motivat\u0103 de dou\u0103 dorin\u021be: pe de-o parte am dorit s\u0103 punem \u00een eviden\u021b\u0103 activitatea \u0219tiin\u021bific\u0103 a grupului de speciali\u0219ti din cadrul Departamentului pentru \u00cenv\u0103\u021b\u0103m\u00e2nt Superior \u0219i Cercetare \u0218tiin\u021bific\u0103 Humanitas \u2013 Rom\u00e2nia \u0219i ai Catedrei de Psihopedagogie Special\u0103 a Universit\u0103\u021bii din Bucure\u0219ti, iar pe de alt\u0103 parte am sim\u021bit nevoia s\u0103 umplem un gol, printr-o monografie care s\u0103 valorifice realiz\u0103rile \u0219tiin\u021bei psihopedagogice autohtone \u0219i str\u0103ine, f\u0103r\u0103 a neglija contribu\u021biile originale, rezultate din cercet\u0103ri proprii \u0219i din experien\u021bele educative ale autorilor Tratatului.\u201d (Coordonatorii)<\/p>","protected":false},"excerpt":{"rendered":"<p>,,Tratatul de psihopedagogie special\u0103 este o premier\u0103 \u00een peisajul \u0219tiin\u021bific din Rom\u00e2nia \u0219i reprezint\u0103 o \u00eencununare a eforturilor \u0219colii de psihopedagogie special\u0103 de la Bucure\u0219ti, la care \u0219i-au adus contribu\u021bia cadrele didactice universitare ce \u00ee\u0219i desf\u0103\u0219oar\u0103 activitatea la sec\u021bia de profil a Facult\u0103\u021bii de Psihologie \u0219i \u0218tiin\u021bele Educa\u021biei din Universitatea din Bucure\u0219ti. Av\u00e2nd \u00een vedere [&hellip;]<\/p>\n","protected":false},"featured_media":10065,"comment_status":"open","ping_status":"closed","template":"","meta":[],"product_brand":[],"product_cat":[991,997],"product_tag":[1316,1111],"class_list":{"0":"post-3671","1":"product","2":"type-product","3":"status-publish","4":"has-post-thumbnail","6":"product_cat-stiinte-sociale","7":"product_cat-psihologie-stiintele-educatiei-si-pedagogie","8":"product_tag-pedagogie","9":"product_tag-psihologie","11":"first","12":"outofstock","13":"shipping-taxable","14":"product-type-simple"},"_links":{"self":[{"href":"https:\/\/editura-unibuc.ro\/en\/wp-json\/wp\/v2\/product\/3671","targetHints":{"allow":["GET"]}}],"collection":[{"href":"https:\/\/editura-unibuc.ro\/en\/wp-json\/wp\/v2\/product"}],"about":[{"href":"https:\/\/editura-unibuc.ro\/en\/wp-json\/wp\/v2\/types\/product"}],"replies":[{"embeddable":true,"href":"https:\/\/editura-unibuc.ro\/en\/wp-json\/wp\/v2\/comments?post=3671"}],"wp:featuredmedia":[{"embeddable":true,"href":"https:\/\/editura-unibuc.ro\/en\/wp-json\/wp\/v2\/media\/10065"}],"wp:attachment":[{"href":"https:\/\/editura-unibuc.ro\/en\/wp-json\/wp\/v2\/media?parent=3671"}],"wp:term":[{"taxonomy":"product_brand","embeddable":true,"href":"https:\/\/editura-unibuc.ro\/en\/wp-json\/wp\/v2\/product_brand?post=3671"},{"taxonomy":"product_cat","embeddable":true,"href":"https:\/\/editura-unibuc.ro\/en\/wp-json\/wp\/v2\/product_cat?post=3671"},{"taxonomy":"product_tag","embeddable":true,"href":"https:\/\/editura-unibuc.ro\/en\/wp-json\/wp\/v2\/product_tag?post=3671"}],"curies":[{"name":"wp","href":"https:\/\/api.w.org\/{rel}","templated":true}]}}