{"id":3679,"date":"2012-11-12T12:52:59","date_gmt":"2012-11-12T09:52:59","guid":{"rendered":"https:\/\/editura-unibuc.ro\/?p=3679"},"modified":"2025-08-07T10:41:57","modified_gmt":"2025-08-07T07:41:57","slug":"repere-revista-de-stiintele-educatiei-anul-v-nr-52011","status":"publish","type":"product","link":"https:\/\/editura-unibuc.ro\/en\/repere-revista-de-stiintele-educatiei-anul-v-nr-52011\/","title":{"rendered":"LANDMARKS. Education science review. Year 5, no.5\/2011"},"content":{"rendered":"<p>Num\u0103rul 5\/2011 al revistei Repere adun\u0103 \u00eentre paginile sale studii de Ecaterina Vrasmas, lucr\u0103ri de cercetare, un interviu cu profesorul Stuart Shanker, o rubric\u0103 de apari\u021bii editoriale \u0219i un articol de semnalare a evenimentelor.<\/p>\n","protected":false},"excerpt":{"rendered":"<p>Num\u0103rul 5\/2011 al revistei Repere adun\u0103 \u00eentre paginile sale studii de Ecaterina Vrasmas, lucr\u0103ri de cercetare, un interviu cu profesorul Stuart Shanker, o rubric\u0103 de apari\u021bii editoriale \u0219i un articol de semnalare a evenimentelor.<\/p>\n","protected":false},"featured_media":10060,"comment_status":"open","ping_status":"closed","template":"","meta":[],"product_brand":[],"product_cat":[1469,1893,991,997],"product_tag":[1170,1111],"class_list":{"0":"post-3679","1":"product","2":"type-product","3":"status-publish","4":"has-post-thumbnail","6":"product_cat-periodice","7":"product_cat-reviste-academice","8":"product_cat-stiinte-sociale","9":"product_cat-psihologie-stiintele-educatiei-si-pedagogie","10":"product_tag-educatie","11":"product_tag-psihologie","13":"first","14":"outofstock","15":"purchasable","16":"product-type-simple"},"_links":{"self":[{"href":"https:\/\/editura-unibuc.ro\/en\/wp-json\/wp\/v2\/product\/3679","targetHints":{"allow":["GET"]}}],"collection":[{"href":"https:\/\/editura-unibuc.ro\/en\/wp-json\/wp\/v2\/product"}],"about":[{"href":"https:\/\/editura-unibuc.ro\/en\/wp-json\/wp\/v2\/types\/product"}],"replies":[{"embeddable":true,"href":"https:\/\/editura-unibuc.ro\/en\/wp-json\/wp\/v2\/comments?post=3679"}],"wp:featuredmedia":[{"embeddable":true,"href":"https:\/\/editura-unibuc.ro\/en\/wp-json\/wp\/v2\/media\/10060"}],"wp:attachment":[{"href":"https:\/\/editura-unibuc.ro\/en\/wp-json\/wp\/v2\/media?parent=3679"}],"wp:term":[{"taxonomy":"product_brand","embeddable":true,"href":"https:\/\/editura-unibuc.ro\/en\/wp-json\/wp\/v2\/product_brand?post=3679"},{"taxonomy":"product_cat","embeddable":true,"href":"https:\/\/editura-unibuc.ro\/en\/wp-json\/wp\/v2\/product_cat?post=3679"},{"taxonomy":"product_tag","embeddable":true,"href":"https:\/\/editura-unibuc.ro\/en\/wp-json\/wp\/v2\/product_tag?post=3679"}],"curies":[{"name":"wp","href":"https:\/\/api.w.org\/{rel}","templated":true}]}}