{"id":3683,"date":"2012-11-12T13:08:41","date_gmt":"2012-11-12T10:08:41","guid":{"rendered":"https:\/\/editura-unibuc.ro\/?p=3683"},"modified":"2015-03-13T17:32:21","modified_gmt":"2015-03-13T15:32:21","slug":"copilul-un-candidat-la-umanitate-sau-un-sistem-complex-cu-multiple-necunoscute","status":"publish","type":"product","link":"https:\/\/editura-unibuc.ro\/en\/copilul-un-candidat-la-umanitate-sau-un-sistem-complex-cu-multiple-necunoscute\/","title":{"rendered":"THE CHILD. ASPIRING TO HUMANITY OR HIGHLY COMPLEX UNKNOWN SYSTEM?"},"content":{"rendered":"<p>Demersul nostru se \u00eenscrie \u00eentre coordonatele psihologiei aplicate \u0219i psihologia dezvolt\u0103rii, ne\u00eensemn\u00e2nd c\u0103 nu am \u00eentregit aser\u021biunile cu note din discipline de grani\u021b\u0103, \u00een speran\u021ba c\u0103 stimatul cititor \u2013 fie el student ori absolvent al facult\u0103\u021bii de psihologie -, educatoare din gr\u0103dini\u021be, \u00eenv\u0103\u021b\u0103toarele din clasele elementare \u0219i mai ales p\u0103rin\u021bii, adul\u021bii, care \u00eei \u00eengrijesc pe cei mici, vor g\u0103si \u00een aceast\u0103 lucrare aspecte noi \u0219i vechi, cunoscute ori necunoscute, agreate sau respinse de ace\u0219tia. Pe to\u021bi \u00eei invit\u0103m respectuos, cu deschidere, s\u0103 parcurg\u0103 paginile \u00een speran\u021ba unui viitor dialog util pentru ambele p\u0103r\u021bi ale ecua\u021biei.(Cuv\u00e2nt \u00eenainte)<\/p>\n","protected":false},"excerpt":{"rendered":"<p>Demersul nostru se \u00eenscrie \u00eentre coordonatele psihologiei aplicate \u0219i psihologia dezvolt\u0103rii, ne\u00eensemn\u00e2nd c\u0103 nu am \u00eentregit aser\u021biunile cu note din discipline de grani\u021b\u0103, \u00een speran\u021ba c\u0103 stimatul cititor \u2013 fie el student ori absolvent al facult\u0103\u021bii de psihologie -, educatoare din gr\u0103dini\u021be, \u00eenv\u0103\u021b\u0103toarele din clasele elementare \u0219i mai ales p\u0103rin\u021bii, adul\u021bii, care \u00eei \u00eengrijesc pe [&hellip;]<\/p>\n","protected":false},"featured_media":10058,"comment_status":"open","ping_status":"closed","template":"","meta":[],"product_brand":[],"product_cat":[991,997],"product_tag":[1111],"class_list":{"0":"post-3683","1":"product","2":"type-product","3":"status-publish","4":"has-post-thumbnail","6":"product_cat-stiinte-sociale","7":"product_cat-psihologie-stiintele-educatiei-si-pedagogie","8":"product_tag-psihologie","10":"first","11":"outofstock","12":"shipping-taxable","13":"product-type-simple"},"_links":{"self":[{"href":"https:\/\/editura-unibuc.ro\/en\/wp-json\/wp\/v2\/product\/3683","targetHints":{"allow":["GET"]}}],"collection":[{"href":"https:\/\/editura-unibuc.ro\/en\/wp-json\/wp\/v2\/product"}],"about":[{"href":"https:\/\/editura-unibuc.ro\/en\/wp-json\/wp\/v2\/types\/product"}],"replies":[{"embeddable":true,"href":"https:\/\/editura-unibuc.ro\/en\/wp-json\/wp\/v2\/comments?post=3683"}],"wp:featuredmedia":[{"embeddable":true,"href":"https:\/\/editura-unibuc.ro\/en\/wp-json\/wp\/v2\/media\/10058"}],"wp:attachment":[{"href":"https:\/\/editura-unibuc.ro\/en\/wp-json\/wp\/v2\/media?parent=3683"}],"wp:term":[{"taxonomy":"product_brand","embeddable":true,"href":"https:\/\/editura-unibuc.ro\/en\/wp-json\/wp\/v2\/product_brand?post=3683"},{"taxonomy":"product_cat","embeddable":true,"href":"https:\/\/editura-unibuc.ro\/en\/wp-json\/wp\/v2\/product_cat?post=3683"},{"taxonomy":"product_tag","embeddable":true,"href":"https:\/\/editura-unibuc.ro\/en\/wp-json\/wp\/v2\/product_tag?post=3683"}],"curies":[{"name":"wp","href":"https:\/\/api.w.org\/{rel}","templated":true}]}}