{"id":3687,"date":"2012-11-12T13:20:30","date_gmt":"2012-11-12T10:20:30","guid":{"rendered":"https:\/\/editura-unibuc.ro\/?p=3687"},"modified":"2015-03-13T17:31:58","modified_gmt":"2015-03-13T15:31:58","slug":"dezvoltare-diferente-disfunctii-in-peisajul-psihologic-actual","status":"publish","type":"product","link":"https:\/\/editura-unibuc.ro\/en\/dezvoltare-diferente-disfunctii-in-peisajul-psihologic-actual\/","title":{"rendered":"PROGRESS, DIFFERENCE, DISFUNCTION IN TODAY&#8217;S PSYCHOLOGY FIELD"},"content":{"rendered":"<p>Din cuprins: Perspective teoretico-empirice ale ata\u0219amentului prenatal; Elemente de empatie \u00een rela\u021biile cu minorul; Rolul inteligen\u021bei emo\u021bionale \u00een dezvoltarea intereselor profesionale la adolescen\u021bii cu p\u0103rin\u021bi pleca\u021bi \u00een str\u0103in\u0103tate; Prezent \u0219i perspective ale conceptului \u201estare de bine\u201d; Aspecte psihoclinice ale coeren\u021bei \u0219i s\u0103n\u0103t\u0103\u021bii emo\u021bionale; Stima de sine \u2013 congruen\u021ba \u0219i discrepan\u021ba \u00eentre subtipurile ei.<\/p>\n","protected":false},"excerpt":{"rendered":"<p>Din cuprins: Perspective teoretico-empirice ale ata\u0219amentului prenatal; Elemente de empatie \u00een rela\u021biile cu minorul; Rolul inteligen\u021bei emo\u021bionale \u00een dezvoltarea intereselor profesionale la adolescen\u021bii cu p\u0103rin\u021bi pleca\u021bi \u00een str\u0103in\u0103tate; Prezent \u0219i perspective ale conceptului \u201estare de bine\u201d; Aspecte psihoclinice ale coeren\u021bei \u0219i s\u0103n\u0103t\u0103\u021bii emo\u021bionale; Stima de sine \u2013 congruen\u021ba \u0219i discrepan\u021ba \u00eentre subtipurile ei.<\/p>\n","protected":false},"featured_media":10056,"comment_status":"open","ping_status":"closed","template":"","meta":[],"product_brand":[],"product_cat":[991,997],"product_tag":[1111],"class_list":{"0":"post-3687","1":"product","2":"type-product","3":"status-publish","4":"has-post-thumbnail","6":"product_cat-stiinte-sociale","7":"product_cat-psihologie-stiintele-educatiei-si-pedagogie","8":"product_tag-psihologie","10":"first","11":"outofstock","12":"shipping-taxable","13":"product-type-simple"},"_links":{"self":[{"href":"https:\/\/editura-unibuc.ro\/en\/wp-json\/wp\/v2\/product\/3687","targetHints":{"allow":["GET"]}}],"collection":[{"href":"https:\/\/editura-unibuc.ro\/en\/wp-json\/wp\/v2\/product"}],"about":[{"href":"https:\/\/editura-unibuc.ro\/en\/wp-json\/wp\/v2\/types\/product"}],"replies":[{"embeddable":true,"href":"https:\/\/editura-unibuc.ro\/en\/wp-json\/wp\/v2\/comments?post=3687"}],"wp:featuredmedia":[{"embeddable":true,"href":"https:\/\/editura-unibuc.ro\/en\/wp-json\/wp\/v2\/media\/10056"}],"wp:attachment":[{"href":"https:\/\/editura-unibuc.ro\/en\/wp-json\/wp\/v2\/media?parent=3687"}],"wp:term":[{"taxonomy":"product_brand","embeddable":true,"href":"https:\/\/editura-unibuc.ro\/en\/wp-json\/wp\/v2\/product_brand?post=3687"},{"taxonomy":"product_cat","embeddable":true,"href":"https:\/\/editura-unibuc.ro\/en\/wp-json\/wp\/v2\/product_cat?post=3687"},{"taxonomy":"product_tag","embeddable":true,"href":"https:\/\/editura-unibuc.ro\/en\/wp-json\/wp\/v2\/product_tag?post=3687"}],"curies":[{"name":"wp","href":"https:\/\/api.w.org\/{rel}","templated":true}]}}