{"id":36906,"date":"2023-01-16T14:04:43","date_gmt":"2023-01-16T12:04:43","guid":{"rendered":"https:\/\/editura-unibuc.ro\/?post_type=product&#038;p=36906"},"modified":"2023-01-16T14:22:33","modified_gmt":"2023-01-16T12:22:33","slug":"curso-practico-de-espanol-comunicacion-ii-2","status":"publish","type":"product","link":"https:\/\/editura-unibuc.ro\/en\/curso-practico-de-espanol-comunicacion-ii-2\/","title":{"rendered":"CURSO PR\u00c1CTICO DE ESPA\u00d1OL<br\/> COMUNICACI\u00d3N II.2"},"content":{"rendered":"","protected":false},"excerpt":{"rendered":"<p>Curso pr\u00e1ctico de espa\u00f1ol. Comunicaci\u00f3n II.2 este un manual de comunicare \u00een limba spaniol\u0103<br \/>\nce continu\u0103 seria Curso pr\u00e1ctico de espa\u00f1ol, urm\u00e2nd volumelor Comunicaci\u00f3n I \u0219i Comunicaci\u00f3n II.1,<br \/>\npublicate deja \u00een colec\u021bia Didactica Magna la Editura Universit\u0103\u021bii din Bucure\u0219ti \u2013 Bucharest<br \/>\nUniversity Press. Seria manualelor de comunicare a fost conceput\u0103 pentru a fi folosit\u0103 la cursuri \u00een<br \/>\nparalel cu cea de gramatic\u0103: Curso pr\u00e1ctico de espa\u00f1ol. Gram\u00e1tica I, Curso pr\u00e1ctico de espa\u00f1ol. Gram\u00e1tica II.1<br \/>\n(deja ap\u0103rute) \u0219i Curso pr\u00e1ctico de espa\u00f1ol. Gram\u00e1tica II.2, toate f\u0103c\u00e2nd parte din aceea\u0219i colec\u021bie.<br \/>\nVolumul de fa\u021b\u0103 se adreseaz\u0103 tuturor celor care doresc s\u0103-\u0219i aprofundeze cuno\u0219tin\u021bele de<br \/>\nlimb\u0103 spaniol\u0103 prin dezvoltarea competen\u021belor clasice de scriere, vorbire, ascultare \u0219i citire cu<br \/>\najutorul unor materiale lingvistice autentice, \u00een format digital scris \u0219i audio-video. Datorit\u0103<br \/>\ncon\u021binutului s\u0103u tematic foarte variat, Curso pr\u00e1ctico de espa\u00f1ol. Comunicaci\u00f3n II.2 poate contribui cu<br \/>\nsucces at\u00e2t la dezvoltarea cuno\u0219tin\u021belor legate de cultura \u0219i civiliza\u021bia iberic\u0103, c\u00e2t \u0219i la studierea<br \/>\nparticularit\u0103\u021bilor vocabularului \u0219i spa\u021biului hispano-american.<\/p>\n","protected":false},"featured_media":36907,"comment_status":"open","ping_status":"closed","template":"","meta":[],"product_brand":[],"product_cat":[3103],"product_tag":[],"class_list":{"0":"post-36906","1":"product","2":"type-product","3":"status-publish","4":"has-post-thumbnail","6":"product_cat-fara-categorie","8":"first","9":"instock","10":"downloadable","11":"shipping-taxable","12":"product-type-simple"},"_links":{"self":[{"href":"https:\/\/editura-unibuc.ro\/en\/wp-json\/wp\/v2\/product\/36906","targetHints":{"allow":["GET"]}}],"collection":[{"href":"https:\/\/editura-unibuc.ro\/en\/wp-json\/wp\/v2\/product"}],"about":[{"href":"https:\/\/editura-unibuc.ro\/en\/wp-json\/wp\/v2\/types\/product"}],"replies":[{"embeddable":true,"href":"https:\/\/editura-unibuc.ro\/en\/wp-json\/wp\/v2\/comments?post=36906"}],"wp:featuredmedia":[{"embeddable":true,"href":"https:\/\/editura-unibuc.ro\/en\/wp-json\/wp\/v2\/media\/36907"}],"wp:attachment":[{"href":"https:\/\/editura-unibuc.ro\/en\/wp-json\/wp\/v2\/media?parent=36906"}],"wp:term":[{"taxonomy":"product_brand","embeddable":true,"href":"https:\/\/editura-unibuc.ro\/en\/wp-json\/wp\/v2\/product_brand?post=36906"},{"taxonomy":"product_cat","embeddable":true,"href":"https:\/\/editura-unibuc.ro\/en\/wp-json\/wp\/v2\/product_cat?post=36906"},{"taxonomy":"product_tag","embeddable":true,"href":"https:\/\/editura-unibuc.ro\/en\/wp-json\/wp\/v2\/product_tag?post=36906"}],"curies":[{"name":"wp","href":"https:\/\/api.w.org\/{rel}","templated":true}]}}