{"id":3691,"date":"2012-11-12T13:36:21","date_gmt":"2012-11-12T10:36:21","guid":{"rendered":"https:\/\/editura-unibuc.ro\/?p=3691"},"modified":"2025-08-06T12:00:43","modified_gmt":"2025-08-06T09:00:43","slug":"echilibre-chimice-in-solutie-note-de-curs-si-aplicatii","status":"publish","type":"product","link":"https:\/\/editura-unibuc.ro\/en\/echilibre-chimice-in-solutie-note-de-curs-si-aplicatii\/","title":{"rendered":"CHEMICAL SOLUTIONS BALANCES. Course notes and applications"},"content":{"rendered":"<p>\u00cen lucrare sunt descrise pe larg no\u021biunile de baz\u0103 ale chimiei analitice, \u00eencep\u00e2nd cu cele despre solu\u021bii \u0219i m\u0103rimile ce le caracterizeaz\u0103. \u00cen continuare, sunt prezentate echilibrele chimice \u00een sisteme omogene (acido-bazice, redox, de compensare) \u0219i heterogene (de precipitare-solubilizare), cu aplica\u021bii \u00een analiza chimic\u0103 calitativ\u0103 \u0219i cantitativ\u0103. Aceasta din urm\u0103, cuprinde gravimetria \u0219i volumetria. Analiza gravimetric\u0103 descrie etapele metodei de analiz\u0103, cu aplica\u021bii pe probe reale. Analiza volumetric\u0103 descrie principalele tipuri de metode titrimetrice de analiz\u0103 cantitativ\u0103 precum \u0219i tehnici de lucru. Fiecare capitol con\u021bine pe l\u00e2ng\u0103 no\u021biuni teoretice, aplica\u021bii practice (\u00een analiza de mediu, a produ\u0219ilor farmaceutici, a probelor biologice etc.) \u0219i exerci\u021bii.<\/p>\n","protected":false},"excerpt":{"rendered":"<p>\u00cen lucrare sunt descrise pe larg no\u021biunile de baz\u0103 ale chimiei analitice, \u00eencep\u00e2nd cu cele despre solu\u021bii \u0219i m\u0103rimile ce le caracterizeaz\u0103. \u00cen continuare, sunt prezentate echilibrele chimice \u00een sisteme omogene (acido-bazice, redox, de compensare) \u0219i heterogene (de precipitare-solubilizare), cu aplica\u021bii \u00een analiza chimic\u0103 calitativ\u0103 \u0219i cantitativ\u0103. Aceasta din urm\u0103, cuprinde gravimetria \u0219i volumetria. Analiza [&hellip;]<\/p>\n","protected":false},"featured_media":10053,"comment_status":"open","ping_status":"closed","template":"","meta":[],"product_brand":[],"product_cat":[982,983],"product_tag":[907],"class_list":{"0":"post-3691","1":"product","2":"type-product","3":"status-publish","4":"has-post-thumbnail","6":"product_cat-stiinte-exacte","7":"product_cat-chimie","8":"product_tag-chimie","10":"first","11":"outofstock","12":"shipping-taxable","13":"purchasable","14":"product-type-simple"},"_links":{"self":[{"href":"https:\/\/editura-unibuc.ro\/en\/wp-json\/wp\/v2\/product\/3691","targetHints":{"allow":["GET"]}}],"collection":[{"href":"https:\/\/editura-unibuc.ro\/en\/wp-json\/wp\/v2\/product"}],"about":[{"href":"https:\/\/editura-unibuc.ro\/en\/wp-json\/wp\/v2\/types\/product"}],"replies":[{"embeddable":true,"href":"https:\/\/editura-unibuc.ro\/en\/wp-json\/wp\/v2\/comments?post=3691"}],"wp:featuredmedia":[{"embeddable":true,"href":"https:\/\/editura-unibuc.ro\/en\/wp-json\/wp\/v2\/media\/10053"}],"wp:attachment":[{"href":"https:\/\/editura-unibuc.ro\/en\/wp-json\/wp\/v2\/media?parent=3691"}],"wp:term":[{"taxonomy":"product_brand","embeddable":true,"href":"https:\/\/editura-unibuc.ro\/en\/wp-json\/wp\/v2\/product_brand?post=3691"},{"taxonomy":"product_cat","embeddable":true,"href":"https:\/\/editura-unibuc.ro\/en\/wp-json\/wp\/v2\/product_cat?post=3691"},{"taxonomy":"product_tag","embeddable":true,"href":"https:\/\/editura-unibuc.ro\/en\/wp-json\/wp\/v2\/product_tag?post=3691"}],"curies":[{"name":"wp","href":"https:\/\/api.w.org\/{rel}","templated":true}]}}