{"id":3699,"date":"2012-11-12T14:30:18","date_gmt":"2012-11-12T11:30:18","guid":{"rendered":"https:\/\/editura-unibuc.ro\/?p=3699"},"modified":"2025-08-06T09:55:06","modified_gmt":"2025-08-06T06:55:06","slug":"a-x-a-conferinta-nationala-de-invatamant-virtual-cniv-2012-2-3-noiembrie-2012-brasov","status":"publish","type":"product","link":"https:\/\/editura-unibuc.ro\/en\/a-x-a-conferinta-nationala-de-invatamant-virtual-cniv-2012-2-3-noiembrie-2012-brasov\/","title":{"rendered":"The 10th National Conference of Virtual Learning, CNIV 2012, November 2-3, 2012, Bra\u0219ov, Romania"},"content":{"rendered":"<p>Cuprins: CNIV 2012, edi\u021bia a X-a; Sec\u021biunea A \u2013 Tehnologii e-learning \u0219i Virtual Reality, Cercetare \u0219i dezvoltare, Sec\u021biunea B \u2013 Software educa\u021bional \u00een \u00eenv\u0103\u021b\u0103m\u00e2ntul universitar, Proiecte \u0219i aplica\u021bii, Sec\u021biunea C \u2013 Software educa\u021bional \u00een \u00eenv\u0103\u021b\u0103m\u00e2ntul preuniversitar, Proiecte \u0219i aplica\u021bii, Sec\u021biunea D \u2013 Intel\u00ae Education, Inovare \u00een educa\u021bie \u0219i cercetare, Proiecte \u0219i aplica\u021bii, Sec\u021biunea E \u2013 Training \u0219i management educa\u021bional, Strategii, obiective, calitate; Intel Romania; Anex\u0103: Regulamentul concursului \u201cSoftware educa\u021b\u00edonal\u201d, Lista evaluatorilor CNIV 2012; Index Autori.<\/p>\n","protected":false},"excerpt":{"rendered":"<p>Cuprins: CNIV 2012, edi\u021bia a X-a; Sec\u021biunea A \u2013 Tehnologii e-learning \u0219i Virtual Reality, Cercetare \u0219i dezvoltare, Sec\u021biunea B \u2013 Software educa\u021bional \u00een \u00eenv\u0103\u021b\u0103m\u00e2ntul universitar, Proiecte \u0219i aplica\u021bii, Sec\u021biunea C \u2013 Software educa\u021bional \u00een \u00eenv\u0103\u021b\u0103m\u00e2ntul preuniversitar, Proiecte \u0219i aplica\u021bii, Sec\u021biunea D \u2013 Intel\u00ae Education, Inovare \u00een educa\u021bie \u0219i cercetare, Proiecte \u0219i aplica\u021bii, Sec\u021biunea E \u2013 [&hellip;]<\/p>\n","protected":false},"featured_media":10048,"comment_status":"open","ping_status":"closed","template":"","meta":[],"product_brand":[],"product_cat":[982,985,991,997],"product_tag":[899,1111],"class_list":{"0":"post-3699","1":"product","2":"type-product","3":"status-publish","4":"has-post-thumbnail","6":"product_cat-stiinte-exacte","7":"product_cat-informatica","8":"product_cat-stiinte-sociale","9":"product_cat-psihologie-stiintele-educatiei-si-pedagogie","10":"product_tag-informatica","11":"product_tag-psihologie","13":"first","14":"outofstock","15":"shipping-taxable","16":"purchasable","17":"product-type-simple"},"_links":{"self":[{"href":"https:\/\/editura-unibuc.ro\/en\/wp-json\/wp\/v2\/product\/3699","targetHints":{"allow":["GET"]}}],"collection":[{"href":"https:\/\/editura-unibuc.ro\/en\/wp-json\/wp\/v2\/product"}],"about":[{"href":"https:\/\/editura-unibuc.ro\/en\/wp-json\/wp\/v2\/types\/product"}],"replies":[{"embeddable":true,"href":"https:\/\/editura-unibuc.ro\/en\/wp-json\/wp\/v2\/comments?post=3699"}],"wp:featuredmedia":[{"embeddable":true,"href":"https:\/\/editura-unibuc.ro\/en\/wp-json\/wp\/v2\/media\/10048"}],"wp:attachment":[{"href":"https:\/\/editura-unibuc.ro\/en\/wp-json\/wp\/v2\/media?parent=3699"}],"wp:term":[{"taxonomy":"product_brand","embeddable":true,"href":"https:\/\/editura-unibuc.ro\/en\/wp-json\/wp\/v2\/product_brand?post=3699"},{"taxonomy":"product_cat","embeddable":true,"href":"https:\/\/editura-unibuc.ro\/en\/wp-json\/wp\/v2\/product_cat?post=3699"},{"taxonomy":"product_tag","embeddable":true,"href":"https:\/\/editura-unibuc.ro\/en\/wp-json\/wp\/v2\/product_tag?post=3699"}],"curies":[{"name":"wp","href":"https:\/\/api.w.org\/{rel}","templated":true}]}}