{"id":37047,"date":"2023-02-02T10:15:23","date_gmt":"2023-02-02T08:15:23","guid":{"rendered":"https:\/\/editura-unibuc.ro\/?post_type=product&#038;p=37047"},"modified":"2025-05-08T10:51:16","modified_gmt":"2025-05-08T07:51:16","slug":"documente-privind-dezvoltarea-retelei-de-institutii-de-invatamant-superior-1949%e2%80%901959","status":"publish","type":"product","link":"https:\/\/editura-unibuc.ro\/en\/documente-privind-dezvoltarea-retelei-de-institutii-de-invatamant-superior-1949%e2%80%901959\/","title":{"rendered":"DOCUMENTE PRIVIND DEZVOLTAREA RE\u021aELEI DE INSTITU\u021aII DE \u00ceNV\u0102\u021a\u0102M\u00c2NT SUPERIOR : (1949\u20101959)"},"content":{"rendered":"","protected":false},"excerpt":{"rendered":"<hr \/>\n<p><strong><a href=\"https:\/\/books.google.ro\/books\/about?id=ADqgEAAAQBAJ&#038;redir_esc=y\" target=\"_blank\" rel=\"noopener\"><img decoding=\"async\" src=\"https:\/\/editura-unibuc.ro\/wp-content\/uploads\/2025\/04\/goo.png\" \/>Google Books<\/a><\/strong><br \/>&nbsp;<\/p>\n<hr \/>\n<p>Volumul de documente pe care \u00eel propunem aici cititorului a ap\u0103rut din necesitatea de a \u00een\u021belege primii ani de organizare \u00een \u00eenv\u0103\u021b\u0103m\u00e2ntului superior rom\u00e2nesc dup\u0103 1948 \u0219i reforma \u00eenv\u0103\u021b\u0103m\u00e2ntului.<br \/>\n\u00cen centrul aten\u021biei s-a aflat selec\u021bia unor documente, \u00een principal de ani 1950, care s\u0103 ne arate cum s-a edificat re\u021beaua institu\u021biilor de \u00eenv\u0103\u021b\u0103m\u00e2nt superior \u0219i alte probleme conexe. \u00cen acei ani, s-au realizat mai multe experimente de organizare, desf\u0103\u0219urate \u00eentre nevoile curente de a preg\u0103ti for\u021b\u0103 de munc\u0103 specializat\u0103 pentru societate \u0219i procesul de adaptare la modelul sovietic, impus cu for\u021ba. Unele dintre m\u0103surile stabilite atunci au r\u0103mas \u00eens\u0103 cu urm\u0103ri pentru decenii la r\u00e2nd, \u0219i chiar \u0219i ast\u0103zi avem unele centre universitare \u0219i institu\u021bii cu un specific punctat \u00een acei ani. Crearea unui sistem modern de institu\u021bii de \u00eenv\u0103\u021b\u0103m\u00e2nt superior a fost un proces complicat, cu mai mul\u021bi factori importan\u021bi care trebuie cuantifica\u021bi \u0219i cu variate suprapuneri de probleme. S\u0103 ne g\u00e2ndim, de exemplu, la consecin\u021bele nefaste ale celui de-Al Doilea R\u0103zboi Mondial asupra patrimoniului universitar, care nu au putut fi dec\u00e2t \u00een parte surmontate, mai ales \u00een condi\u021biile grele financiare ale anilor 1950.<br \/>\nSper\u0103m ca cele 110 documente selectate din variate arhive s\u0103 deschid\u0103 perspective noi de cunoa\u0219tere asupra istoriei \u00eenv\u0103\u021b\u0103m\u00e2ntului superior, dar \u0219i pentru istoria comunismului.<\/p>\n","protected":false},"featured_media":37048,"comment_status":"open","ping_status":"closed","template":"","meta":[],"product_brand":[],"product_cat":[3823],"product_tag":[1170],"class_list":{"0":"post-37047","1":"product","2":"type-product","3":"status-publish","4":"has-post-thumbnail","6":"product_cat-stiinte-umane","7":"product_tag-educatie","9":"first","10":"instock","11":"shipping-taxable","12":"purchasable","13":"product-type-simple"},"_links":{"self":[{"href":"https:\/\/editura-unibuc.ro\/en\/wp-json\/wp\/v2\/product\/37047","targetHints":{"allow":["GET"]}}],"collection":[{"href":"https:\/\/editura-unibuc.ro\/en\/wp-json\/wp\/v2\/product"}],"about":[{"href":"https:\/\/editura-unibuc.ro\/en\/wp-json\/wp\/v2\/types\/product"}],"replies":[{"embeddable":true,"href":"https:\/\/editura-unibuc.ro\/en\/wp-json\/wp\/v2\/comments?post=37047"}],"wp:featuredmedia":[{"embeddable":true,"href":"https:\/\/editura-unibuc.ro\/en\/wp-json\/wp\/v2\/media\/37048"}],"wp:attachment":[{"href":"https:\/\/editura-unibuc.ro\/en\/wp-json\/wp\/v2\/media?parent=37047"}],"wp:term":[{"taxonomy":"product_brand","embeddable":true,"href":"https:\/\/editura-unibuc.ro\/en\/wp-json\/wp\/v2\/product_brand?post=37047"},{"taxonomy":"product_cat","embeddable":true,"href":"https:\/\/editura-unibuc.ro\/en\/wp-json\/wp\/v2\/product_cat?post=37047"},{"taxonomy":"product_tag","embeddable":true,"href":"https:\/\/editura-unibuc.ro\/en\/wp-json\/wp\/v2\/product_tag?post=37047"}],"curies":[{"name":"wp","href":"https:\/\/api.w.org\/{rel}","templated":true}]}}