{"id":3705,"date":"2012-11-12T15:03:20","date_gmt":"2012-11-12T13:03:20","guid":{"rendered":"https:\/\/editura-unibuc.ro\/?p=3705"},"modified":"2024-03-26T08:51:49","modified_gmt":"2024-03-26T06:51:49","slug":"peisaj-si-gestiunea-durabila-a-teritoriului","status":"publish","type":"product","link":"https:\/\/editura-unibuc.ro\/en\/peisaj-si-gestiunea-durabila-a-teritoriului\/","title":{"rendered":"LANDSCAPE AND DURABLE LAND MANAGEMENT"},"content":{"rendered":"<p>Aceast\u0103 lucrare \u00ee\u0219i propune s\u0103 eviden\u021bieze dou\u0103 aspecte majore referitoare la peisaj. \u00cen primul r\u00e2nd, peisajul trebuie identificat \u0219i evaluat la adev\u0103rata lui valoare dup\u0103 o metodologie clar\u0103 \u0219i coerent\u0103. Astfel, noile direc\u021bii de lucru \u0219i analiz\u0103 S.I.P. au \u00eembog\u0103\u021bit \u0219i modificat substan\u021bial orientarea geografic\u0103 \u0219i analiza peisajului. \u00cen al doilea r\u00e2nd, trebuie avut \u00een vedere c\u0103 scopul final al analizelor efectuate este gestionarea \u00een sens durabil a peisajului, ce consta din p\u0103strarea identit\u0103\u021bii acestuia \u0219i din valorificarea patrimoniului peisagistic. \u00cen prezent, \u00een Rom\u00e2nia este necesar\u0103 o mai bun\u0103 corelare \u00eentre cadrul legislativ, care recunoa\u0219te peisajul drept resurs\u0103 (reperele fundamentale fiind Legea din 2002 prin care a fost ratificat\u0103 Conven\u021bia European\u0103 a Peisajului \u0219i O.U.G. din 2011 referitoare la amenajarea teritoriului, \u00een care este recunoscut\u0103 implicit valoarea peisajului \u00een teritoriu) \u0219i direc\u021biile concrete de ac\u021biune. Din acest punct de vedere, consideram c\u0103 \u00een Rom\u00e2nia abordarea peisajului c\u0103 resursa este \u00eenc\u0103 deficitar\u0103, iar studiile de mediu \u0219i de amenajarea teritoriului ar trebui s\u0103 \u00eenglobeze modele de evaluare a peisajului. Analizele peisagistice pot fi utile stakeholder-ilor din \u021bara noastr\u0103, care ar putea utiliza acest tip de rezultate \u00een special \u00een studii de sustenabilitate a mediului \u0219i a teritoriului.<\/p>","protected":false},"excerpt":{"rendered":"<p>Aceast\u0103 lucrare \u00ee\u0219i propune s\u0103 eviden\u021bieze dou\u0103 aspecte majore referitoare la peisaj. \u00cen primul r\u00e2nd, peisajul trebuie identificat \u0219i evaluat la adev\u0103rata lui valoare dup\u0103 o metodologie clar\u0103 \u0219i coerent\u0103. Astfel, noile direc\u021bii de lucru \u0219i analiz\u0103 S.I.P. au \u00eembog\u0103\u021bit \u0219i modificat substan\u021bial orientarea geografic\u0103 \u0219i analiza peisajului. \u00cen al doilea r\u00e2nd, trebuie avut \u00een [&hellip;]<\/p>\n","protected":false},"featured_media":10046,"comment_status":"open","ping_status":"closed","template":"","meta":[],"product_brand":[],"product_cat":[1466,989],"product_tag":[903],"class_list":{"0":"post-3705","1":"product","2":"type-product","3":"status-publish","4":"has-post-thumbnail","6":"product_cat-stiinte-ale-naturii","7":"product_cat-geografie","8":"product_tag-geografie","10":"first","11":"outofstock","12":"shipping-taxable","13":"purchasable","14":"product-type-simple"},"_links":{"self":[{"href":"https:\/\/editura-unibuc.ro\/en\/wp-json\/wp\/v2\/product\/3705","targetHints":{"allow":["GET"]}}],"collection":[{"href":"https:\/\/editura-unibuc.ro\/en\/wp-json\/wp\/v2\/product"}],"about":[{"href":"https:\/\/editura-unibuc.ro\/en\/wp-json\/wp\/v2\/types\/product"}],"replies":[{"embeddable":true,"href":"https:\/\/editura-unibuc.ro\/en\/wp-json\/wp\/v2\/comments?post=3705"}],"wp:featuredmedia":[{"embeddable":true,"href":"https:\/\/editura-unibuc.ro\/en\/wp-json\/wp\/v2\/media\/10046"}],"wp:attachment":[{"href":"https:\/\/editura-unibuc.ro\/en\/wp-json\/wp\/v2\/media?parent=3705"}],"wp:term":[{"taxonomy":"product_brand","embeddable":true,"href":"https:\/\/editura-unibuc.ro\/en\/wp-json\/wp\/v2\/product_brand?post=3705"},{"taxonomy":"product_cat","embeddable":true,"href":"https:\/\/editura-unibuc.ro\/en\/wp-json\/wp\/v2\/product_cat?post=3705"},{"taxonomy":"product_tag","embeddable":true,"href":"https:\/\/editura-unibuc.ro\/en\/wp-json\/wp\/v2\/product_tag?post=3705"}],"curies":[{"name":"wp","href":"https:\/\/api.w.org\/{rel}","templated":true}]}}