{"id":3722,"date":"2012-11-13T09:57:47","date_gmt":"2012-11-13T07:57:47","guid":{"rendered":"https:\/\/editura-unibuc.ro\/?p=3722"},"modified":"2024-04-11T14:19:24","modified_gmt":"2024-04-11T11:19:24","slug":"notiuni-de-anatomie-si-fiziologie","status":"publish","type":"product","link":"https:\/\/editura-unibuc.ro\/en\/notiuni-de-anatomie-si-fiziologie\/","title":{"rendered":"ANATOMY AND PHYSIOLOGY NOTIONS"},"content":{"rendered":"<p>Via\u021ba se realizeaz\u0103 majoritar prin conversia energiei radiante solare \u00een energie chimic\u0103, de c\u0103tre organismele vegetale. Organismele animale, categorie care include \u0219i omul, convertesc energia chimic\u0103 ingerat\u0103 \u0219i stocat\u0103 \u00een energie mecanic\u0103, osmotic\u0103, electric\u0103 \u0219i termic\u0103. Aceste forme de energie sunt utilizate pentru structurarea organismului, pentru mi\u0219care, pentru comunicare, pentru realizarea unor performan\u021be uluitoare \u00een adaptarea la medii de via\u021b\u0103 foarte diferite \u0219i uneori foarte ostile.<\/p>\n<p>Fiziologia modern\u0103 studiaz\u0103 desf\u0103\u0219urarea optimizat\u0103 a func\u021biilor, pe care am putea s\u0103 o numim metaforic \u201e\u00een\u021belepciunea corpului\u201d. Ea exploreaz\u0103 \u201e\u00een\u021belepciunea corpului\u201d, pornind de la elemente perfect caracterizate de discipline analitice, cum sunt biochimia, biofizica, biologia molecular\u0103 \u0219i celular\u0103. Drumul istoric al fiziologiei a pornit de la observarea fenomenelor fiziologice, a evoluat spre abord\u0103ri analitice care explorau detaliile de desf\u0103\u0219urare a proceselor chimice \u0219i fizice la nivelul organismului \u0219i celulelor, \u0219i care studiau moleculele implicate \u00een diferitele fenomene fiziologice. Din aceast\u0103 multitudine de date acumulate, prin abordarea de tip sistemic, fiziologia modern\u0103 integreaz\u0103 rezultatele ob\u021binute de disciplinele analitice \u00een explica\u021bii de nivel superior. Prin func\u021bionarea integrat\u0103 a elementelor \u00een sistemele biologice apar noi propriet\u0103\u021bi, denumite propriet\u0103\u021bi emergente, care sunt absente la nivelul elementar. De exemplu, func\u021bionarea integrat\u0103 a neuronilor \u00een re\u021bele neuronale produce capacit\u0103\u021bi noi, inexistente la nivelul elementar neuronal, cum ar fi memoria, con\u0219tiin\u021ba, emotivitatea. Studiul complexit\u0103\u021bii acestor sisteme a eviden\u021biat legi specifice care ac\u021bioneaz\u0103 la acest nivel.<\/p>\n<p>Fiziologia animal\u0103, \u00een care se include \u0219i fiziologia omului, studiaz\u0103 func\u021biile prin care se men\u021bin sistemele biologice \u00een via\u021b\u0103 \u0219i se asigur\u0103 perpetuarea lor.<\/p>\n<p>Ea se ocup\u0103 cu studiul func\u021biilor organismului \u0219i regl\u0103rii acestora pentru men\u021binerea unei st\u0103ri sta\u021bionare, c\u00e2t \u0219i pentru adaptarea organismului la varia\u021biile mediului extern sau la necesit\u0103\u021bi variabile \u00een timp.<\/p>\n","protected":false},"excerpt":{"rendered":"<p>Via\u021ba se realizeaz\u0103 majoritar prin conversia energiei radiante solare \u00een energie chimic\u0103, de c\u0103tre organismele vegetale. Organismele animale, categorie care include \u0219i omul, convertesc energia chimic\u0103 ingerat\u0103 \u0219i stocat\u0103 \u00een energie mecanic\u0103, osmotic\u0103, electric\u0103 \u0219i termic\u0103. Aceste forme de energie sunt utilizate pentru structurarea organismului, pentru mi\u0219care, pentru comunicare, pentru realizarea unor performan\u021be uluitoare \u00een [&hellip;]<\/p>\n","protected":false},"featured_media":8750,"comment_status":"open","ping_status":"closed","template":"","meta":[],"product_brand":[],"product_cat":[1466,988],"product_tag":[1315,904],"class_list":{"0":"post-3722","1":"product","2":"type-product","3":"status-publish","4":"has-post-thumbnail","6":"product_cat-stiinte-ale-naturii","7":"product_cat-biologie","8":"product_tag-anatomie","9":"product_tag-biologie","11":"first","12":"instock","13":"shipping-taxable","14":"purchasable","15":"product-type-simple"},"_links":{"self":[{"href":"https:\/\/editura-unibuc.ro\/en\/wp-json\/wp\/v2\/product\/3722","targetHints":{"allow":["GET"]}}],"collection":[{"href":"https:\/\/editura-unibuc.ro\/en\/wp-json\/wp\/v2\/product"}],"about":[{"href":"https:\/\/editura-unibuc.ro\/en\/wp-json\/wp\/v2\/types\/product"}],"replies":[{"embeddable":true,"href":"https:\/\/editura-unibuc.ro\/en\/wp-json\/wp\/v2\/comments?post=3722"}],"wp:featuredmedia":[{"embeddable":true,"href":"https:\/\/editura-unibuc.ro\/en\/wp-json\/wp\/v2\/media\/8750"}],"wp:attachment":[{"href":"https:\/\/editura-unibuc.ro\/en\/wp-json\/wp\/v2\/media?parent=3722"}],"wp:term":[{"taxonomy":"product_brand","embeddable":true,"href":"https:\/\/editura-unibuc.ro\/en\/wp-json\/wp\/v2\/product_brand?post=3722"},{"taxonomy":"product_cat","embeddable":true,"href":"https:\/\/editura-unibuc.ro\/en\/wp-json\/wp\/v2\/product_cat?post=3722"},{"taxonomy":"product_tag","embeddable":true,"href":"https:\/\/editura-unibuc.ro\/en\/wp-json\/wp\/v2\/product_tag?post=3722"}],"curies":[{"name":"wp","href":"https:\/\/api.w.org\/{rel}","templated":true}]}}