{"id":3726,"date":"2012-11-13T10:08:28","date_gmt":"2012-11-13T07:08:28","guid":{"rendered":"https:\/\/editura-unibuc.ro\/?p=3726"},"modified":"2024-04-11T11:35:45","modified_gmt":"2024-04-11T08:35:45","slug":"economia-sectorului-public-concepte-problematica-terminologie","status":"publish","type":"product","link":"https:\/\/editura-unibuc.ro\/en\/economia-sectorului-public-concepte-problematica-terminologie\/","title":{"rendered":"PUBLIC SECTOR ECONOMY: CONCEPTS, ISSUES, TERMINOLOGY"},"content":{"rendered":"<p>Scopul economiei sectorului public ca practic\u0103 social\u0103 este acela de a produce bun\u0103stare, iar al \u0219tiin\u021bei economiei sectorului public acela de a explica cum se poate produce aceast\u0103 bun\u0103stare \u0219i care sunt dificult\u0103\u021bile implicate \u00een produc\u021bia public\u0103 a bunurilor \u0219i serviciilor asociate bun\u0103st\u0103rii.<\/p>\n","protected":false},"excerpt":{"rendered":"<p>Scopul economiei sectorului public ca practic\u0103 social\u0103 este acela de a produce bun\u0103stare, iar al \u0219tiin\u021bei economiei sectorului public acela de a explica cum se poate produce aceast\u0103 bun\u0103stare \u0219i care sunt dificult\u0103\u021bile implicate \u00een produc\u021bia public\u0103 a bunurilor \u0219i serviciilor asociate bun\u0103st\u0103rii.<\/p>\n","protected":false},"featured_media":10037,"comment_status":"open","ping_status":"closed","template":"","meta":[],"product_brand":[],"product_cat":[991,992],"product_tag":[1066],"class_list":{"0":"post-3726","1":"product","2":"type-product","3":"status-publish","4":"has-post-thumbnail","6":"product_cat-stiinte-sociale","7":"product_cat-administratie-si-afaceri","8":"product_tag-economie","10":"first","11":"instock","12":"shipping-taxable","13":"purchasable","14":"product-type-simple"},"_links":{"self":[{"href":"https:\/\/editura-unibuc.ro\/en\/wp-json\/wp\/v2\/product\/3726","targetHints":{"allow":["GET"]}}],"collection":[{"href":"https:\/\/editura-unibuc.ro\/en\/wp-json\/wp\/v2\/product"}],"about":[{"href":"https:\/\/editura-unibuc.ro\/en\/wp-json\/wp\/v2\/types\/product"}],"replies":[{"embeddable":true,"href":"https:\/\/editura-unibuc.ro\/en\/wp-json\/wp\/v2\/comments?post=3726"}],"wp:featuredmedia":[{"embeddable":true,"href":"https:\/\/editura-unibuc.ro\/en\/wp-json\/wp\/v2\/media\/10037"}],"wp:attachment":[{"href":"https:\/\/editura-unibuc.ro\/en\/wp-json\/wp\/v2\/media?parent=3726"}],"wp:term":[{"taxonomy":"product_brand","embeddable":true,"href":"https:\/\/editura-unibuc.ro\/en\/wp-json\/wp\/v2\/product_brand?post=3726"},{"taxonomy":"product_cat","embeddable":true,"href":"https:\/\/editura-unibuc.ro\/en\/wp-json\/wp\/v2\/product_cat?post=3726"},{"taxonomy":"product_tag","embeddable":true,"href":"https:\/\/editura-unibuc.ro\/en\/wp-json\/wp\/v2\/product_tag?post=3726"}],"curies":[{"name":"wp","href":"https:\/\/api.w.org\/{rel}","templated":true}]}}