{"id":37319,"date":"2023-02-22T09:32:47","date_gmt":"2023-02-22T07:32:47","guid":{"rendered":"https:\/\/editura-unibuc.ro\/?post_type=product&#038;p=37319"},"modified":"2026-03-05T12:37:05","modified_gmt":"2026-03-05T10:37:05","slug":"religie-si-politica-in-simbolistica-monetara-a-imperiului-roman-tarziu","status":"publish","type":"product","link":"https:\/\/editura-unibuc.ro\/en\/religie-si-politica-in-simbolistica-monetara-a-imperiului-roman-tarziu\/","title":{"rendered":"RELIGIE \u0218I POLITIC\u0102   \u00ceN SIMBOLISTICA MONETAR\u0102 A IMPERIULUI ROMAN T\u00c2RZIU"},"content":{"rendered":"","protected":false},"excerpt":{"rendered":"<hr \/>\n<p><strong><a href=\"https:\/\/books.google.ro\/books\/about?id=MGuvEAAAQBAJ&amp;redir_esc=y\" target=\"_blank\" rel=\"noopener\"><img decoding=\"async\" src=\"https:\/\/editura-unibuc.ro\/wp-content\/uploads\/2025\/04\/goo.png\" \/>Google Books<\/a><\/strong><br \/>&nbsp;<\/p>\n<hr \/>\n<p>Lucrarea de fa\u021b\u0103 \u00ee\u0219i propune studierea modului \u00een care iconografia monetar\u0103 a Imperiului Roman T\u00e2rziu\/Bizantin, din perioada cuprins\u0103 \u00eentre secolele al IV-lea \u0219i al XII-lea, reflect\u0103 \u00een temele sale transform\u0103rile de ordin politic, social \u0219i cultural-religios prin care a trecut acesta. Actualitatea temei propuse este sus\u021binut\u0103 \u00een primul r\u00e2nd de necesitatea valorific\u0103rii unui izvor istoric mai pu\u021bin utilizat ca atare. Studiul ne ofer\u0103 posibilitatea eviden\u021bierii unor aspecte importante ale politicii imperiale romane t\u00e2rzii\/bizantine, care, interpretate \u00een context, arunc\u0103 o oarecare lumin\u0103 asupra dinamicilor sociale, politice, culturale \u0219i religioase ale Imperiului. Metodele principale pe care le voi utiliza pentru atingerea scopului lucr\u0103rii de fa\u021b\u0103 sunt: metoda istoric\u0103 \u0219i cea comparativ\u0103.<\/p>\n","protected":false},"featured_media":37321,"comment_status":"open","ping_status":"closed","template":"","meta":[],"product_brand":[],"product_cat":[999],"product_tag":[881,1021],"class_list":{"0":"post-37319","1":"product","2":"type-product","3":"status-publish","4":"has-post-thumbnail","6":"product_cat-teologie","7":"product_tag-istorie","8":"product_tag-teologie","10":"first","11":"instock","12":"shipping-taxable","13":"purchasable","14":"product-type-simple"},"_links":{"self":[{"href":"https:\/\/editura-unibuc.ro\/en\/wp-json\/wp\/v2\/product\/37319","targetHints":{"allow":["GET"]}}],"collection":[{"href":"https:\/\/editura-unibuc.ro\/en\/wp-json\/wp\/v2\/product"}],"about":[{"href":"https:\/\/editura-unibuc.ro\/en\/wp-json\/wp\/v2\/types\/product"}],"replies":[{"embeddable":true,"href":"https:\/\/editura-unibuc.ro\/en\/wp-json\/wp\/v2\/comments?post=37319"}],"wp:featuredmedia":[{"embeddable":true,"href":"https:\/\/editura-unibuc.ro\/en\/wp-json\/wp\/v2\/media\/37321"}],"wp:attachment":[{"href":"https:\/\/editura-unibuc.ro\/en\/wp-json\/wp\/v2\/media?parent=37319"}],"wp:term":[{"taxonomy":"product_brand","embeddable":true,"href":"https:\/\/editura-unibuc.ro\/en\/wp-json\/wp\/v2\/product_brand?post=37319"},{"taxonomy":"product_cat","embeddable":true,"href":"https:\/\/editura-unibuc.ro\/en\/wp-json\/wp\/v2\/product_cat?post=37319"},{"taxonomy":"product_tag","embeddable":true,"href":"https:\/\/editura-unibuc.ro\/en\/wp-json\/wp\/v2\/product_tag?post=37319"}],"curies":[{"name":"wp","href":"https:\/\/api.w.org\/{rel}","templated":true}]}}