{"id":37349,"date":"2023-02-23T13:29:16","date_gmt":"2023-02-23T11:29:16","guid":{"rendered":"https:\/\/editura-unibuc.ro\/?post_type=product&#038;p=37349"},"modified":"2025-05-08T10:43:37","modified_gmt":"2025-05-08T07:43:37","slug":"din-istoricul-numelor-de-monede-in-limba-romana","status":"publish","type":"product","link":"https:\/\/editura-unibuc.ro\/en\/din-istoricul-numelor-de-monede-in-limba-romana\/","title":{"rendered":"DIN ISTORICUL NUMELOR DE MONEDE \u00ceN LIMBA ROM\u00c2N\u0102"},"content":{"rendered":"","protected":false},"excerpt":{"rendered":"<hr \/>\n<p><strong><a href=\"https:\/\/books.google.ro\/books\/about?id=6bOvEAAAQBAJ&#038;redir_esc=y\" target=\"_blank\" rel=\"noopener\"><img decoding=\"async\" src=\"https:\/\/editura-unibuc.ro\/wp-content\/uploads\/2025\/04\/goo.png\" \/>Google Books<\/a><\/strong><br \/>&nbsp;<\/p>\n<hr \/>\n<p>Din istoricul numelor de monede \u00een limba rom\u00e2n\u0103 este o lucrare dedicat\u0103 unui sector terminologic str\u00e2ns legat de istoria extralingvistic\u0103 a limbii rom\u00e2ne. Descrierea numelor de monede din rom\u00e2n\u0103 este diacronic\u0103 \u0219i se bazeaz\u0103 pe informa\u021biile extrase din documente \u0219i din texte literare culte sau folclorice. Inventarul pe care l-am stabilit reprezint\u0103 o m\u0103rturie a rela\u021biilor dintre \u021b\u0103rile rom\u00e2ne \u0219i popoarele europene din vecin\u0103tatea imediat\u0103 sau mai \u00eendep\u0103rtat\u0103.<\/p>\n","protected":false},"featured_media":37350,"comment_status":"open","ping_status":"closed","template":"","meta":[],"product_brand":[],"product_cat":[3748,858],"product_tag":[1798,1011],"class_list":{"0":"post-37349","1":"product","2":"type-product","3":"status-publish","4":"has-post-thumbnail","6":"product_cat-filologie-colectii","7":"product_cat-colectia-romanica","8":"product_tag-lexic","9":"product_tag-limba-romana","11":"first","12":"instock","13":"shipping-taxable","14":"purchasable","15":"product-type-simple"},"_links":{"self":[{"href":"https:\/\/editura-unibuc.ro\/en\/wp-json\/wp\/v2\/product\/37349","targetHints":{"allow":["GET"]}}],"collection":[{"href":"https:\/\/editura-unibuc.ro\/en\/wp-json\/wp\/v2\/product"}],"about":[{"href":"https:\/\/editura-unibuc.ro\/en\/wp-json\/wp\/v2\/types\/product"}],"replies":[{"embeddable":true,"href":"https:\/\/editura-unibuc.ro\/en\/wp-json\/wp\/v2\/comments?post=37349"}],"wp:featuredmedia":[{"embeddable":true,"href":"https:\/\/editura-unibuc.ro\/en\/wp-json\/wp\/v2\/media\/37350"}],"wp:attachment":[{"href":"https:\/\/editura-unibuc.ro\/en\/wp-json\/wp\/v2\/media?parent=37349"}],"wp:term":[{"taxonomy":"product_brand","embeddable":true,"href":"https:\/\/editura-unibuc.ro\/en\/wp-json\/wp\/v2\/product_brand?post=37349"},{"taxonomy":"product_cat","embeddable":true,"href":"https:\/\/editura-unibuc.ro\/en\/wp-json\/wp\/v2\/product_cat?post=37349"},{"taxonomy":"product_tag","embeddable":true,"href":"https:\/\/editura-unibuc.ro\/en\/wp-json\/wp\/v2\/product_tag?post=37349"}],"curies":[{"name":"wp","href":"https:\/\/api.w.org\/{rel}","templated":true}]}}